{"id":70181,"date":"2023-01-17T17:25:42","date_gmt":"2023-01-17T16:25:42","guid":{"rendered":"https:\/\/www.inmsol.com\/producto\/dele-a2-nationality\/"},"modified":"2026-03-31T12:37:11","modified_gmt":"2026-03-31T10:37:11","slug":"dele-a2-nationality","status":"publish","type":"product","link":"https:\/\/www.inmsol.com\/pl\/producto\/dele-a2-nationality\/","title":{"rendered":"DELE A2 dla obywatelstwa"},"content":{"rendered":"<p class=\"ds-markdown-paragraph\">Kurs sk\u0142adaj\u0105cy si\u0119 z 2 zaj\u0119\u0107 dziennie, prowadzonych przez egzaminator\u00f3w akredytowanych przez Instituto Cervantes, kt\u00f3rego tre\u015b\u0107 skupia si\u0119 na pracy z oficjalnymi egzaminami DELE (Diploma de Espa\u00f1ol como Lengua Extranjera) na poziomie A2, czyli poziomie wymaganym do uzyskania obywatelstwa hiszpa\u0144skiego:<\/p>\n<ul>\n<li>\n<p class=\"ds-markdown-paragraph\">Rozumienie tekst\u00f3w czytanych<\/p>\n<\/li>\n<li>\n<p class=\"ds-markdown-paragraph\">Wyra\u017canie si\u0119 w pi\u015bmie i interakcja pisemna<\/p>\n<\/li>\n<li>\n<p class=\"ds-markdown-paragraph\">Rozumienie ze s\u0142uchu<\/p>\n<\/li>\n<li>\n<p class=\"ds-markdown-paragraph\">Wyra\u017canie si\u0119 w mowie i interakcja ustna<\/p>\n<\/li>\n<\/ul>\n<p><a href=\"https:\/\/www.inmsol.com\/wp-content\/uploads\/2023\/01\/4.-Curso-extensivo.jpg\" target=\"_blank\" rel=\"noopener\"><img fetchpriority=\"high\" decoding=\"async\" class=\"aligncenter\" title=\"DELE A2 preparation course Granada\" src=\"https:\/\/www.inmsol.com\/wp-content\/uploads\/2023\/01\/4.-Curso-extensivo.jpg\" alt=\"DELE A2 preparation course\" width=\"1010\" height=\"500\" \/><\/a><\/p>\n<p>Zaj\u0119cia prowadzone s\u0105 w ca\u0142o\u015bci w j\u0119zyku hiszpa\u0144skim od pierwszego dnia. W cen\u0119 kursu wliczone s\u0105: test poziomuj\u0105cy online, lekcje od poniedzia\u0142ku do pi\u0105tku, cotygodniowe zaj\u0119cia dodatkowe oraz certyfikat uko\u0144czenia kursu. Ka\u017cda lekcja trwa 45 minut.<\/p>\n<style>\n.btn-descarga {<br \/>    display: inline-block !important;<br \/>    background-color: #ad0228 !important;<br \/>    color: white !important;<br \/>    padding: 8px 16px !important;<br \/>    font-size: 14px !important;<br \/>    font-weight: bold !important;<br \/>    text-decoration: none !important;<br \/>    border-radius: 5px !important;<br \/>    transition: background-color 0.3s ease !important;<br \/>    cursor: pointer !important;<br \/>    border: none !important;<br \/>}<\/p>\n<p>.btn-descarga:hover {<br \/>    background-color: #8b0120 !important;<br \/>    color: white !important;<br \/>    text-decoration: none !important;<br \/>}<br \/><\/style>\n<p><a class=\"btn-descarga\" href=\"https:\/\/www.inmsol.com\/wp-content\/uploads\/2026\/03\/Objetivos_contenidos_cursos-especificos_2026_iNMSOL.pdf\" target=\"_blank\" rel=\"noopener\"><br \/>\n\ud83d\udcc4 Tre\u015b\u0107 kursu<br \/>\n<\/a><\/p>\n<p>&nbsp;<\/p>\n<p><strong>Kurs ten nie obejmuje op\u0142aty za egzamin DELE. <\/strong>Mo\u017cemy jednak pom\u00f3c Ci w zapisaniu si\u0119 na egzamin w naszym centrum.<\/p>\n<p>Sprawd\u017a nasze <a href=\"https:\/\/www.inmsol.com\/pl\/informacje-i-warunki\/\" target=\"_blank\" rel=\"noopener\">warunki uczestnictwa<\/a>!<\/p>\n","protected":false},"excerpt":{"rendered":"<p>DELE preparation course of 10 lessons\/week.<\/p>\n","protected":false},"featured_media":68889,"template":"","meta":{"_acf_changed":false},"product_brand":[],"product_cat":[1014,1241],"product_tag":[],"class_list":{"0":"post-70181","1":"product","2":"type-product","3":"status-publish","4":"has-post-thumbnail","6":"product_cat-a2-pl","7":"product_cat-dele-preparation-pl","9":"first","10":"instock","11":"sold-individually","12":"shipping-taxable","13":"purchasable","14":"product-type-variable"},"acf":[],"yoast_head":"<!-- This site is optimized with the Yoast SEO plugin v27.4 - https:\/\/yoast.com\/product\/yoast-seo-wordpress\/ -->\n<title>DELE A2 dla obywatelstwa | iNMSOL<\/title>\n<meta name=\"description\" content=\"Prepare your DELE A2 exam for nationality with our native teachers! Take advantage of this special offer during the DELE exam week.\" \/>\n<meta name=\"robots\" content=\"index, follow, max-snippet:-1, max-image-preview:large, max-video-preview:-1\" \/>\n<link rel=\"canonical\" href=\"https:\/\/www.inmsol.com\/pl\/producto\/dele-a2-nationality\/\" \/>\n<meta property=\"og:locale\" content=\"pl_PL\" \/>\n<meta property=\"og:type\" content=\"article\" \/>\n<meta property=\"og:title\" content=\"DELE A2 dla obywatelstwa | iNMSOL\" \/>\n<meta property=\"og:description\" content=\"Prepare your DELE A2 exam for nationality with our native teachers! Take advantage of this special offer during the DELE exam week.\" \/>\n<meta property=\"og:url\" content=\"https:\/\/www.inmsol.com\/pl\/producto\/dele-a2-nationality\/\" \/>\n<meta property=\"og:site_name\" content=\"iNMSOL\" \/>\n<meta property=\"article:publisher\" content=\"https:\/\/www.facebook.com\/spanishcourses\" \/>\n<meta property=\"article:modified_time\" content=\"2026-03-31T10:37:11+00:00\" \/>\n<meta property=\"og:image\" content=\"https:\/\/www.inmsol.com\/wp-content\/uploads\/2023\/01\/DELE-A2-nacionalidad.jpg\" \/>\n\t<meta property=\"og:image:width\" content=\"1000\" \/>\n\t<meta property=\"og:image:height\" content=\"1000\" \/>\n\t<meta property=\"og:image:type\" content=\"image\/jpeg\" \/>\n<meta name=\"twitter:label1\" content=\"Szacowany czas czytania\" \/>\n\t<meta name=\"twitter:data1\" content=\"1 minuta\" \/>\n<script type=\"application\/ld+json\" class=\"yoast-schema-graph\">{\"@context\":\"https:\\\/\\\/schema.org\",\"@graph\":[{\"@type\":\"WebPage\",\"@id\":\"https:\\\/\\\/www.inmsol.com\\\/pl\\\/producto\\\/dele-a2-nationality\\\/\",\"url\":\"https:\\\/\\\/www.inmsol.com\\\/pl\\\/producto\\\/dele-a2-nationality\\\/\",\"name\":\"DELE A2 dla obywatelstwa | iNMSOL\",\"isPartOf\":{\"@id\":\"https:\\\/\\\/www.inmsol.com\\\/pl\\\/#website\"},\"primaryImageOfPage\":{\"@id\":\"https:\\\/\\\/www.inmsol.com\\\/pl\\\/producto\\\/dele-a2-nationality\\\/#primaryimage\"},\"image\":{\"@id\":\"https:\\\/\\\/www.inmsol.com\\\/pl\\\/producto\\\/dele-a2-nationality\\\/#primaryimage\"},\"thumbnailUrl\":\"https:\\\/\\\/www.inmsol.com\\\/wp-content\\\/uploads\\\/2023\\\/01\\\/DELE-A2-nacionalidad.jpg\",\"datePublished\":\"2023-01-17T16:25:42+00:00\",\"dateModified\":\"2026-03-31T10:37:11+00:00\",\"description\":\"Prepare your DELE A2 exam for nationality with our native teachers! Take advantage of this special offer during the DELE exam week.\",\"breadcrumb\":{\"@id\":\"https:\\\/\\\/www.inmsol.com\\\/pl\\\/producto\\\/dele-a2-nationality\\\/#breadcrumb\"},\"inLanguage\":\"pl-PL\",\"potentialAction\":[{\"@type\":\"ReadAction\",\"target\":[\"https:\\\/\\\/www.inmsol.com\\\/pl\\\/producto\\\/dele-a2-nationality\\\/\"]}]},{\"@type\":\"ImageObject\",\"inLanguage\":\"pl-PL\",\"@id\":\"https:\\\/\\\/www.inmsol.com\\\/pl\\\/producto\\\/dele-a2-nationality\\\/#primaryimage\",\"url\":\"https:\\\/\\\/www.inmsol.com\\\/wp-content\\\/uploads\\\/2023\\\/01\\\/DELE-A2-nacionalidad.jpg\",\"contentUrl\":\"https:\\\/\\\/www.inmsol.com\\\/wp-content\\\/uploads\\\/2023\\\/01\\\/DELE-A2-nacionalidad.jpg\",\"width\":1000,\"height\":1000},{\"@type\":\"BreadcrumbList\",\"@id\":\"https:\\\/\\\/www.inmsol.com\\\/pl\\\/producto\\\/dele-a2-nationality\\\/#breadcrumb\",\"itemListElement\":[{\"@type\":\"ListItem\",\"position\":1,\"name\":\"Accredited Center by Instituto Cervantes\",\"item\":\"https:\\\/\\\/www.inmsol.com\\\/pl\\\/pagina-ejemplo\\\/\"},{\"@type\":\"ListItem\",\"position\":2,\"name\":\"Kursy\",\"item\":\"https:\\\/\\\/www.inmsol.com\\\/pl\\\/kursy\\\/\"},{\"@type\":\"ListItem\",\"position\":3,\"name\":\"DELE A2 dla obywatelstwa\"}]},{\"@type\":\"WebSite\",\"@id\":\"https:\\\/\\\/www.inmsol.com\\\/pl\\\/#website\",\"url\":\"https:\\\/\\\/www.inmsol.com\\\/pl\\\/\",\"name\":\"iNMSOL\",\"description\":\"Learn Spanish with Us | Cervantes acredited Learning Centre\",\"publisher\":{\"@id\":\"https:\\\/\\\/www.inmsol.com\\\/pl\\\/#organization\"},\"potentialAction\":[{\"@type\":\"SearchAction\",\"target\":{\"@type\":\"EntryPoint\",\"urlTemplate\":\"https:\\\/\\\/www.inmsol.com\\\/pl\\\/?s={search_term_string}\"},\"query-input\":{\"@type\":\"PropertyValueSpecification\",\"valueRequired\":true,\"valueName\":\"search_term_string\"}}],\"inLanguage\":\"pl-PL\"},{\"@type\":\"Organization\",\"@id\":\"https:\\\/\\\/www.inmsol.com\\\/pl\\\/#organization\",\"name\":\"Instituto Mediterr\u00e1neo Sol\",\"url\":\"https:\\\/\\\/www.inmsol.com\\\/pl\\\/\",\"logo\":{\"@type\":\"ImageObject\",\"inLanguage\":\"pl-PL\",\"@id\":\"https:\\\/\\\/www.inmsol.com\\\/pl\\\/#\\\/schema\\\/logo\\\/image\\\/\",\"url\":\"https:\\\/\\\/www.inmsol.com\\\/wp-content\\\/uploads\\\/2023\\\/06\\\/logo-inmsol-1.png\",\"contentUrl\":\"https:\\\/\\\/www.inmsol.com\\\/wp-content\\\/uploads\\\/2023\\\/06\\\/logo-inmsol-1.png\",\"width\":136,\"height\":73,\"caption\":\"Instituto Mediterr\u00e1neo Sol\"},\"image\":{\"@id\":\"https:\\\/\\\/www.inmsol.com\\\/pl\\\/#\\\/schema\\\/logo\\\/image\\\/\"},\"sameAs\":[\"https:\\\/\\\/www.facebook.com\\\/spanishcourses\",\"https:\\\/\\\/x.com\\\/StudyInGranada\",\"http:\\\/\\\/instagram.com\\\/imsolgranada\",\"https:\\\/\\\/es.linkedin.com\\\/company\\\/imsol-granada\",\"https:\\\/\\\/www.pinterest.es\\\/inmsol\\\/\",\"https:\\\/\\\/www.youtube.com\\\/channel\\\/UChz-Qn_7coFMosY85iYMO4g\"]}]}<\/script>\n<!-- \/ Yoast SEO plugin. -->","yoast_head_json":{"title":"DELE A2 dla obywatelstwa | iNMSOL","description":"Prepare your DELE A2 exam for nationality with our native teachers! Take advantage of this special offer during the DELE exam week.","robots":{"index":"index","follow":"follow","max-snippet":"max-snippet:-1","max-image-preview":"max-image-preview:large","max-video-preview":"max-video-preview:-1"},"canonical":"https:\/\/www.inmsol.com\/pl\/producto\/dele-a2-nationality\/","og_locale":"pl_PL","og_type":"article","og_title":"DELE A2 dla obywatelstwa | iNMSOL","og_description":"Prepare your DELE A2 exam for nationality with our native teachers! Take advantage of this special offer during the DELE exam week.","og_url":"https:\/\/www.inmsol.com\/pl\/producto\/dele-a2-nationality\/","og_site_name":"iNMSOL","article_publisher":"https:\/\/www.facebook.com\/spanishcourses","article_modified_time":"2026-03-31T10:37:11+00:00","og_image":[{"width":1000,"height":1000,"url":"https:\/\/www.inmsol.com\/wp-content\/uploads\/2023\/01\/DELE-A2-nacionalidad.jpg","type":"image\/jpeg"}],"twitter_misc":{"Szacowany czas czytania":"1 minuta"},"schema":{"@context":"https:\/\/schema.org","@graph":[{"@type":"WebPage","@id":"https:\/\/www.inmsol.com\/pl\/producto\/dele-a2-nationality\/","url":"https:\/\/www.inmsol.com\/pl\/producto\/dele-a2-nationality\/","name":"DELE A2 dla obywatelstwa | iNMSOL","isPartOf":{"@id":"https:\/\/www.inmsol.com\/pl\/#website"},"primaryImageOfPage":{"@id":"https:\/\/www.inmsol.com\/pl\/producto\/dele-a2-nationality\/#primaryimage"},"image":{"@id":"https:\/\/www.inmsol.com\/pl\/producto\/dele-a2-nationality\/#primaryimage"},"thumbnailUrl":"https:\/\/www.inmsol.com\/wp-content\/uploads\/2023\/01\/DELE-A2-nacionalidad.jpg","datePublished":"2023-01-17T16:25:42+00:00","dateModified":"2026-03-31T10:37:11+00:00","description":"Prepare your DELE A2 exam for nationality with our native teachers! Take advantage of this special offer during the DELE exam week.","breadcrumb":{"@id":"https:\/\/www.inmsol.com\/pl\/producto\/dele-a2-nationality\/#breadcrumb"},"inLanguage":"pl-PL","potentialAction":[{"@type":"ReadAction","target":["https:\/\/www.inmsol.com\/pl\/producto\/dele-a2-nationality\/"]}]},{"@type":"ImageObject","inLanguage":"pl-PL","@id":"https:\/\/www.inmsol.com\/pl\/producto\/dele-a2-nationality\/#primaryimage","url":"https:\/\/www.inmsol.com\/wp-content\/uploads\/2023\/01\/DELE-A2-nacionalidad.jpg","contentUrl":"https:\/\/www.inmsol.com\/wp-content\/uploads\/2023\/01\/DELE-A2-nacionalidad.jpg","width":1000,"height":1000},{"@type":"BreadcrumbList","@id":"https:\/\/www.inmsol.com\/pl\/producto\/dele-a2-nationality\/#breadcrumb","itemListElement":[{"@type":"ListItem","position":1,"name":"Accredited Center by Instituto Cervantes","item":"https:\/\/www.inmsol.com\/pl\/pagina-ejemplo\/"},{"@type":"ListItem","position":2,"name":"Kursy","item":"https:\/\/www.inmsol.com\/pl\/kursy\/"},{"@type":"ListItem","position":3,"name":"DELE A2 dla obywatelstwa"}]},{"@type":"WebSite","@id":"https:\/\/www.inmsol.com\/pl\/#website","url":"https:\/\/www.inmsol.com\/pl\/","name":"iNMSOL","description":"Learn Spanish with Us | Cervantes acredited Learning Centre","publisher":{"@id":"https:\/\/www.inmsol.com\/pl\/#organization"},"potentialAction":[{"@type":"SearchAction","target":{"@type":"EntryPoint","urlTemplate":"https:\/\/www.inmsol.com\/pl\/?s={search_term_string}"},"query-input":{"@type":"PropertyValueSpecification","valueRequired":true,"valueName":"search_term_string"}}],"inLanguage":"pl-PL"},{"@type":"Organization","@id":"https:\/\/www.inmsol.com\/pl\/#organization","name":"Instituto Mediterr\u00e1neo Sol","url":"https:\/\/www.inmsol.com\/pl\/","logo":{"@type":"ImageObject","inLanguage":"pl-PL","@id":"https:\/\/www.inmsol.com\/pl\/#\/schema\/logo\/image\/","url":"https:\/\/www.inmsol.com\/wp-content\/uploads\/2023\/06\/logo-inmsol-1.png","contentUrl":"https:\/\/www.inmsol.com\/wp-content\/uploads\/2023\/06\/logo-inmsol-1.png","width":136,"height":73,"caption":"Instituto Mediterr\u00e1neo Sol"},"image":{"@id":"https:\/\/www.inmsol.com\/pl\/#\/schema\/logo\/image\/"},"sameAs":["https:\/\/www.facebook.com\/spanishcourses","https:\/\/x.com\/StudyInGranada","http:\/\/instagram.com\/imsolgranada","https:\/\/es.linkedin.com\/company\/imsol-granada","https:\/\/www.pinterest.es\/inmsol\/","https:\/\/www.youtube.com\/channel\/UChz-Qn_7coFMosY85iYMO4g"]}]}},"_links":{"self":[{"href":"https:\/\/www.inmsol.com\/pl\/wp-json\/wp\/v2\/product\/70181","targetHints":{"allow":["GET"]}}],"collection":[{"href":"https:\/\/www.inmsol.com\/pl\/wp-json\/wp\/v2\/product"}],"about":[{"href":"https:\/\/www.inmsol.com\/pl\/wp-json\/wp\/v2\/types\/product"}],"wp:featuredmedia":[{"embeddable":true,"href":"https:\/\/www.inmsol.com\/pl\/wp-json\/wp\/v2\/media\/68889"}],"wp:attachment":[{"href":"https:\/\/www.inmsol.com\/pl\/wp-json\/wp\/v2\/media?parent=70181"}],"wp:term":[{"taxonomy":"product_brand","embeddable":true,"href":"https:\/\/www.inmsol.com\/pl\/wp-json\/wp\/v2\/product_brand?post=70181"},{"taxonomy":"product_cat","embeddable":true,"href":"https:\/\/www.inmsol.com\/pl\/wp-json\/wp\/v2\/product_cat?post=70181"},{"taxonomy":"product_tag","embeddable":true,"href":"https:\/\/www.inmsol.com\/pl\/wp-json\/wp\/v2\/product_tag?post=70181"}],"curies":[{"name":"wp","href":"https:\/\/api.w.org\/{rel}","templated":true}]}}