{"id":1459,"date":"2009-05-10T19:39:31","date_gmt":"2009-05-10T19:39:31","guid":{"rendered":"https:\/\/www.inmsol.com\/"},"modified":"2023-10-12T07:07:31","modified_gmt":"2023-10-12T05:07:31","slug":"nasil-ulasilir","status":"publish","type":"page","link":"https:\/\/www.inmsol.com\/tr\/granada-dil-okulu\/nasil-ulasilir\/","title":{"rendered":"Nas\u0131l Ula\u015f\u0131l\u0131r"},"content":{"rendered":"\t\t<div data-elementor-type=\"wp-page\" data-elementor-id=\"1459\" class=\"elementor elementor-1459 elementor-1453\" data-elementor-post-type=\"page\">\n\t\t\t\t\t\t<section class=\"elementor-section elementor-top-section elementor-element elementor-element-4815929 elementor-section-full_width elementor-section-height-min-height elementor-section-stretched elementor-section-height-default elementor-section-items-middle parallax_section_no qode_elementor_container_no\" data-id=\"4815929\" data-element_type=\"section\" data-settings=\"{&quot;stretch_section&quot;:&quot;section-stretched&quot;,&quot;background_background&quot;:&quot;classic&quot;}\">\n\t\t\t\t\t\t\t<div class=\"elementor-background-overlay\"><\/div>\n\t\t\t\t\t\t\t<div class=\"elementor-container elementor-column-gap-no\">\n\t\t\t\t\t<div class=\"elementor-column elementor-col-100 elementor-top-column elementor-element elementor-element-92db0c1\" data-id=\"92db0c1\" data-element_type=\"column\">\n\t\t\t<div class=\"elementor-widget-wrap elementor-element-populated\">\n\t\t\t\t\t\t<section class=\"elementor-section elementor-inner-section elementor-element elementor-element-9b02da8 elementor-section-boxed elementor-section-height-default elementor-section-height-default parallax_section_no qode_elementor_container_no\" data-id=\"9b02da8\" data-element_type=\"section\">\n\t\t\t\t\t\t<div class=\"elementor-container elementor-column-gap-default\">\n\t\t\t\t\t<div class=\"elementor-column elementor-col-100 elementor-inner-column elementor-element elementor-element-e29c79d\" data-id=\"e29c79d\" data-element_type=\"column\">\n\t\t\t<div class=\"elementor-widget-wrap elementor-element-populated\">\n\t\t\t\t\t\t\t<\/div>\n\t\t<\/div>\n\t\t\t\t\t<\/div>\n\t\t<\/section>\n\t\t\t\t\t<\/div>\n\t\t<\/div>\n\t\t\t\t\t<\/div>\n\t\t<\/section>\n\t\t\t\t<section class=\"elementor-section elementor-top-section elementor-element elementor-element-e544ca1 elementor-section-full_width elementor-section-stretched elementor-section-height-default elementor-section-height-default parallax_section_no qode_elementor_container_no\" data-id=\"e544ca1\" data-element_type=\"section\" data-settings=\"{&quot;stretch_section&quot;:&quot;section-stretched&quot;,&quot;background_background&quot;:&quot;classic&quot;}\">\n\t\t\t\t\t\t<div class=\"elementor-container elementor-column-gap-default\">\n\t\t\t\t\t<div class=\"elementor-column elementor-col-100 elementor-top-column elementor-element elementor-element-e37f8c1\" data-id=\"e37f8c1\" data-element_type=\"column\">\n\t\t\t<div class=\"elementor-widget-wrap elementor-element-populated\">\n\t\t\t\t\t\t<section class=\"elementor-section elementor-inner-section elementor-element elementor-element-d444091 elementor-section-boxed elementor-section-height-default elementor-section-height-default parallax_section_no qode_elementor_container_no\" data-id=\"d444091\" data-element_type=\"section\">\n\t\t\t\t\t\t<div class=\"elementor-container elementor-column-gap-default\">\n\t\t\t\t\t<div class=\"elementor-column elementor-col-100 elementor-inner-column elementor-element elementor-element-e04e215\" data-id=\"e04e215\" data-element_type=\"column\">\n\t\t\t<div class=\"elementor-widget-wrap elementor-element-populated\">\n\t\t\t\t\t\t<div class=\"elementor-element elementor-element-e60b1c1 elementor-widget elementor-widget-heading\" data-id=\"e60b1c1\" data-element_type=\"widget\" data-widget_type=\"heading.default\">\n\t\t\t\t<div class=\"elementor-widget-container\">\n\t\t\t\t\t<h2 class=\"elementor-heading-title elementor-size-default\">Granada ve Instituto Mediterr\u00e1neo Sol'a nas\u0131l ula\u015f\u0131l\u0131r<\/h2>\t\t\t\t<\/div>\n\t\t\t\t<\/div>\n\t\t\t\t<div class=\"elementor-element elementor-element-167e6bd elementor-widget elementor-widget-heading\" data-id=\"167e6bd\" data-element_type=\"widget\" data-widget_type=\"heading.default\">\n\t\t\t\t<div class=\"elementor-widget-container\">\n\t\t\t\t\t<h3 class=\"elementor-heading-title elementor-size-default\">iNMSOL<\/h3>\t\t\t\t<\/div>\n\t\t\t\t<\/div>\n\t\t\t\t<div class=\"elementor-element elementor-element-a536fa1 elementor-widget elementor-widget-html\" data-id=\"a536fa1\" data-element_type=\"widget\" data-widget_type=\"html.default\">\n\t\t\t\t<div class=\"elementor-widget-container\">\n\t\t\t\t\t<iframe src=\"https:\/\/www.google.com\/maps\/embed?pb=!1m14!1m8!1m3!1d6358.41487063554!2d-3.5955839999999997!3d37.171541!3m2!1i1024!2i768!4f13.1!3m3!1m2!1s0xd71fcbb91476dc1%3A0xe12797013ed25918!2sEscuela%20de%20espa%C3%B1ol%20iNMSOL%20Granada!5e0!3m2!1ses!2ses!4v1687934812863!5m2!1ses!2ses\" width=\"600\" height=\"550\" style=\"border:0;\" allowfullscreen=\"\" loading=\"lazy\" referrerpolicy=\"no-referrer-when-downgrade\"><\/iframe>\t\t\t\t<\/div>\n\t\t\t\t<\/div>\n\t\t\t\t\t<\/div>\n\t\t<\/div>\n\t\t\t\t\t<\/div>\n\t\t<\/section>\n\t\t\t\t\t<\/div>\n\t\t<\/div>\n\t\t\t\t\t<\/div>\n\t\t<\/section>\n\t\t\t\t<section class=\"elementor-section elementor-top-section elementor-element elementor-element-3c0da7f elementor-section-boxed elementor-section-height-default elementor-section-height-default parallax_section_no qode_elementor_container_no\" data-id=\"3c0da7f\" data-element_type=\"section\" data-settings=\"{&quot;background_background&quot;:&quot;classic&quot;}\">\n\t\t\t\t\t\t<div class=\"elementor-container elementor-column-gap-default\">\n\t\t\t\t\t<div class=\"elementor-column elementor-col-100 elementor-top-column elementor-element elementor-element-62542bf\" data-id=\"62542bf\" data-element_type=\"column\">\n\t\t\t<div class=\"elementor-widget-wrap elementor-element-populated\">\n\t\t\t\t\t\t<div class=\"elementor-element elementor-element-68c02f9 elementor-widget elementor-widget-text-editor\" data-id=\"68c02f9\" data-element_type=\"widget\" data-widget_type=\"text-editor.default\">\n\t\t\t\t<div class=\"elementor-widget-container\">\n\t\t\t\t\t\t\t\t\t<p><small>Ver Instituto Mediterr\u00e1neo Sol en un mapa m\u00e1s grande<\/small><\/p>\t\t\t\t\t\t\t\t<\/div>\n\t\t\t\t<\/div>\n\t\t\t\t<section class=\"elementor-section elementor-inner-section elementor-element elementor-element-84e1d53 elementor-section-boxed elementor-section-height-default elementor-section-height-default parallax_section_no qode_elementor_container_no\" data-id=\"84e1d53\" data-element_type=\"section\">\n\t\t\t\t\t\t<div class=\"elementor-container elementor-column-gap-default\">\n\t\t\t\t\t<div class=\"elementor-column elementor-col-50 elementor-inner-column elementor-element elementor-element-c312286\" data-id=\"c312286\" data-element_type=\"column\">\n\t\t\t<div class=\"elementor-widget-wrap elementor-element-populated\">\n\t\t\t\t\t\t<div class=\"elementor-element elementor-element-a1fc07b elementor-widget elementor-widget-heading\" data-id=\"a1fc07b\" data-element_type=\"widget\" data-widget_type=\"heading.default\">\n\t\t\t\t<div class=\"elementor-widget-container\">\n\t\t\t\t\t<h4 class=\"elementor-heading-title elementor-size-default\">U\u00e7akla ( Granada \u2013 Malaga ve Almeria Havaalanlar\u0131 yak\u0131n)<\/h4>\t\t\t\t<\/div>\n\t\t\t\t<\/div>\n\t\t\t\t<div class=\"elementor-element elementor-element-cf7e8e8 elementor-widget elementor-widget-text-editor\" data-id=\"cf7e8e8\" data-element_type=\"widget\" data-widget_type=\"text-editor.default\">\n\t\t\t\t<div class=\"elementor-widget-container\">\n\t\t\t\t\t\t\t\t\t<p><a href=\"http:\/\/www.aena.es\/\" target=\"_blank\" rel=\"noopener noreferrer\">www.aena.es<\/a><\/p><p>Granada\u2019ya direkt u\u00e7u\u015flar:<\/p><p><a href=\"http:\/\/www.ryanair.com\/\" target=\"_blank\" rel=\"noopener noreferrer\">www.ryanair.com<\/a><\/p><p>A\u015fa\u011f\u0131da ki \u015fehirlerden direkt u\u00e7u\u015flar East Midlands (EMA); Frankfurt (Hahn) (HHN); Liverpool (LPL); London (Stansted) (STN); Milan (Bergamo) (BGY).<\/p><p><a href=\"https:\/\/www.loveholidays.com\/flights\/\" target=\"_blank\" rel=\"noopener noreferrer\">www.flymonarch.com<\/a><\/p><p>Londra\u2019dan direkt u\u00e7u\u015flar<\/p><p><a href=\"http:\/\/www.vueling.com\/es\" target=\"_blank\" rel=\"noopener noreferrer\">www.vueling.es<\/a><br \/>Madrid ve Barselona\u2019dan ucuz u\u00e7u\u015flar<\/p>\t\t\t\t\t\t\t\t<\/div>\n\t\t\t\t<\/div>\n\t\t\t\t\t<\/div>\n\t\t<\/div>\n\t\t\t\t<div class=\"elementor-column elementor-col-50 elementor-inner-column elementor-element elementor-element-778b040\" data-id=\"778b040\" data-element_type=\"column\">\n\t\t\t<div class=\"elementor-widget-wrap elementor-element-populated\">\n\t\t\t\t\t\t<div class=\"elementor-element elementor-element-71ad854 elementor-widget elementor-widget-text-editor\" data-id=\"71ad854\" data-element_type=\"widget\" data-widget_type=\"text-editor.default\">\n\t\t\t\t<div class=\"elementor-widget-container\">\n\t\t\t\t\t\t\t\t\t<p><b>Otob\u00fcsler:<\/b><\/p><p>Malaga, Madrid, ve Almeria\u2019dan , veya Granada\u2019ya direkt<br \/><a href=\"https:\/\/web.archive.org\/web\/20211127090718\/https:\/\/www.alsa.es\/\" target=\"_blank\" rel=\"noopener noreferrer\">www.alsa.es<\/a><\/p><p>Granada Otob\u00fcs Terminali: +34 958 185480<\/p><p><strong>Tren<\/strong>\u00a0( Sadece Granada\u2019ya ):<\/p><p><a href=\"http:\/\/www.renfe.es\/\" target=\"_blank\" rel=\"noopener noreferrer\">www.renfe.es<\/a><\/p>\t\t\t\t\t\t\t\t<\/div>\n\t\t\t\t<\/div>\n\t\t\t\t\t<\/div>\n\t\t<\/div>\n\t\t\t\t\t<\/div>\n\t\t<\/section>\n\t\t\t\t\t<\/div>\n\t\t<\/div>\n\t\t\t\t\t<\/div>\n\t\t<\/section>\n\t\t\t\t<\/div>\n\t\t","protected":false},"excerpt":{"rendered":"<p>Granada ve Instituto Mediterr\u00e1neo Sol&#8217;a nas\u0131l ula\u015f\u0131l\u0131r iNMSOL Ver Instituto Mediterr\u00e1neo Sol en un mapa m\u00e1s grande U\u00e7akla ( Granada \u2013 Malaga ve Almeria Havaalanlar\u0131 yak\u0131n) www.aena.es Granada\u2019ya direkt u\u00e7u\u015flar: www.ryanair.com A\u015fa\u011f\u0131da ki \u015fehirlerden direkt u\u00e7u\u015flar East Midlands (EMA); Frankfurt (Hahn) (HHN); Liverpool (LPL); London&#8230;<\/p>\n","protected":false},"author":2,"featured_media":0,"parent":1405,"menu_order":0,"comment_status":"closed","ping_status":"closed","template":"","meta":{"_acf_changed":false,"footnotes":""},"class_list":["post-1459","page","type-page","status-publish","hentry"],"acf":[],"yoast_head":"<!-- This site is optimized with the Yoast SEO plugin v27.4 - https:\/\/yoast.com\/product\/yoast-seo-wordpress\/ -->\n<title>Nas\u0131l ula\u015f\u0131l\u0131r | \u0130spanya\u2019da ispanyolca \u00f6\u011frenmek, \u0130spanya haritas\u0131 | INMSOL<\/title>\n<meta name=\"description\" content=\"Granada ulasmak icin cesitla alternatifler: Tren, ucak, otobus.\" \/>\n<meta name=\"robots\" content=\"index, follow, max-snippet:-1, max-image-preview:large, max-video-preview:-1\" \/>\n<link rel=\"canonical\" href=\"https:\/\/www.inmsol.com\/tr\/granada-dil-okulu\/nasil-ulasilir\/\" \/>\n<meta property=\"og:locale\" content=\"tr_TR\" \/>\n<meta property=\"og:type\" content=\"article\" \/>\n<meta property=\"og:title\" content=\"Nas\u0131l ula\u015f\u0131l\u0131r | \u0130spanya\u2019da ispanyolca \u00f6\u011frenmek, \u0130spanya haritas\u0131 | INMSOL\" \/>\n<meta property=\"og:description\" content=\"Granada ulasmak icin cesitla alternatifler: Tren, ucak, otobus.\" \/>\n<meta property=\"og:url\" content=\"https:\/\/www.inmsol.com\/tr\/granada-dil-okulu\/nasil-ulasilir\/\" \/>\n<meta property=\"og:site_name\" content=\"iNMSOL\" \/>\n<meta property=\"article:publisher\" content=\"https:\/\/www.facebook.com\/spanishcourses\" \/>\n<meta property=\"article:modified_time\" content=\"2023-10-12T05:07:31+00:00\" \/>\n<meta property=\"og:image\" content=\"https:\/\/www.inmsol.com\/wp-content\/uploads\/2019\/08\/logo-inmsol.png\" \/>\n\t<meta property=\"og:image:width\" content=\"320\" \/>\n\t<meta property=\"og:image:height\" content=\"154\" \/>\n\t<meta property=\"og:image:type\" content=\"image\/png\" \/>\n<meta name=\"twitter:label1\" content=\"Tahmini okuma s\u00fcresi\" \/>\n\t<meta name=\"twitter:data1\" content=\"1 dakika\" \/>\n<script type=\"application\/ld+json\" class=\"yoast-schema-graph\">{\"@context\":\"https:\\\/\\\/schema.org\",\"@graph\":[{\"@type\":\"WebPage\",\"@id\":\"https:\\\/\\\/www.inmsol.com\\\/tr\\\/granada-dil-okulu\\\/nasil-ulasilir\\\/\",\"url\":\"https:\\\/\\\/www.inmsol.com\\\/tr\\\/granada-dil-okulu\\\/nasil-ulasilir\\\/\",\"name\":\"Nas\u0131l ula\u015f\u0131l\u0131r | \u0130spanya\u2019da ispanyolca \u00f6\u011frenmek, \u0130spanya haritas\u0131 | INMSOL\",\"isPartOf\":{\"@id\":\"https:\\\/\\\/www.inmsol.com\\\/tr\\\/#website\"},\"datePublished\":\"2009-05-10T19:39:31+00:00\",\"dateModified\":\"2023-10-12T05:07:31+00:00\",\"description\":\"Granada ulasmak icin cesitla alternatifler: Tren, ucak, otobus.\",\"breadcrumb\":{\"@id\":\"https:\\\/\\\/www.inmsol.com\\\/tr\\\/granada-dil-okulu\\\/nasil-ulasilir\\\/#breadcrumb\"},\"inLanguage\":\"tr\",\"potentialAction\":[{\"@type\":\"ReadAction\",\"target\":[\"https:\\\/\\\/www.inmsol.com\\\/tr\\\/granada-dil-okulu\\\/nasil-ulasilir\\\/\"]}]},{\"@type\":\"BreadcrumbList\",\"@id\":\"https:\\\/\\\/www.inmsol.com\\\/tr\\\/granada-dil-okulu\\\/nasil-ulasilir\\\/#breadcrumb\",\"itemListElement\":[{\"@type\":\"ListItem\",\"position\":1,\"name\":\"Accredited Center by Instituto Cervantes\",\"item\":\"https:\\\/\\\/www.inmsol.com\\\/tr\\\/pagina-ejemplo\\\/\"},{\"@type\":\"ListItem\",\"position\":2,\"name\":\"GRANADA \u0130SPANYOLCA D\u0130L OKULU\",\"item\":\"https:\\\/\\\/www.inmsol.com\\\/tr\\\/granada-dil-okulu\\\/\"},{\"@type\":\"ListItem\",\"position\":3,\"name\":\"Nas\u0131l Ula\u015f\u0131l\u0131r\"}]},{\"@type\":\"WebSite\",\"@id\":\"https:\\\/\\\/www.inmsol.com\\\/tr\\\/#website\",\"url\":\"https:\\\/\\\/www.inmsol.com\\\/tr\\\/\",\"name\":\"iNMSOL\",\"description\":\"Learn Spanish with Us | Cervantes acredited Learning Centre\",\"publisher\":{\"@id\":\"https:\\\/\\\/www.inmsol.com\\\/tr\\\/#organization\"},\"potentialAction\":[{\"@type\":\"SearchAction\",\"target\":{\"@type\":\"EntryPoint\",\"urlTemplate\":\"https:\\\/\\\/www.inmsol.com\\\/tr\\\/?s={search_term_string}\"},\"query-input\":{\"@type\":\"PropertyValueSpecification\",\"valueRequired\":true,\"valueName\":\"search_term_string\"}}],\"inLanguage\":\"tr\"},{\"@type\":\"Organization\",\"@id\":\"https:\\\/\\\/www.inmsol.com\\\/tr\\\/#organization\",\"name\":\"Instituto Mediterr\u00e1neo Sol\",\"url\":\"https:\\\/\\\/www.inmsol.com\\\/tr\\\/\",\"logo\":{\"@type\":\"ImageObject\",\"inLanguage\":\"tr\",\"@id\":\"https:\\\/\\\/www.inmsol.com\\\/tr\\\/#\\\/schema\\\/logo\\\/image\\\/\",\"url\":\"https:\\\/\\\/www.inmsol.com\\\/wp-content\\\/uploads\\\/2023\\\/06\\\/logo-inmsol-1.png\",\"contentUrl\":\"https:\\\/\\\/www.inmsol.com\\\/wp-content\\\/uploads\\\/2023\\\/06\\\/logo-inmsol-1.png\",\"width\":136,\"height\":73,\"caption\":\"Instituto Mediterr\u00e1neo Sol\"},\"image\":{\"@id\":\"https:\\\/\\\/www.inmsol.com\\\/tr\\\/#\\\/schema\\\/logo\\\/image\\\/\"},\"sameAs\":[\"https:\\\/\\\/www.facebook.com\\\/spanishcourses\",\"https:\\\/\\\/x.com\\\/StudyInGranada\",\"http:\\\/\\\/instagram.com\\\/imsolgranada\",\"https:\\\/\\\/es.linkedin.com\\\/company\\\/imsol-granada\",\"https:\\\/\\\/www.pinterest.es\\\/inmsol\\\/\",\"https:\\\/\\\/www.youtube.com\\\/channel\\\/UChz-Qn_7coFMosY85iYMO4g\"]}]}<\/script>\n<!-- \/ Yoast SEO plugin. -->","yoast_head_json":{"title":"Nas\u0131l ula\u015f\u0131l\u0131r | \u0130spanya\u2019da ispanyolca \u00f6\u011frenmek, \u0130spanya haritas\u0131 | INMSOL","description":"Granada ulasmak icin cesitla alternatifler: Tren, ucak, otobus.","robots":{"index":"index","follow":"follow","max-snippet":"max-snippet:-1","max-image-preview":"max-image-preview:large","max-video-preview":"max-video-preview:-1"},"canonical":"https:\/\/www.inmsol.com\/tr\/granada-dil-okulu\/nasil-ulasilir\/","og_locale":"tr_TR","og_type":"article","og_title":"Nas\u0131l ula\u015f\u0131l\u0131r | \u0130spanya\u2019da ispanyolca \u00f6\u011frenmek, \u0130spanya haritas\u0131 | INMSOL","og_description":"Granada ulasmak icin cesitla alternatifler: Tren, ucak, otobus.","og_url":"https:\/\/www.inmsol.com\/tr\/granada-dil-okulu\/nasil-ulasilir\/","og_site_name":"iNMSOL","article_publisher":"https:\/\/www.facebook.com\/spanishcourses","article_modified_time":"2023-10-12T05:07:31+00:00","og_image":[{"width":320,"height":154,"url":"https:\/\/www.inmsol.com\/wp-content\/uploads\/2019\/08\/logo-inmsol.png","type":"image\/png"}],"twitter_misc":{"Tahmini okuma s\u00fcresi":"1 dakika"},"schema":{"@context":"https:\/\/schema.org","@graph":[{"@type":"WebPage","@id":"https:\/\/www.inmsol.com\/tr\/granada-dil-okulu\/nasil-ulasilir\/","url":"https:\/\/www.inmsol.com\/tr\/granada-dil-okulu\/nasil-ulasilir\/","name":"Nas\u0131l ula\u015f\u0131l\u0131r | \u0130spanya\u2019da ispanyolca \u00f6\u011frenmek, \u0130spanya haritas\u0131 | INMSOL","isPartOf":{"@id":"https:\/\/www.inmsol.com\/tr\/#website"},"datePublished":"2009-05-10T19:39:31+00:00","dateModified":"2023-10-12T05:07:31+00:00","description":"Granada ulasmak icin cesitla alternatifler: Tren, ucak, otobus.","breadcrumb":{"@id":"https:\/\/www.inmsol.com\/tr\/granada-dil-okulu\/nasil-ulasilir\/#breadcrumb"},"inLanguage":"tr","potentialAction":[{"@type":"ReadAction","target":["https:\/\/www.inmsol.com\/tr\/granada-dil-okulu\/nasil-ulasilir\/"]}]},{"@type":"BreadcrumbList","@id":"https:\/\/www.inmsol.com\/tr\/granada-dil-okulu\/nasil-ulasilir\/#breadcrumb","itemListElement":[{"@type":"ListItem","position":1,"name":"Accredited Center by Instituto Cervantes","item":"https:\/\/www.inmsol.com\/tr\/pagina-ejemplo\/"},{"@type":"ListItem","position":2,"name":"GRANADA \u0130SPANYOLCA D\u0130L OKULU","item":"https:\/\/www.inmsol.com\/tr\/granada-dil-okulu\/"},{"@type":"ListItem","position":3,"name":"Nas\u0131l Ula\u015f\u0131l\u0131r"}]},{"@type":"WebSite","@id":"https:\/\/www.inmsol.com\/tr\/#website","url":"https:\/\/www.inmsol.com\/tr\/","name":"iNMSOL","description":"Learn Spanish with Us | Cervantes acredited Learning Centre","publisher":{"@id":"https:\/\/www.inmsol.com\/tr\/#organization"},"potentialAction":[{"@type":"SearchAction","target":{"@type":"EntryPoint","urlTemplate":"https:\/\/www.inmsol.com\/tr\/?s={search_term_string}"},"query-input":{"@type":"PropertyValueSpecification","valueRequired":true,"valueName":"search_term_string"}}],"inLanguage":"tr"},{"@type":"Organization","@id":"https:\/\/www.inmsol.com\/tr\/#organization","name":"Instituto Mediterr\u00e1neo Sol","url":"https:\/\/www.inmsol.com\/tr\/","logo":{"@type":"ImageObject","inLanguage":"tr","@id":"https:\/\/www.inmsol.com\/tr\/#\/schema\/logo\/image\/","url":"https:\/\/www.inmsol.com\/wp-content\/uploads\/2023\/06\/logo-inmsol-1.png","contentUrl":"https:\/\/www.inmsol.com\/wp-content\/uploads\/2023\/06\/logo-inmsol-1.png","width":136,"height":73,"caption":"Instituto Mediterr\u00e1neo Sol"},"image":{"@id":"https:\/\/www.inmsol.com\/tr\/#\/schema\/logo\/image\/"},"sameAs":["https:\/\/www.facebook.com\/spanishcourses","https:\/\/x.com\/StudyInGranada","http:\/\/instagram.com\/imsolgranada","https:\/\/es.linkedin.com\/company\/imsol-granada","https:\/\/www.pinterest.es\/inmsol\/","https:\/\/www.youtube.com\/channel\/UChz-Qn_7coFMosY85iYMO4g"]}]}},"_links":{"self":[{"href":"https:\/\/www.inmsol.com\/tr\/wp-json\/wp\/v2\/pages\/1459","targetHints":{"allow":["GET"]}}],"collection":[{"href":"https:\/\/www.inmsol.com\/tr\/wp-json\/wp\/v2\/pages"}],"about":[{"href":"https:\/\/www.inmsol.com\/tr\/wp-json\/wp\/v2\/types\/page"}],"author":[{"embeddable":true,"href":"https:\/\/www.inmsol.com\/tr\/wp-json\/wp\/v2\/users\/2"}],"replies":[{"embeddable":true,"href":"https:\/\/www.inmsol.com\/tr\/wp-json\/wp\/v2\/comments?post=1459"}],"version-history":[{"count":0,"href":"https:\/\/www.inmsol.com\/tr\/wp-json\/wp\/v2\/pages\/1459\/revisions"}],"up":[{"embeddable":true,"href":"https:\/\/www.inmsol.com\/tr\/wp-json\/wp\/v2\/pages\/1405"}],"wp:attachment":[{"href":"https:\/\/www.inmsol.com\/tr\/wp-json\/wp\/v2\/media?parent=1459"}],"curies":[{"name":"wp","href":"https:\/\/api.w.org\/{rel}","templated":true}]}}