{"id":1576,"date":"2009-08-05T03:52:35","date_gmt":"2009-08-05T03:52:35","guid":{"rendered":"https:\/\/www.inmsol.com\/"},"modified":"2023-07-06T00:23:20","modified_gmt":"2023-07-05T22:23:20","slug":"idari-kurallar","status":"publish","type":"page","link":"https:\/\/www.inmsol.com\/tr\/granada-dil-okulu\/idari-kurallar\/","title":{"rendered":"\u0130DAR\u0130 KURALLAR"},"content":{"rendered":"\t\t<div data-elementor-type=\"wp-page\" data-elementor-id=\"1576\" class=\"elementor elementor-1576 elementor-1571\" data-elementor-post-type=\"page\">\n\t\t\t\t\t\t<section class=\"elementor-section elementor-top-section elementor-element elementor-element-979dd94 elementor-section-full_width elementor-section-height-min-height elementor-section-stretched elementor-section-height-default elementor-section-items-middle parallax_section_no qode_elementor_container_no\" data-id=\"979dd94\" data-element_type=\"section\" data-settings=\"{&quot;stretch_section&quot;:&quot;section-stretched&quot;,&quot;background_background&quot;:&quot;classic&quot;}\">\n\t\t\t\t\t\t\t<div class=\"elementor-background-overlay\"><\/div>\n\t\t\t\t\t\t\t<div class=\"elementor-container elementor-column-gap-no\">\n\t\t\t\t\t<div class=\"elementor-column elementor-col-100 elementor-top-column elementor-element elementor-element-29c6615\" data-id=\"29c6615\" data-element_type=\"column\">\n\t\t\t<div class=\"elementor-widget-wrap elementor-element-populated\">\n\t\t\t\t\t\t<section class=\"elementor-section elementor-inner-section elementor-element elementor-element-ad9eec2 elementor-section-boxed elementor-section-height-default elementor-section-height-default parallax_section_no qode_elementor_container_no\" data-id=\"ad9eec2\" data-element_type=\"section\">\n\t\t\t\t\t\t<div class=\"elementor-container elementor-column-gap-default\">\n\t\t\t\t\t<div class=\"elementor-column elementor-col-100 elementor-inner-column elementor-element elementor-element-b023b06\" data-id=\"b023b06\" data-element_type=\"column\">\n\t\t\t<div class=\"elementor-widget-wrap elementor-element-populated\">\n\t\t\t\t\t\t\t<\/div>\n\t\t<\/div>\n\t\t\t\t\t<\/div>\n\t\t<\/section>\n\t\t\t\t\t<\/div>\n\t\t<\/div>\n\t\t\t\t\t<\/div>\n\t\t<\/section>\n\t\t\t\t<section class=\"elementor-section elementor-top-section elementor-element elementor-element-aa1147f elementor-section-boxed elementor-section-height-default elementor-section-height-default parallax_section_no qode_elementor_container_no\" data-id=\"aa1147f\" data-element_type=\"section\">\n\t\t\t\t\t\t<div class=\"elementor-container elementor-column-gap-default\">\n\t\t\t\t\t<div class=\"elementor-column elementor-col-100 elementor-top-column elementor-element elementor-element-9c3a793\" data-id=\"9c3a793\" data-element_type=\"column\">\n\t\t\t<div class=\"elementor-widget-wrap elementor-element-populated\">\n\t\t\t\t\t\t<div class=\"elementor-element elementor-element-fdfb3b9 elementor-widget elementor-widget-heading\" data-id=\"fdfb3b9\" data-element_type=\"widget\" data-widget_type=\"heading.default\">\n\t\t\t\t<div class=\"elementor-widget-container\">\n\t\t\t\t\t<h2 class=\"elementor-heading-title elementor-size-default\">\u0130DAR\u0130 KURALLAR\n\n<\/h2>\t\t\t\t<\/div>\n\t\t\t\t<\/div>\n\t\t\t\t<div class=\"elementor-element elementor-element-44ec3e4 elementor-widget elementor-widget-text-editor\" data-id=\"44ec3e4\" data-element_type=\"widget\" data-widget_type=\"text-editor.default\">\n\t\t\t\t<div class=\"elementor-widget-container\">\n\t\t\t\t\t\t\t\t\t<p>K\u00fc\u00e7\u00fcklerle ilgili kay\u0131t formunu\u00a0<a href=\"https:\/\/www.inmsol.com\/tr\/downloads\/brochures\/form%20for%20underage.pdf\">indirebilirsiniz.<\/a><\/p>\t\t\t\t\t\t\t\t<\/div>\n\t\t\t\t<\/div>\n\t\t\t\t\t<\/div>\n\t\t<\/div>\n\t\t\t\t\t<\/div>\n\t\t<\/section>\n\t\t\t\t<section class=\"elementor-section elementor-top-section elementor-element elementor-element-6b4ba02 elementor-section-boxed elementor-section-height-default elementor-section-height-default parallax_section_no qode_elementor_container_no\" data-id=\"6b4ba02\" data-element_type=\"section\">\n\t\t\t\t\t\t<div class=\"elementor-container elementor-column-gap-default\">\n\t\t\t\t\t<div class=\"elementor-column elementor-col-50 elementor-top-column elementor-element elementor-element-a6a2ffe\" data-id=\"a6a2ffe\" data-element_type=\"column\">\n\t\t\t<div class=\"elementor-widget-wrap elementor-element-populated\">\n\t\t\t\t\t\t<div class=\"elementor-element elementor-element-bfe9f6e elementor-widget elementor-widget-heading\" data-id=\"bfe9f6e\" data-element_type=\"widget\" data-widget_type=\"heading.default\">\n\t\t\t\t<div class=\"elementor-widget-container\">\n\t\t\t\t\t<h3 class=\"elementor-heading-title elementor-size-default\">KANUNLAR<\/h3>\t\t\t\t<\/div>\n\t\t\t\t<\/div>\n\t\t\t\t<div class=\"elementor-element elementor-element-42a13eb elementor-widget elementor-widget-text-editor\" data-id=\"42a13eb\" data-element_type=\"widget\" data-widget_type=\"text-editor.default\">\n\t\t\t\t<div class=\"elementor-widget-container\">\n\t\t\t\t\t\t\t\t\t<ul><li>\u00d6\u011frenci \u00fclkenin kanunlar\u0131n\u0131 kabul etmek ve ona uygun davranmak zorundad\u0131r. Ayn\u0131 zamanda geleneklerine de uyum sa\u011flam zorundad\u0131r.<\/li><li>\u0130spanyol Kanunlar\u0131 18 ya\u015f\u0131ndan k\u00fc\u00e7\u00fcklerin alkol t\u00fcketimini ve yine uyu\u015fturucu kullanmay\u0131 yasaklam\u0131\u015ft\u0131r. Bu kanuna ayk\u0131r\u0131 davran\u0131l\u0131rsa \u00f6ncelikle \u00f6\u011frenci kanunun \u00f6ng\u00f6rd\u00fc\u011f\u00fc yeti\u015fkinler i\u00e7in bir programa tabi k\u0131l\u0131n\u0131r ve \u00fclkesine geri g\u00f6nderilir.<\/li><\/ul>\t\t\t\t\t\t\t\t<\/div>\n\t\t\t\t<\/div>\n\t\t\t\t\t<\/div>\n\t\t<\/div>\n\t\t\t\t<div class=\"elementor-column elementor-col-50 elementor-top-column elementor-element elementor-element-e0821c3\" data-id=\"e0821c3\" data-element_type=\"column\">\n\t\t\t<div class=\"elementor-widget-wrap elementor-element-populated\">\n\t\t\t\t\t\t<div class=\"elementor-element elementor-element-f90b08b elementor-widget elementor-widget-heading\" data-id=\"f90b08b\" data-element_type=\"widget\" data-widget_type=\"heading.default\">\n\t\t\t\t<div class=\"elementor-widget-container\">\n\t\t\t\t\t<h3 class=\"elementor-heading-title elementor-size-default\">A\u0130LE \u0130\u00c7\u0130NDE\n\n<\/h3>\t\t\t\t<\/div>\n\t\t\t\t<\/div>\n\t\t\t\t<div class=\"elementor-element elementor-element-af9f756 elementor-widget elementor-widget-text-editor\" data-id=\"af9f756\" data-element_type=\"widget\" data-widget_type=\"text-editor.default\">\n\t\t\t\t<div class=\"elementor-widget-container\">\n\t\t\t\t\t\t\t\t\t<ul><li>Aile yan\u0131nda kalan \u00f6\u011frenciler, ailelerin geleneklerinden, beraber ya\u015fama ve evi payla\u015fmaya y\u00f6nelik kurallar\u0131na bir aile atmosferi i\u00e7inde uymak ve sayg\u0131 g\u00f6stermek zorundad\u0131rlar.<\/li><li>\u00d6\u011frenciler aile ya\u015fam\u0131na uygun davran\u0131\u015flar i\u00e7inde olmak zorundad\u0131rlar.<\/li><li>\u00d6\u011frenci ailenin gelenek ve al\u0131\u015fkanl\u0131klar\u0131na uymak ve sayg\u0131 g\u00f6stermek zorundad\u0131r. Yemek saatleri, okuldan geli\u015f \u2013 gidi\u015f ve ak\u015fam eve var\u0131\u015f saatlerine dikkat etmek zorundad\u0131r.<\/li><li>Gece eve var\u0131\u015f saati hafta sonlar\u0131 dahil 23.00 d\u00fcr.<\/li><li>E\u011fer herhangi bir nedenden \u00f6\u011frenci eve saatinde varamayacak ise aileye haber vermek zorundad\u0131r.<\/li><\/ul>\t\t\t\t\t\t\t\t<\/div>\n\t\t\t\t<\/div>\n\t\t\t\t\t<\/div>\n\t\t<\/div>\n\t\t\t\t\t<\/div>\n\t\t<\/section>\n\t\t\t\t<section class=\"elementor-section elementor-top-section elementor-element elementor-element-01b01e0 elementor-section-boxed elementor-section-height-default elementor-section-height-default parallax_section_no qode_elementor_container_no\" data-id=\"01b01e0\" data-element_type=\"section\">\n\t\t\t\t\t\t<div class=\"elementor-container elementor-column-gap-default\">\n\t\t\t\t\t<div class=\"elementor-column elementor-col-50 elementor-top-column elementor-element elementor-element-f2c596e\" data-id=\"f2c596e\" data-element_type=\"column\">\n\t\t\t<div class=\"elementor-widget-wrap elementor-element-populated\">\n\t\t\t\t\t\t<div class=\"elementor-element elementor-element-e7f7c02 elementor-widget elementor-widget-heading\" data-id=\"e7f7c02\" data-element_type=\"widget\" data-widget_type=\"heading.default\">\n\t\t\t\t<div class=\"elementor-widget-container\">\n\t\t\t\t\t<h3 class=\"elementor-heading-title elementor-size-default\">OKULDA<\/h3>\t\t\t\t<\/div>\n\t\t\t\t<\/div>\n\t\t\t\t<div class=\"elementor-element elementor-element-94ea732 elementor-widget elementor-widget-text-editor\" data-id=\"94ea732\" data-element_type=\"widget\" data-widget_type=\"text-editor.default\">\n\t\t\t\t<div class=\"elementor-widget-container\">\n\t\t\t\t\t\t\t\t\t<ul><li>\u00d6\u011frenciler, ders saatlerine, aktivitelerin ba\u015flang\u0131\u00e7 ve biti\u015f saatleri ile okulun kapan\u0131\u015f saatine uymak zorundad\u0131r.<\/li><li>T\u00fcm bu etkinliklere ve derslerinde saatinde ve uygun k\u0131yafetle gelmek zorundad\u0131rlar.<\/li><li>\u00d6\u011frenciler derslere ana ders malzemeler<strong>i<\/strong>\u00a0( defter ve kalem ) ile gelmeli ayn\u0131 zamanda okulun \u00f6\u011frencilere sundu\u011fu t\u00fcm ders materyallerini d\u00fczg\u00fcn kullanmal\u0131d\u0131rlar.<\/li><\/ul>\t\t\t\t\t\t\t\t<\/div>\n\t\t\t\t<\/div>\n\t\t\t\t\t<\/div>\n\t\t<\/div>\n\t\t\t\t<div class=\"elementor-column elementor-col-50 elementor-top-column elementor-element elementor-element-3ff6d35\" data-id=\"3ff6d35\" data-element_type=\"column\">\n\t\t\t<div class=\"elementor-widget-wrap elementor-element-populated\">\n\t\t\t\t\t\t<div class=\"elementor-element elementor-element-a86b300 elementor-widget elementor-widget-heading\" data-id=\"a86b300\" data-element_type=\"widget\" data-widget_type=\"heading.default\">\n\t\t\t\t<div class=\"elementor-widget-container\">\n\t\t\t\t\t<h3 class=\"elementor-heading-title elementor-size-default\">iNMSOL<\/h3>\t\t\t\t<\/div>\n\t\t\t\t<\/div>\n\t\t\t\t<div class=\"elementor-element elementor-element-3053794 elementor-widget elementor-widget-text-editor\" data-id=\"3053794\" data-element_type=\"widget\" data-widget_type=\"text-editor.default\">\n\t\t\t\t<div class=\"elementor-widget-container\">\n\t\t\t\t\t\t\t\t\t<ul><li>iNMSOL, \u00f6\u011frencilerin konaklad\u0131klar\u0131 d\u00f6nem s\u00fcresince kanunlara uygun olmayan davran\u0131\u015flar\u0131 nedeniyle Ispanyol h\u00fck\u00fcmeti ve B\u00f6lgesel y\u00f6netimlere kar\u015f\u0131 sorumlu de\u011fildir.<\/li><li>Bu kurallara uymayan \u00f6\u011frenciler, iNMSOL\u2019e onlar\u0131 program d\u0131\u015f\u0131 b\u0131rakma ve \u0130spanyol Kanunlar\u0131na g\u00f6re yetkililere s\u0131n\u0131rd\u0131\u015f\u0131 i\u015flemini ba\u015flatma hakk\u0131 verir. T\u00fcm bu masraflar\u0131n \u00f6\u011frencinin ailesi veya vasisi taraf\u0131ndan \u00f6denir.<\/li><li>\u00d6\u011frenci herhangi bir su\u00e7 i\u015fler ve \u0130spanyol H\u00fck\u00fcmeti taraf\u0131ndan \u00fclkesine g\u00f6nderilirse, kurs s\u00fcresine ili\u015fkin t\u00fcm haklar\u0131n\u0131 ve \u00fccret iadesini talep etme hakk\u0131n\u0131 kaybeder.<\/li><\/ul>\t\t\t\t\t\t\t\t<\/div>\n\t\t\t\t<\/div>\n\t\t\t\t\t<\/div>\n\t\t<\/div>\n\t\t\t\t\t<\/div>\n\t\t<\/section>\n\t\t\t\t<section class=\"elementor-section elementor-top-section elementor-element elementor-element-f8ae994 elementor-section-boxed elementor-section-height-default elementor-section-height-default parallax_section_no qode_elementor_container_no\" data-id=\"f8ae994\" data-element_type=\"section\">\n\t\t\t\t\t\t<div class=\"elementor-container elementor-column-gap-default\">\n\t\t\t\t\t<div class=\"elementor-column elementor-col-100 elementor-top-column elementor-element elementor-element-8869b29\" data-id=\"8869b29\" data-element_type=\"column\">\n\t\t\t<div class=\"elementor-widget-wrap elementor-element-populated\">\n\t\t\t\t\t\t<div class=\"elementor-element elementor-element-218f24a elementor-widget elementor-widget-heading\" data-id=\"218f24a\" data-element_type=\"widget\" data-widget_type=\"heading.default\">\n\t\t\t\t<div class=\"elementor-widget-container\">\n\t\t\t\t\t<h3 class=\"elementor-heading-title elementor-size-default\">iNMSOL\u2019UN SORUMLULUKLARI\n\n<\/h3>\t\t\t\t<\/div>\n\t\t\t\t<\/div>\n\t\t\t\t<div class=\"elementor-element elementor-element-31cdad3 elementor-widget elementor-widget-text-editor\" data-id=\"31cdad3\" data-element_type=\"widget\" data-widget_type=\"text-editor.default\">\n\t\t\t\t<div class=\"elementor-widget-container\">\n\t\t\t\t\t\t\t\t\t<ul><li><div class=\"row\"><div class=\"col-lg-12\"><div id=\"content\"><article id=\"post-1576\" class=\"post-1576 page type-page status-publish hentry\"><section class=\"post-entry\"><ul><li>iNMSOL a\u015fa\u011f\u0131daki hallerde \u00f6\u011frencinin sorumlulu\u011funu \u00fczerine al\u0131r.<ul><li>Okulda bulundu\u011fu ve ders saatleri s\u00fcrece.<\/li><li>Okul aktiviteleri s\u0131ras\u0131nda.<\/li><li>Yemek saatleri ve aile yan\u0131nda ki konaklamas\u0131 s\u0131ras\u0131nda.<\/li><li>\u00d6\u011frencilerin kat\u0131ld\u0131\u011f\u0131 ve okul taraf\u0131ndan d\u00fczenlenen geziler s\u00fcresince.<\/li><\/ul><\/li><li>iNMSOL, \u00f6\u011frencinin kay\u0131t oldu\u011fu di\u011fer tamamlay\u0131c\u0131 kurs ve etkinliklerden sorumlu de\u011fildir. Bu kurslar\u0131n saatlerinden, program\u0131ndan vs. sorumlu olmay\u0131p bu aktiviteler di\u011fer ilgili di\u011fer okullar ( r\u00fczgar s\u00f6rf\u00fc, kayak vs.. ) taraf\u0131ndan d\u00fczenlendi\u011fi i\u00e7in iNMSOL\u2019un bu konuda bir sorumlulu\u011fu olmay\u0131p sorumluluk tamamen kat\u0131l\u0131mc\u0131 ile di\u011fer okullar aras\u0131ndad\u0131r.<\/li><\/ul><p>iNMSOL, \u00f6\u011frencinin tamamlay\u0131c\u0131 kurslara kay\u0131t olmas\u0131n\u0131 sa\u011flar, \u00f6\u011frenci kay\u0131t oldu\u011fu takdirde yukar\u0131da yaz\u0131l\u0131 t\u00fcm kurallar\u0131 kabul etmi\u015f olur.<\/p><p>iNMSOL yukar\u0131da yaz\u0131l\u0131 ko\u015fullardan herhangi birini hakl\u0131 bir nedenle de\u011fi\u015ftirebilir.<\/p><p>K\u00fc\u00e7\u00fcklerle ilgili kay\u0131t formunu\u00a0<a href=\"https:\/\/www.inmsol.com\/downloads\/brochures\/form%20for%20underage.pdf\">indirebilirsiniz<\/a>.<\/p><\/section><\/article><\/div><\/div><\/div><\/li><\/ul>\t\t\t\t\t\t\t\t<\/div>\n\t\t\t\t<\/div>\n\t\t\t\t\t<\/div>\n\t\t<\/div>\n\t\t\t\t\t<\/div>\n\t\t<\/section>\n\t\t\t\t<\/div>\n\t\t","protected":false},"excerpt":{"rendered":"<p>\u0130DAR\u0130 KURALLAR K\u00fc\u00e7\u00fcklerle ilgili kay\u0131t formunu\u00a0indirebilirsiniz. KANUNLAR \u00d6\u011frenci \u00fclkenin kanunlar\u0131n\u0131 kabul etmek ve ona uygun davranmak zorundad\u0131r. Ayn\u0131 zamanda geleneklerine de uyum sa\u011flam zorundad\u0131r. \u0130spanyol Kanunlar\u0131 18 ya\u015f\u0131ndan k\u00fc\u00e7\u00fcklerin alkol t\u00fcketimini ve yine uyu\u015fturucu kullanmay\u0131 yasaklam\u0131\u015ft\u0131r. Bu kanuna ayk\u0131r\u0131 davran\u0131l\u0131rsa \u00f6ncelikle \u00f6\u011frenci kanunun \u00f6ng\u00f6rd\u00fc\u011f\u00fc yeti\u015fkinler&#8230;<\/p>\n","protected":false},"author":2,"featured_media":0,"parent":1405,"menu_order":0,"comment_status":"closed","ping_status":"closed","template":"","meta":{"_acf_changed":false,"footnotes":""},"class_list":["post-1576","page","type-page","status-publish","hentry"],"acf":[],"yoast_head":"<!-- This site is optimized with the Yoast SEO plugin v27.4 - https:\/\/yoast.com\/product\/yoast-seo-wordpress\/ -->\n<title>\u0130dari kurallar | formunu indirebilirsiniz, kurallar, sorumluluk | INMSOL<\/title>\n<meta name=\"description\" content=\"\u00d6\u011frenci \u00fclkenin kanunlar\u0131n\u0131 kabul etmek ve ona uygun davranmak zorundad\u0131r. Ayn\u0131 zamanda geleneklerine de uyum sa\u011flam zorundad\u0131r.\u00d6\u011frenci sorumluluk,iNMSOL sorumluluk.\" \/>\n<meta name=\"robots\" content=\"index, follow, max-snippet:-1, max-image-preview:large, max-video-preview:-1\" \/>\n<link rel=\"canonical\" href=\"https:\/\/www.inmsol.com\/tr\/granada-dil-okulu\/idari-kurallar\/\" \/>\n<meta property=\"og:locale\" content=\"tr_TR\" \/>\n<meta property=\"og:type\" content=\"article\" \/>\n<meta property=\"og:title\" content=\"\u0130dari kurallar | formunu indirebilirsiniz, kurallar, sorumluluk | INMSOL\" \/>\n<meta property=\"og:description\" content=\"\u00d6\u011frenci \u00fclkenin kanunlar\u0131n\u0131 kabul etmek ve ona uygun davranmak zorundad\u0131r. Ayn\u0131 zamanda geleneklerine de uyum sa\u011flam zorundad\u0131r.\u00d6\u011frenci sorumluluk,iNMSOL sorumluluk.\" \/>\n<meta property=\"og:url\" content=\"https:\/\/www.inmsol.com\/tr\/granada-dil-okulu\/idari-kurallar\/\" \/>\n<meta property=\"og:site_name\" content=\"iNMSOL\" \/>\n<meta property=\"article:publisher\" content=\"https:\/\/www.facebook.com\/spanishcourses\" \/>\n<meta property=\"article:modified_time\" content=\"2023-07-05T22:23:20+00:00\" \/>\n<meta property=\"og:image\" content=\"https:\/\/www.inmsol.com\/wp-content\/uploads\/2019\/08\/logo-inmsol.png\" \/>\n\t<meta property=\"og:image:width\" content=\"320\" \/>\n\t<meta property=\"og:image:height\" content=\"154\" \/>\n\t<meta property=\"og:image:type\" content=\"image\/png\" \/>\n<meta name=\"twitter:label1\" content=\"Tahmini okuma s\u00fcresi\" \/>\n\t<meta name=\"twitter:data1\" content=\"3 dakika\" \/>\n<script type=\"application\/ld+json\" class=\"yoast-schema-graph\">{\"@context\":\"https:\\\/\\\/schema.org\",\"@graph\":[{\"@type\":\"WebPage\",\"@id\":\"https:\\\/\\\/www.inmsol.com\\\/tr\\\/granada-dil-okulu\\\/idari-kurallar\\\/\",\"url\":\"https:\\\/\\\/www.inmsol.com\\\/tr\\\/granada-dil-okulu\\\/idari-kurallar\\\/\",\"name\":\"\u0130dari kurallar | formunu indirebilirsiniz, kurallar, sorumluluk | INMSOL\",\"isPartOf\":{\"@id\":\"https:\\\/\\\/www.inmsol.com\\\/tr\\\/#website\"},\"datePublished\":\"2009-08-05T03:52:35+00:00\",\"dateModified\":\"2023-07-05T22:23:20+00:00\",\"description\":\"\u00d6\u011frenci \u00fclkenin kanunlar\u0131n\u0131 kabul etmek ve ona uygun davranmak zorundad\u0131r. Ayn\u0131 zamanda geleneklerine de uyum sa\u011flam zorundad\u0131r.\u00d6\u011frenci sorumluluk,iNMSOL sorumluluk.\",\"breadcrumb\":{\"@id\":\"https:\\\/\\\/www.inmsol.com\\\/tr\\\/granada-dil-okulu\\\/idari-kurallar\\\/#breadcrumb\"},\"inLanguage\":\"tr\",\"potentialAction\":[{\"@type\":\"ReadAction\",\"target\":[\"https:\\\/\\\/www.inmsol.com\\\/tr\\\/granada-dil-okulu\\\/idari-kurallar\\\/\"]}]},{\"@type\":\"BreadcrumbList\",\"@id\":\"https:\\\/\\\/www.inmsol.com\\\/tr\\\/granada-dil-okulu\\\/idari-kurallar\\\/#breadcrumb\",\"itemListElement\":[{\"@type\":\"ListItem\",\"position\":1,\"name\":\"Accredited Center by Instituto Cervantes\",\"item\":\"https:\\\/\\\/www.inmsol.com\\\/tr\\\/pagina-ejemplo\\\/\"},{\"@type\":\"ListItem\",\"position\":2,\"name\":\"GRANADA \u0130SPANYOLCA D\u0130L OKULU\",\"item\":\"https:\\\/\\\/www.inmsol.com\\\/tr\\\/granada-dil-okulu\\\/\"},{\"@type\":\"ListItem\",\"position\":3,\"name\":\"\u0130DAR\u0130 KURALLAR\"}]},{\"@type\":\"WebSite\",\"@id\":\"https:\\\/\\\/www.inmsol.com\\\/tr\\\/#website\",\"url\":\"https:\\\/\\\/www.inmsol.com\\\/tr\\\/\",\"name\":\"iNMSOL\",\"description\":\"Learn Spanish with Us | Cervantes acredited Learning Centre\",\"publisher\":{\"@id\":\"https:\\\/\\\/www.inmsol.com\\\/tr\\\/#organization\"},\"potentialAction\":[{\"@type\":\"SearchAction\",\"target\":{\"@type\":\"EntryPoint\",\"urlTemplate\":\"https:\\\/\\\/www.inmsol.com\\\/tr\\\/?s={search_term_string}\"},\"query-input\":{\"@type\":\"PropertyValueSpecification\",\"valueRequired\":true,\"valueName\":\"search_term_string\"}}],\"inLanguage\":\"tr\"},{\"@type\":\"Organization\",\"@id\":\"https:\\\/\\\/www.inmsol.com\\\/tr\\\/#organization\",\"name\":\"Instituto Mediterr\u00e1neo Sol\",\"url\":\"https:\\\/\\\/www.inmsol.com\\\/tr\\\/\",\"logo\":{\"@type\":\"ImageObject\",\"inLanguage\":\"tr\",\"@id\":\"https:\\\/\\\/www.inmsol.com\\\/tr\\\/#\\\/schema\\\/logo\\\/image\\\/\",\"url\":\"https:\\\/\\\/www.inmsol.com\\\/wp-content\\\/uploads\\\/2023\\\/06\\\/logo-inmsol-1.png\",\"contentUrl\":\"https:\\\/\\\/www.inmsol.com\\\/wp-content\\\/uploads\\\/2023\\\/06\\\/logo-inmsol-1.png\",\"width\":136,\"height\":73,\"caption\":\"Instituto Mediterr\u00e1neo Sol\"},\"image\":{\"@id\":\"https:\\\/\\\/www.inmsol.com\\\/tr\\\/#\\\/schema\\\/logo\\\/image\\\/\"},\"sameAs\":[\"https:\\\/\\\/www.facebook.com\\\/spanishcourses\",\"https:\\\/\\\/x.com\\\/StudyInGranada\",\"http:\\\/\\\/instagram.com\\\/imsolgranada\",\"https:\\\/\\\/es.linkedin.com\\\/company\\\/imsol-granada\",\"https:\\\/\\\/www.pinterest.es\\\/inmsol\\\/\",\"https:\\\/\\\/www.youtube.com\\\/channel\\\/UChz-Qn_7coFMosY85iYMO4g\"]}]}<\/script>\n<!-- \/ Yoast SEO plugin. -->","yoast_head_json":{"title":"\u0130dari kurallar | formunu indirebilirsiniz, kurallar, sorumluluk | INMSOL","description":"\u00d6\u011frenci \u00fclkenin kanunlar\u0131n\u0131 kabul etmek ve ona uygun davranmak zorundad\u0131r. Ayn\u0131 zamanda geleneklerine de uyum sa\u011flam zorundad\u0131r.\u00d6\u011frenci sorumluluk,iNMSOL sorumluluk.","robots":{"index":"index","follow":"follow","max-snippet":"max-snippet:-1","max-image-preview":"max-image-preview:large","max-video-preview":"max-video-preview:-1"},"canonical":"https:\/\/www.inmsol.com\/tr\/granada-dil-okulu\/idari-kurallar\/","og_locale":"tr_TR","og_type":"article","og_title":"\u0130dari kurallar | formunu indirebilirsiniz, kurallar, sorumluluk | INMSOL","og_description":"\u00d6\u011frenci \u00fclkenin kanunlar\u0131n\u0131 kabul etmek ve ona uygun davranmak zorundad\u0131r. Ayn\u0131 zamanda geleneklerine de uyum sa\u011flam zorundad\u0131r.\u00d6\u011frenci sorumluluk,iNMSOL sorumluluk.","og_url":"https:\/\/www.inmsol.com\/tr\/granada-dil-okulu\/idari-kurallar\/","og_site_name":"iNMSOL","article_publisher":"https:\/\/www.facebook.com\/spanishcourses","article_modified_time":"2023-07-05T22:23:20+00:00","og_image":[{"width":320,"height":154,"url":"https:\/\/www.inmsol.com\/wp-content\/uploads\/2019\/08\/logo-inmsol.png","type":"image\/png"}],"twitter_misc":{"Tahmini okuma s\u00fcresi":"3 dakika"},"schema":{"@context":"https:\/\/schema.org","@graph":[{"@type":"WebPage","@id":"https:\/\/www.inmsol.com\/tr\/granada-dil-okulu\/idari-kurallar\/","url":"https:\/\/www.inmsol.com\/tr\/granada-dil-okulu\/idari-kurallar\/","name":"\u0130dari kurallar | formunu indirebilirsiniz, kurallar, sorumluluk | INMSOL","isPartOf":{"@id":"https:\/\/www.inmsol.com\/tr\/#website"},"datePublished":"2009-08-05T03:52:35+00:00","dateModified":"2023-07-05T22:23:20+00:00","description":"\u00d6\u011frenci \u00fclkenin kanunlar\u0131n\u0131 kabul etmek ve ona uygun davranmak zorundad\u0131r. Ayn\u0131 zamanda geleneklerine de uyum sa\u011flam zorundad\u0131r.\u00d6\u011frenci sorumluluk,iNMSOL sorumluluk.","breadcrumb":{"@id":"https:\/\/www.inmsol.com\/tr\/granada-dil-okulu\/idari-kurallar\/#breadcrumb"},"inLanguage":"tr","potentialAction":[{"@type":"ReadAction","target":["https:\/\/www.inmsol.com\/tr\/granada-dil-okulu\/idari-kurallar\/"]}]},{"@type":"BreadcrumbList","@id":"https:\/\/www.inmsol.com\/tr\/granada-dil-okulu\/idari-kurallar\/#breadcrumb","itemListElement":[{"@type":"ListItem","position":1,"name":"Accredited Center by Instituto Cervantes","item":"https:\/\/www.inmsol.com\/tr\/pagina-ejemplo\/"},{"@type":"ListItem","position":2,"name":"GRANADA \u0130SPANYOLCA D\u0130L OKULU","item":"https:\/\/www.inmsol.com\/tr\/granada-dil-okulu\/"},{"@type":"ListItem","position":3,"name":"\u0130DAR\u0130 KURALLAR"}]},{"@type":"WebSite","@id":"https:\/\/www.inmsol.com\/tr\/#website","url":"https:\/\/www.inmsol.com\/tr\/","name":"iNMSOL","description":"Learn Spanish with Us | Cervantes acredited Learning Centre","publisher":{"@id":"https:\/\/www.inmsol.com\/tr\/#organization"},"potentialAction":[{"@type":"SearchAction","target":{"@type":"EntryPoint","urlTemplate":"https:\/\/www.inmsol.com\/tr\/?s={search_term_string}"},"query-input":{"@type":"PropertyValueSpecification","valueRequired":true,"valueName":"search_term_string"}}],"inLanguage":"tr"},{"@type":"Organization","@id":"https:\/\/www.inmsol.com\/tr\/#organization","name":"Instituto Mediterr\u00e1neo Sol","url":"https:\/\/www.inmsol.com\/tr\/","logo":{"@type":"ImageObject","inLanguage":"tr","@id":"https:\/\/www.inmsol.com\/tr\/#\/schema\/logo\/image\/","url":"https:\/\/www.inmsol.com\/wp-content\/uploads\/2023\/06\/logo-inmsol-1.png","contentUrl":"https:\/\/www.inmsol.com\/wp-content\/uploads\/2023\/06\/logo-inmsol-1.png","width":136,"height":73,"caption":"Instituto Mediterr\u00e1neo Sol"},"image":{"@id":"https:\/\/www.inmsol.com\/tr\/#\/schema\/logo\/image\/"},"sameAs":["https:\/\/www.facebook.com\/spanishcourses","https:\/\/x.com\/StudyInGranada","http:\/\/instagram.com\/imsolgranada","https:\/\/es.linkedin.com\/company\/imsol-granada","https:\/\/www.pinterest.es\/inmsol\/","https:\/\/www.youtube.com\/channel\/UChz-Qn_7coFMosY85iYMO4g"]}]}},"_links":{"self":[{"href":"https:\/\/www.inmsol.com\/tr\/wp-json\/wp\/v2\/pages\/1576","targetHints":{"allow":["GET"]}}],"collection":[{"href":"https:\/\/www.inmsol.com\/tr\/wp-json\/wp\/v2\/pages"}],"about":[{"href":"https:\/\/www.inmsol.com\/tr\/wp-json\/wp\/v2\/types\/page"}],"author":[{"embeddable":true,"href":"https:\/\/www.inmsol.com\/tr\/wp-json\/wp\/v2\/users\/2"}],"replies":[{"embeddable":true,"href":"https:\/\/www.inmsol.com\/tr\/wp-json\/wp\/v2\/comments?post=1576"}],"version-history":[{"count":0,"href":"https:\/\/www.inmsol.com\/tr\/wp-json\/wp\/v2\/pages\/1576\/revisions"}],"up":[{"embeddable":true,"href":"https:\/\/www.inmsol.com\/tr\/wp-json\/wp\/v2\/pages\/1405"}],"wp:attachment":[{"href":"https:\/\/www.inmsol.com\/tr\/wp-json\/wp\/v2\/media?parent=1576"}],"curies":[{"name":"wp","href":"https:\/\/api.w.org\/{rel}","templated":true}]}}