{"id":884,"date":"2011-10-03T15:41:01","date_gmt":"2011-10-03T15:41:01","guid":{"rendered":"https:\/\/www.inmsol.com\/"},"modified":"2014-10-07T12:41:16","modified_gmt":"2014-10-07T10:41:16","slug":"dele-hazirlik-kurslari","status":"publish","type":"page","link":"https:\/\/www.inmsol.com\/tr\/dele-hazirlik-kurslari\/","title":{"rendered":"DELE haz\u0131rl\u0131k kurslar\u0131"},"content":{"rendered":"<p><span style=\"text-decoration: underline;\"><strong>B\u00fct\u00fcn seviyeler i\u00e7in D.E.L.E. haz\u0131rl\u0131k kurslar\u0131 <\/strong><\/span><\/p>\n<ul>\n<li><strong>Seviye ve s\u00fcreden ba\u011f\u0131ms\u0131z olarak Dele haz\u0131rl\u0131k kurs fiyat\u0131 \u00fczerinden %10 indirim, 4 ders saati\/g\u00fcnl\u00fck ( Yabanc\u0131 Dil olarak ispanyolca diplomas\u0131 ).<\/strong><\/li>\n<li>Kurstan ba\u011f\u0131ms\u0131z olarak, \u00f6\u011frencilerimiz ayr\u0131ca Cervantes Enstit\u00fcs\u00fc taraf\u0131ndan ger\u00e7ekle\u015ftirilmi\u015f \u00f6nceki s\u0131navlar ile seviyelerini ve geli\u015fimlerini takip etmek i\u00e7in \u00e7al\u0131\u015fma yapabilirler.<\/li>\n<li>Kay\u0131t yapt\u0131rabilece\u011finiz seviyeler<br \/>\n<span style=\"text-decoration: underline;\">\u0130spanyolca diplomas\u0131 seviye A1<br \/>\n\u0130spanyolca diplomas\u0131 seviye A2<br \/>\n\u0130spanyolca diplomas\u0131 B1 ( Ba\u015flang\u0131\u00e7)<br \/>\n\u0130spanyolca diplomas\u0131 ( Orta seviye )<br \/>\n\u0130spanyolca diplomas\u0131 C1<br \/>\n\u0130spanyolca Diplomas\u0131 C2 ( \u0130leri seviye ) <\/span><\/li>\n<li>Bu kurslar\u0131m\u0131z hakk\u0131ndada , di\u011fer kurslar\u0131m\u0131zda oldu\u011fu gibi web sitemizde okuyaca\u011f\u0131n\u0131z &#8220;<a title=\"Bilgeler ve ko\u015fullar\" href=\"https:\/\/www.inmsol.com\/tr\/bilgeler-ve-kosullar\/\" target=\"_blank\"> Genel \u015eartlar<\/a> &#8221; uygulan\u0131r.<\/li>\n<\/ul>\n","protected":false},"excerpt":{"rendered":"<p>B\u00fct\u00fcn seviyeler i\u00e7in D.E.L.E. haz\u0131rl\u0131k kurslar\u0131 Seviye ve s\u00fcreden ba\u011f\u0131ms\u0131z olarak Dele haz\u0131rl\u0131k kurs fiyat\u0131 \u00fczerinden %10 indirim, 4 ders saati\/g\u00fcnl\u00fck ( Yabanc\u0131 Dil olarak ispanyolca diplomas\u0131 ). Kurstan ba\u011f\u0131ms\u0131z olarak, \u00f6\u011frencilerimiz ayr\u0131ca Cervantes Enstit\u00fcs\u00fc taraf\u0131ndan ger\u00e7ekle\u015ftirilmi\u015f \u00f6nceki s\u0131navlar ile seviyelerini ve geli\u015fimlerini takip etmek&#8230;<\/p>\n","protected":false},"author":2,"featured_media":0,"parent":0,"menu_order":0,"comment_status":"closed","ping_status":"closed","template":"","meta":{"_acf_changed":false,"footnotes":""},"class_list":["post-884","page","type-page","status-publish","hentry"],"acf":[],"yoast_head":"<!-- This site is optimized with the Yoast SEO plugin v27.5 - https:\/\/yoast.com\/product\/yoast-seo-wordpress\/ -->\n<title>D.E.L.E. Haz\u0131rl\u0131k Kurslar\u0131<\/title>\n<meta name=\"description\" content=\"Her seviyedeki DELE s\u0131navlar\u0131 i\u00e7in haz\u0131rl\u0131k kurslar\u0131 ve kurslar i\u00e7in \u00f6zel indirimler . .\" \/>\n<meta name=\"robots\" content=\"index, follow, max-snippet:-1, max-image-preview:large, max-video-preview:-1\" \/>\n<link rel=\"canonical\" href=\"https:\/\/www.inmsol.com\/tr\/dele-hazirlik-kurslari\/\" \/>\n<meta property=\"og:locale\" content=\"tr_TR\" \/>\n<meta property=\"og:type\" content=\"article\" \/>\n<meta property=\"og:title\" content=\"D.E.L.E. Haz\u0131rl\u0131k Kurslar\u0131\" \/>\n<meta property=\"og:description\" content=\"Her seviyedeki DELE s\u0131navlar\u0131 i\u00e7in haz\u0131rl\u0131k kurslar\u0131 ve kurslar i\u00e7in \u00f6zel indirimler . .\" \/>\n<meta property=\"og:url\" content=\"https:\/\/www.inmsol.com\/tr\/dele-hazirlik-kurslari\/\" \/>\n<meta property=\"og:site_name\" content=\"iNMSOL\" \/>\n<meta property=\"article:publisher\" content=\"https:\/\/www.facebook.com\/spanishcourses\" \/>\n<meta property=\"article:modified_time\" content=\"2014-10-07T10:41:16+00:00\" \/>\n<meta property=\"og:image\" content=\"https:\/\/www.inmsol.com\/wp-content\/uploads\/2019\/08\/logo-inmsol.png\" \/>\n\t<meta property=\"og:image:width\" content=\"320\" \/>\n\t<meta property=\"og:image:height\" content=\"154\" \/>\n\t<meta property=\"og:image:type\" content=\"image\/png\" \/>\n<meta name=\"twitter:label1\" content=\"Tahmini okuma s\u00fcresi\" \/>\n\t<meta name=\"twitter:data1\" content=\"1 dakika\" \/>\n<script type=\"application\/ld+json\" class=\"yoast-schema-graph\">{\"@context\":\"https:\\\/\\\/schema.org\",\"@graph\":[{\"@type\":\"WebPage\",\"@id\":\"https:\\\/\\\/www.inmsol.com\\\/tr\\\/dele-hazirlik-kurslari\\\/\",\"url\":\"https:\\\/\\\/www.inmsol.com\\\/tr\\\/dele-hazirlik-kurslari\\\/\",\"name\":\"D.E.L.E. Haz\u0131rl\u0131k Kurslar\u0131\",\"isPartOf\":{\"@id\":\"https:\\\/\\\/www.inmsol.com\\\/tr\\\/#website\"},\"datePublished\":\"2011-10-03T15:41:01+00:00\",\"dateModified\":\"2014-10-07T10:41:16+00:00\",\"description\":\"Her seviyedeki DELE s\u0131navlar\u0131 i\u00e7in haz\u0131rl\u0131k kurslar\u0131 ve kurslar i\u00e7in \u00f6zel indirimler . .\",\"breadcrumb\":{\"@id\":\"https:\\\/\\\/www.inmsol.com\\\/tr\\\/dele-hazirlik-kurslari\\\/#breadcrumb\"},\"inLanguage\":\"tr\",\"potentialAction\":[{\"@type\":\"ReadAction\",\"target\":[\"https:\\\/\\\/www.inmsol.com\\\/tr\\\/dele-hazirlik-kurslari\\\/\"]}]},{\"@type\":\"BreadcrumbList\",\"@id\":\"https:\\\/\\\/www.inmsol.com\\\/tr\\\/dele-hazirlik-kurslari\\\/#breadcrumb\",\"itemListElement\":[{\"@type\":\"ListItem\",\"position\":1,\"name\":\"Accredited Center by Instituto Cervantes\",\"item\":\"https:\\\/\\\/www.inmsol.com\\\/tr\\\/pagina-ejemplo\\\/\"},{\"@type\":\"ListItem\",\"position\":2,\"name\":\"DELE haz\u0131rl\u0131k kurslar\u0131\"}]},{\"@type\":\"WebSite\",\"@id\":\"https:\\\/\\\/www.inmsol.com\\\/tr\\\/#website\",\"url\":\"https:\\\/\\\/www.inmsol.com\\\/tr\\\/\",\"name\":\"iNMSOL\",\"description\":\"Learn Spanish with Us | Cervantes acredited Learning Centre\",\"publisher\":{\"@id\":\"https:\\\/\\\/www.inmsol.com\\\/tr\\\/#organization\"},\"potentialAction\":[{\"@type\":\"SearchAction\",\"target\":{\"@type\":\"EntryPoint\",\"urlTemplate\":\"https:\\\/\\\/www.inmsol.com\\\/tr\\\/?s={search_term_string}\"},\"query-input\":{\"@type\":\"PropertyValueSpecification\",\"valueRequired\":true,\"valueName\":\"search_term_string\"}}],\"inLanguage\":\"tr\"},{\"@type\":\"Organization\",\"@id\":\"https:\\\/\\\/www.inmsol.com\\\/tr\\\/#organization\",\"name\":\"Instituto Mediterr\u00e1neo Sol\",\"url\":\"https:\\\/\\\/www.inmsol.com\\\/tr\\\/\",\"logo\":{\"@type\":\"ImageObject\",\"inLanguage\":\"tr\",\"@id\":\"https:\\\/\\\/www.inmsol.com\\\/tr\\\/#\\\/schema\\\/logo\\\/image\\\/\",\"url\":\"https:\\\/\\\/www.inmsol.com\\\/wp-content\\\/uploads\\\/2023\\\/06\\\/logo-inmsol-1.png\",\"contentUrl\":\"https:\\\/\\\/www.inmsol.com\\\/wp-content\\\/uploads\\\/2023\\\/06\\\/logo-inmsol-1.png\",\"width\":136,\"height\":73,\"caption\":\"Instituto Mediterr\u00e1neo Sol\"},\"image\":{\"@id\":\"https:\\\/\\\/www.inmsol.com\\\/tr\\\/#\\\/schema\\\/logo\\\/image\\\/\"},\"sameAs\":[\"https:\\\/\\\/www.facebook.com\\\/spanishcourses\",\"https:\\\/\\\/x.com\\\/StudyInGranada\",\"http:\\\/\\\/instagram.com\\\/imsolgranada\",\"https:\\\/\\\/es.linkedin.com\\\/company\\\/imsol-granada\",\"https:\\\/\\\/www.pinterest.es\\\/inmsol\\\/\",\"https:\\\/\\\/www.youtube.com\\\/channel\\\/UChz-Qn_7coFMosY85iYMO4g\"]}]}<\/script>\n<!-- \/ Yoast SEO plugin. -->","yoast_head_json":{"title":"D.E.L.E. Haz\u0131rl\u0131k Kurslar\u0131","description":"Her seviyedeki DELE s\u0131navlar\u0131 i\u00e7in haz\u0131rl\u0131k kurslar\u0131 ve kurslar i\u00e7in \u00f6zel indirimler . .","robots":{"index":"index","follow":"follow","max-snippet":"max-snippet:-1","max-image-preview":"max-image-preview:large","max-video-preview":"max-video-preview:-1"},"canonical":"https:\/\/www.inmsol.com\/tr\/dele-hazirlik-kurslari\/","og_locale":"tr_TR","og_type":"article","og_title":"D.E.L.E. Haz\u0131rl\u0131k Kurslar\u0131","og_description":"Her seviyedeki DELE s\u0131navlar\u0131 i\u00e7in haz\u0131rl\u0131k kurslar\u0131 ve kurslar i\u00e7in \u00f6zel indirimler . .","og_url":"https:\/\/www.inmsol.com\/tr\/dele-hazirlik-kurslari\/","og_site_name":"iNMSOL","article_publisher":"https:\/\/www.facebook.com\/spanishcourses","article_modified_time":"2014-10-07T10:41:16+00:00","og_image":[{"width":320,"height":154,"url":"https:\/\/www.inmsol.com\/wp-content\/uploads\/2019\/08\/logo-inmsol.png","type":"image\/png"}],"twitter_misc":{"Tahmini okuma s\u00fcresi":"1 dakika"},"schema":{"@context":"https:\/\/schema.org","@graph":[{"@type":"WebPage","@id":"https:\/\/www.inmsol.com\/tr\/dele-hazirlik-kurslari\/","url":"https:\/\/www.inmsol.com\/tr\/dele-hazirlik-kurslari\/","name":"D.E.L.E. Haz\u0131rl\u0131k Kurslar\u0131","isPartOf":{"@id":"https:\/\/www.inmsol.com\/tr\/#website"},"datePublished":"2011-10-03T15:41:01+00:00","dateModified":"2014-10-07T10:41:16+00:00","description":"Her seviyedeki DELE s\u0131navlar\u0131 i\u00e7in haz\u0131rl\u0131k kurslar\u0131 ve kurslar i\u00e7in \u00f6zel indirimler . .","breadcrumb":{"@id":"https:\/\/www.inmsol.com\/tr\/dele-hazirlik-kurslari\/#breadcrumb"},"inLanguage":"tr","potentialAction":[{"@type":"ReadAction","target":["https:\/\/www.inmsol.com\/tr\/dele-hazirlik-kurslari\/"]}]},{"@type":"BreadcrumbList","@id":"https:\/\/www.inmsol.com\/tr\/dele-hazirlik-kurslari\/#breadcrumb","itemListElement":[{"@type":"ListItem","position":1,"name":"Accredited Center by Instituto Cervantes","item":"https:\/\/www.inmsol.com\/tr\/pagina-ejemplo\/"},{"@type":"ListItem","position":2,"name":"DELE haz\u0131rl\u0131k kurslar\u0131"}]},{"@type":"WebSite","@id":"https:\/\/www.inmsol.com\/tr\/#website","url":"https:\/\/www.inmsol.com\/tr\/","name":"iNMSOL","description":"Learn Spanish with Us | Cervantes acredited Learning Centre","publisher":{"@id":"https:\/\/www.inmsol.com\/tr\/#organization"},"potentialAction":[{"@type":"SearchAction","target":{"@type":"EntryPoint","urlTemplate":"https:\/\/www.inmsol.com\/tr\/?s={search_term_string}"},"query-input":{"@type":"PropertyValueSpecification","valueRequired":true,"valueName":"search_term_string"}}],"inLanguage":"tr"},{"@type":"Organization","@id":"https:\/\/www.inmsol.com\/tr\/#organization","name":"Instituto Mediterr\u00e1neo Sol","url":"https:\/\/www.inmsol.com\/tr\/","logo":{"@type":"ImageObject","inLanguage":"tr","@id":"https:\/\/www.inmsol.com\/tr\/#\/schema\/logo\/image\/","url":"https:\/\/www.inmsol.com\/wp-content\/uploads\/2023\/06\/logo-inmsol-1.png","contentUrl":"https:\/\/www.inmsol.com\/wp-content\/uploads\/2023\/06\/logo-inmsol-1.png","width":136,"height":73,"caption":"Instituto Mediterr\u00e1neo Sol"},"image":{"@id":"https:\/\/www.inmsol.com\/tr\/#\/schema\/logo\/image\/"},"sameAs":["https:\/\/www.facebook.com\/spanishcourses","https:\/\/x.com\/StudyInGranada","http:\/\/instagram.com\/imsolgranada","https:\/\/es.linkedin.com\/company\/imsol-granada","https:\/\/www.pinterest.es\/inmsol\/","https:\/\/www.youtube.com\/channel\/UChz-Qn_7coFMosY85iYMO4g"]}]}},"_links":{"self":[{"href":"https:\/\/www.inmsol.com\/tr\/wp-json\/wp\/v2\/pages\/884","targetHints":{"allow":["GET"]}}],"collection":[{"href":"https:\/\/www.inmsol.com\/tr\/wp-json\/wp\/v2\/pages"}],"about":[{"href":"https:\/\/www.inmsol.com\/tr\/wp-json\/wp\/v2\/types\/page"}],"author":[{"embeddable":true,"href":"https:\/\/www.inmsol.com\/tr\/wp-json\/wp\/v2\/users\/2"}],"replies":[{"embeddable":true,"href":"https:\/\/www.inmsol.com\/tr\/wp-json\/wp\/v2\/comments?post=884"}],"version-history":[{"count":0,"href":"https:\/\/www.inmsol.com\/tr\/wp-json\/wp\/v2\/pages\/884\/revisions"}],"wp:attachment":[{"href":"https:\/\/www.inmsol.com\/tr\/wp-json\/wp\/v2\/media?parent=884"}],"curies":[{"name":"wp","href":"https:\/\/api.w.org\/{rel}","templated":true}]}}