{"id":888,"date":"2011-10-05T17:30:56","date_gmt":"2011-10-05T17:30:56","guid":{"rendered":"https:\/\/www.inmsol.com\/"},"modified":"2014-10-07T12:31:35","modified_gmt":"2014-10-07T10:31:35","slug":"uzun-sureli-kurslar-icin-ozel-indirimler","status":"publish","type":"page","link":"https:\/\/www.inmsol.com\/tr\/uzun-sureli-kurslar-icin-ozel-indirimler\/","title":{"rendered":"Uzun s\u00fcreli kurslar i\u00e7in \u00f6zel indirimler"},"content":{"rendered":"<p class=\"rtecenter\"><span style=\"text-decoration: underline;\"><strong>Uzun s\u00fcreli kurslara kat\u0131lan \u00f6\u011frencilere \u00f6zel indirimler. G\u00fcnde 4,5 veya 6 saat ders\u00a0 veya kombine edilmi\u015f 4 saat ders grupla + 1 saat \u00f6zel ders alarak uzun s\u00fcreli kurslara kat\u0131l\u0131rsan\u0131z \u00f6zel indirim kazanacaks\u0131n\u0131z. <\/strong><\/span><\/p>\n<p class=\"rteleft\">E\u011fer g\u00fcnde 4, 5 veya 6 saat ders\u00a0 veya kombine edilmi\u015f 4 saat ders grupla + 1 saat \u00f6zel ders alarak uzun 12 hafta veya daha uzun s\u00fcreli kurslara kat\u0131l\u0131rsan\u0131z \u00f6zel indirim kazanacaks\u0131n\u0131z.\n<\/p>\n<p class=\"rtecenter\">\u00a0\u00a0\u00a0 <a title=\"Enrollment\" href=\"https:\/\/www.inmsol.com\/tr\/enrollment\/\"><span style=\"background-color: #ff7800; color: #ffffff;\"><strong>Burdan Kay\u0131t Olun\u00a0 <\/strong><\/span><\/a><\/p>\n","protected":false},"excerpt":{"rendered":"<p>Uzun s\u00fcreli kurslara kat\u0131lan \u00f6\u011frencilere \u00f6zel indirimler. G\u00fcnde 4,5 veya 6 saat ders\u00a0 veya kombine edilmi\u015f 4 saat ders grupla + 1 saat \u00f6zel ders alarak uzun s\u00fcreli kurslara kat\u0131l\u0131rsan\u0131z \u00f6zel indirim kazanacaks\u0131n\u0131z. E\u011fer g\u00fcnde 4, 5 veya 6 saat ders\u00a0 veya kombine edilmi\u015f 4&#8230;<\/p>\n","protected":false},"author":2,"featured_media":0,"parent":0,"menu_order":0,"comment_status":"closed","ping_status":"closed","template":"","meta":{"_acf_changed":false,"footnotes":""},"class_list":["post-888","page","type-page","status-publish","hentry"],"acf":[],"yoast_head":"<!-- This site is optimized with the Yoast SEO plugin v27.4 - https:\/\/yoast.com\/product\/yoast-seo-wordpress\/ -->\n<title>Uzun s\u00fcreli kurslar i\u00e7in \u00f6zel indirimler | INMSOL<\/title>\n<meta name=\"description\" content=\"Discounts in long duration Spanish courses in Granada.\" \/>\n<meta name=\"robots\" content=\"index, follow, max-snippet:-1, max-image-preview:large, max-video-preview:-1\" \/>\n<link rel=\"canonical\" href=\"https:\/\/www.inmsol.com\/tr\/uzun-sureli-kurslar-icin-ozel-indirimler\/\" \/>\n<meta property=\"og:locale\" content=\"tr_TR\" \/>\n<meta property=\"og:type\" content=\"article\" \/>\n<meta property=\"og:title\" content=\"Uzun s\u00fcreli kurslar i\u00e7in \u00f6zel indirimler | INMSOL\" \/>\n<meta property=\"og:description\" content=\"Discounts in long duration Spanish courses in Granada.\" \/>\n<meta property=\"og:url\" content=\"https:\/\/www.inmsol.com\/tr\/uzun-sureli-kurslar-icin-ozel-indirimler\/\" \/>\n<meta property=\"og:site_name\" content=\"iNMSOL\" \/>\n<meta property=\"article:publisher\" content=\"https:\/\/www.facebook.com\/spanishcourses\" \/>\n<meta property=\"article:modified_time\" content=\"2014-10-07T10:31:35+00:00\" \/>\n<meta property=\"og:image\" content=\"https:\/\/www.inmsol.com\/wp-content\/uploads\/2019\/08\/logo-inmsol.png\" \/>\n\t<meta property=\"og:image:width\" content=\"320\" \/>\n\t<meta property=\"og:image:height\" content=\"154\" \/>\n\t<meta property=\"og:image:type\" content=\"image\/png\" \/>\n<script type=\"application\/ld+json\" class=\"yoast-schema-graph\">{\"@context\":\"https:\\\/\\\/schema.org\",\"@graph\":[{\"@type\":\"WebPage\",\"@id\":\"https:\\\/\\\/www.inmsol.com\\\/tr\\\/uzun-sureli-kurslar-icin-ozel-indirimler\\\/\",\"url\":\"https:\\\/\\\/www.inmsol.com\\\/tr\\\/uzun-sureli-kurslar-icin-ozel-indirimler\\\/\",\"name\":\"Uzun s\u00fcreli kurslar i\u00e7in \u00f6zel indirimler | INMSOL\",\"isPartOf\":{\"@id\":\"https:\\\/\\\/www.inmsol.com\\\/tr\\\/#website\"},\"datePublished\":\"2011-10-05T17:30:56+00:00\",\"dateModified\":\"2014-10-07T10:31:35+00:00\",\"description\":\"Discounts in long duration Spanish courses in Granada.\",\"breadcrumb\":{\"@id\":\"https:\\\/\\\/www.inmsol.com\\\/tr\\\/uzun-sureli-kurslar-icin-ozel-indirimler\\\/#breadcrumb\"},\"inLanguage\":\"tr\",\"potentialAction\":[{\"@type\":\"ReadAction\",\"target\":[\"https:\\\/\\\/www.inmsol.com\\\/tr\\\/uzun-sureli-kurslar-icin-ozel-indirimler\\\/\"]}]},{\"@type\":\"BreadcrumbList\",\"@id\":\"https:\\\/\\\/www.inmsol.com\\\/tr\\\/uzun-sureli-kurslar-icin-ozel-indirimler\\\/#breadcrumb\",\"itemListElement\":[{\"@type\":\"ListItem\",\"position\":1,\"name\":\"Accredited Center by Instituto Cervantes\",\"item\":\"https:\\\/\\\/www.inmsol.com\\\/tr\\\/pagina-ejemplo\\\/\"},{\"@type\":\"ListItem\",\"position\":2,\"name\":\"Uzun s\u00fcreli kurslar i\u00e7in \u00f6zel indirimler\"}]},{\"@type\":\"WebSite\",\"@id\":\"https:\\\/\\\/www.inmsol.com\\\/tr\\\/#website\",\"url\":\"https:\\\/\\\/www.inmsol.com\\\/tr\\\/\",\"name\":\"iNMSOL\",\"description\":\"Learn Spanish with Us | Cervantes acredited Learning Centre\",\"publisher\":{\"@id\":\"https:\\\/\\\/www.inmsol.com\\\/tr\\\/#organization\"},\"potentialAction\":[{\"@type\":\"SearchAction\",\"target\":{\"@type\":\"EntryPoint\",\"urlTemplate\":\"https:\\\/\\\/www.inmsol.com\\\/tr\\\/?s={search_term_string}\"},\"query-input\":{\"@type\":\"PropertyValueSpecification\",\"valueRequired\":true,\"valueName\":\"search_term_string\"}}],\"inLanguage\":\"tr\"},{\"@type\":\"Organization\",\"@id\":\"https:\\\/\\\/www.inmsol.com\\\/tr\\\/#organization\",\"name\":\"Instituto Mediterr\u00e1neo Sol\",\"url\":\"https:\\\/\\\/www.inmsol.com\\\/tr\\\/\",\"logo\":{\"@type\":\"ImageObject\",\"inLanguage\":\"tr\",\"@id\":\"https:\\\/\\\/www.inmsol.com\\\/tr\\\/#\\\/schema\\\/logo\\\/image\\\/\",\"url\":\"https:\\\/\\\/www.inmsol.com\\\/wp-content\\\/uploads\\\/2023\\\/06\\\/logo-inmsol-1.png\",\"contentUrl\":\"https:\\\/\\\/www.inmsol.com\\\/wp-content\\\/uploads\\\/2023\\\/06\\\/logo-inmsol-1.png\",\"width\":136,\"height\":73,\"caption\":\"Instituto Mediterr\u00e1neo Sol\"},\"image\":{\"@id\":\"https:\\\/\\\/www.inmsol.com\\\/tr\\\/#\\\/schema\\\/logo\\\/image\\\/\"},\"sameAs\":[\"https:\\\/\\\/www.facebook.com\\\/spanishcourses\",\"https:\\\/\\\/x.com\\\/StudyInGranada\",\"http:\\\/\\\/instagram.com\\\/imsolgranada\",\"https:\\\/\\\/es.linkedin.com\\\/company\\\/imsol-granada\",\"https:\\\/\\\/www.pinterest.es\\\/inmsol\\\/\",\"https:\\\/\\\/www.youtube.com\\\/channel\\\/UChz-Qn_7coFMosY85iYMO4g\"]}]}<\/script>\n<!-- \/ Yoast SEO plugin. -->","yoast_head_json":{"title":"Uzun s\u00fcreli kurslar i\u00e7in \u00f6zel indirimler | INMSOL","description":"Discounts in long duration Spanish courses in Granada.","robots":{"index":"index","follow":"follow","max-snippet":"max-snippet:-1","max-image-preview":"max-image-preview:large","max-video-preview":"max-video-preview:-1"},"canonical":"https:\/\/www.inmsol.com\/tr\/uzun-sureli-kurslar-icin-ozel-indirimler\/","og_locale":"tr_TR","og_type":"article","og_title":"Uzun s\u00fcreli kurslar i\u00e7in \u00f6zel indirimler | INMSOL","og_description":"Discounts in long duration Spanish courses in Granada.","og_url":"https:\/\/www.inmsol.com\/tr\/uzun-sureli-kurslar-icin-ozel-indirimler\/","og_site_name":"iNMSOL","article_publisher":"https:\/\/www.facebook.com\/spanishcourses","article_modified_time":"2014-10-07T10:31:35+00:00","og_image":[{"width":320,"height":154,"url":"https:\/\/www.inmsol.com\/wp-content\/uploads\/2019\/08\/logo-inmsol.png","type":"image\/png"}],"schema":{"@context":"https:\/\/schema.org","@graph":[{"@type":"WebPage","@id":"https:\/\/www.inmsol.com\/tr\/uzun-sureli-kurslar-icin-ozel-indirimler\/","url":"https:\/\/www.inmsol.com\/tr\/uzun-sureli-kurslar-icin-ozel-indirimler\/","name":"Uzun s\u00fcreli kurslar i\u00e7in \u00f6zel indirimler | INMSOL","isPartOf":{"@id":"https:\/\/www.inmsol.com\/tr\/#website"},"datePublished":"2011-10-05T17:30:56+00:00","dateModified":"2014-10-07T10:31:35+00:00","description":"Discounts in long duration Spanish courses in Granada.","breadcrumb":{"@id":"https:\/\/www.inmsol.com\/tr\/uzun-sureli-kurslar-icin-ozel-indirimler\/#breadcrumb"},"inLanguage":"tr","potentialAction":[{"@type":"ReadAction","target":["https:\/\/www.inmsol.com\/tr\/uzun-sureli-kurslar-icin-ozel-indirimler\/"]}]},{"@type":"BreadcrumbList","@id":"https:\/\/www.inmsol.com\/tr\/uzun-sureli-kurslar-icin-ozel-indirimler\/#breadcrumb","itemListElement":[{"@type":"ListItem","position":1,"name":"Accredited Center by Instituto Cervantes","item":"https:\/\/www.inmsol.com\/tr\/pagina-ejemplo\/"},{"@type":"ListItem","position":2,"name":"Uzun s\u00fcreli kurslar i\u00e7in \u00f6zel indirimler"}]},{"@type":"WebSite","@id":"https:\/\/www.inmsol.com\/tr\/#website","url":"https:\/\/www.inmsol.com\/tr\/","name":"iNMSOL","description":"Learn Spanish with Us | Cervantes acredited Learning Centre","publisher":{"@id":"https:\/\/www.inmsol.com\/tr\/#organization"},"potentialAction":[{"@type":"SearchAction","target":{"@type":"EntryPoint","urlTemplate":"https:\/\/www.inmsol.com\/tr\/?s={search_term_string}"},"query-input":{"@type":"PropertyValueSpecification","valueRequired":true,"valueName":"search_term_string"}}],"inLanguage":"tr"},{"@type":"Organization","@id":"https:\/\/www.inmsol.com\/tr\/#organization","name":"Instituto Mediterr\u00e1neo Sol","url":"https:\/\/www.inmsol.com\/tr\/","logo":{"@type":"ImageObject","inLanguage":"tr","@id":"https:\/\/www.inmsol.com\/tr\/#\/schema\/logo\/image\/","url":"https:\/\/www.inmsol.com\/wp-content\/uploads\/2023\/06\/logo-inmsol-1.png","contentUrl":"https:\/\/www.inmsol.com\/wp-content\/uploads\/2023\/06\/logo-inmsol-1.png","width":136,"height":73,"caption":"Instituto Mediterr\u00e1neo Sol"},"image":{"@id":"https:\/\/www.inmsol.com\/tr\/#\/schema\/logo\/image\/"},"sameAs":["https:\/\/www.facebook.com\/spanishcourses","https:\/\/x.com\/StudyInGranada","http:\/\/instagram.com\/imsolgranada","https:\/\/es.linkedin.com\/company\/imsol-granada","https:\/\/www.pinterest.es\/inmsol\/","https:\/\/www.youtube.com\/channel\/UChz-Qn_7coFMosY85iYMO4g"]}]}},"_links":{"self":[{"href":"https:\/\/www.inmsol.com\/tr\/wp-json\/wp\/v2\/pages\/888","targetHints":{"allow":["GET"]}}],"collection":[{"href":"https:\/\/www.inmsol.com\/tr\/wp-json\/wp\/v2\/pages"}],"about":[{"href":"https:\/\/www.inmsol.com\/tr\/wp-json\/wp\/v2\/types\/page"}],"author":[{"embeddable":true,"href":"https:\/\/www.inmsol.com\/tr\/wp-json\/wp\/v2\/users\/2"}],"replies":[{"embeddable":true,"href":"https:\/\/www.inmsol.com\/tr\/wp-json\/wp\/v2\/comments?post=888"}],"version-history":[{"count":0,"href":"https:\/\/www.inmsol.com\/tr\/wp-json\/wp\/v2\/pages\/888\/revisions"}],"wp:attachment":[{"href":"https:\/\/www.inmsol.com\/tr\/wp-json\/wp\/v2\/media?parent=888"}],"curies":[{"name":"wp","href":"https:\/\/api.w.org\/{rel}","templated":true}]}}