{"id":64705,"date":"2023-01-03T11:56:08","date_gmt":"2023-01-03T10:56:08","guid":{"rendered":"https:\/\/www.inmsol.com\/producto\/combined-spanish-20-5\/"},"modified":"2026-03-31T17:06:57","modified_gmt":"2026-03-31T15:06:57","slug":"kombine-ispanyolca-20-5","status":"publish","type":"product","link":"https:\/\/www.inmsol.com\/tr\/producto\/kombine-ispanyolca-20-5\/","title":{"rendered":"Kombine \u0130spanyolca 20+5"},"content":{"rendered":"<p>G\u00fcnde 4 grup dersine ek olarak, g\u00fcnde 1 bireysel dersten olu\u015fan genel \u0130spanyolca kursu a\u015fa\u011f\u0131daki \u015fekilde d\u00fczenlenmi\u015ftir:<\/p>\n<ul>\n<li>G\u00fcnde 2 ders ileti\u015fimsel dilbilgisi<\/li>\n<li>S\u00f6zl\u00fc ve yaz\u0131l\u0131 pratik ile g\u00fcnde 2 ders kelime bilgisi ve konu\u015fma.<\/li>\n<li>Kat\u0131l\u0131mc\u0131n\u0131n akademik ihtiya\u00e7lar\u0131 ve tercihleri dikkate al\u0131narak g\u00fcnde 1 bireysel ders.<\/li>\n<\/ul>\n<p><a href=\"https:\/\/www.inmsol.com\/wp-content\/uploads\/2022\/12\/Cursos-intensivos-y-superintensivos-2.jpg\" target=\"_blank\" rel=\"noopener\"><img fetchpriority=\"high\" decoding=\"async\" class=\"aligncenter wp-image-63699 size-full\" title=\"Cursos intensivos de espa\u00f1ol\" src=\"https:\/\/www.inmsol.com\/wp-content\/uploads\/2022\/12\/Cursos-intensivos-y-superintensivos-2.jpg\" alt=\"Cursos intensivos de espa\u00f1ol en Granada\" width=\"1010\" height=\"500\" srcset=\"https:\/\/www.inmsol.com\/wp-content\/uploads\/2022\/12\/Cursos-intensivos-y-superintensivos-2.jpg 1010w, https:\/\/www.inmsol.com\/wp-content\/uploads\/2022\/12\/Cursos-intensivos-y-superintensivos-2-800x396.jpg 800w, https:\/\/www.inmsol.com\/wp-content\/uploads\/2022\/12\/Cursos-intensivos-y-superintensivos-2-64x32.jpg 64w, https:\/\/www.inmsol.com\/wp-content\/uploads\/2022\/12\/Cursos-intensivos-y-superintensivos-2-460x228.jpg 460w, https:\/\/www.inmsol.com\/wp-content\/uploads\/2022\/12\/Cursos-intensivos-y-superintensivos-2-768x380.jpg 768w, https:\/\/www.inmsol.com\/wp-content\/uploads\/2022\/12\/Cursos-intensivos-y-superintensivos-2-250x124.jpg 250w, https:\/\/www.inmsol.com\/wp-content\/uploads\/2022\/12\/Cursos-intensivos-y-superintensivos-2-600x297.jpg 600w\" sizes=\"(max-width: 1010px) 100vw, 1010px\" \/><\/a><\/p>\n<p>Dersler ilk g\u00fcnden itibaren tamamen \u0130spanyolca olarak yap\u0131lmaktad\u0131r. Kay\u0131t \u00fccretine online seviye testi, Pazartesi&#8217;den Cuma&#8217;ya dersler, haftal\u0131k aktiviteler ve kurs sonunda kat\u0131l\u0131m sertifikas\u0131 dahildir. Her ders 45 dakika s\u00fcrmektedir.<\/p>\n<p><a class=\"btn-descarga\" href=\"https:\/\/www.inmsol.com\/wp-content\/uploads\/2026\/03\/Objetivos_contenidos_cursos-generales_2026.pdf\" target=\"_blank\" rel=\"noopener\"><br \/>\n\ud83d\udcc4 Kurs \u0130\u00e7eri\u011fi<br \/>\n<\/a><\/p>\n<p>&nbsp;<\/p>\n<h4 class=\"ds-markdown-paragraph\">Bu kursta kat\u0131l\u0131mc\u0131 say\u0131s\u0131na ba\u011fl\u0131 olarak uygulanan ko\u015fullar:<\/h4>\n<blockquote>\n<p class=\"ds-markdown-paragraph\"><strong>1 veya 2 \u00f6\u011frenci:<\/strong>\u00a0Kat\u0131l\u0131mc\u0131lar, s\u00f6zle\u015fmede belirtilen derslerin %50&#8217;sini, seviyelerine ve ihtiya\u00e7lar\u0131na g\u00f6re bireysel (1 \u00f6\u011fretmen\/1 \u00f6\u011frenci) veya yar\u0131 \u00f6zel (1 \u00f6\u011fretmen\/2 \u00f6\u011frenci) olarak al\u0131rlar. Fiyat fark\u0131n\u0131 \u00f6demeleri gerekmez.<\/p>\n<p class=\"ds-markdown-paragraph\"><strong>3 veya daha fazla \u00f6\u011frenci:<\/strong>\u00a0Kat\u0131l\u0131mc\u0131lar, s\u00f6zle\u015fmede belirtilen derslerin %100&#8217;\u00fcn\u00fc grup dersi olarak al\u0131rlar.<\/p>\n<\/blockquote>\n<p>&nbsp;<\/p>\n<p class=\"ds-markdown-paragraph\">Ko\u015fullar\u0131m\u0131z\u0131 ve \u015fartlar\u0131m\u0131z\u0131 kontrol edin<a href=\"https:\/\/www.inmsol.com\/tr\/bilgeler-ve-kosullar\/\" target=\"_blank\" rel=\"noopener\">https:\/\/www.inmsol.com\/tr\/bilgeler-ve-kosullar\/<\/a>!<\/p>\n<p>&nbsp;<\/p>\n","protected":false},"excerpt":{"rendered":"<p>Genel \u0130spanyolca kursu ve haftada 25 derslik bireysel dersler.<\/p>\n","protected":false},"featured_media":63914,"template":"","meta":{"_acf_changed":false},"product_brand":[],"product_cat":[1076,1075,1079,1074,1081,1080,1078,1157],"product_tag":[],"class_list":{"0":"post-64705","1":"product","2":"type-product","3":"status-publish","4":"has-post-thumbnail","6":"product_cat-a1-tr","7":"product_cat-a2-tr","8":"product_cat-b1-tr","9":"product_cat-b2-tr","10":"product_cat-c1-tr","11":"product_cat-c2-tr","12":"product_cat-intensives-tr","13":"product_cat-private-tr","15":"first","16":"instock","17":"sold-individually","18":"purchasable","19":"product-type-variable"},"acf":[],"yoast_head":"<!-- This site is optimized with the Yoast SEO plugin v27.4 - https:\/\/yoast.com\/product\/yoast-seo-wordpress\/ -->\n<title>Kombine \u0130spanyolca 20+5 | iNMSOL<\/title>\n<meta name=\"description\" content=\"Granada&#039;daki karma kurslar\u0131m\u0131zdan birine rezervasyon yapt\u0131r\u0131n! Bu kurslar grup derslerini ve bireysel dersleri i\u00e7erir, geli\u015fiminiz i\u00e7in m\u00fckemmeldir!\" \/>\n<meta name=\"robots\" content=\"index, follow, max-snippet:-1, max-image-preview:large, max-video-preview:-1\" \/>\n<link rel=\"canonical\" href=\"https:\/\/www.inmsol.com\/tr\/producto\/kombine-ispanyolca-20-5\/\" \/>\n<meta property=\"og:locale\" content=\"tr_TR\" \/>\n<meta property=\"og:type\" content=\"article\" \/>\n<meta property=\"og:title\" content=\"Combined Spanish of 25 lessons\" \/>\n<meta property=\"og:description\" content=\"Granada&#039;daki karma kurslar\u0131m\u0131zdan birine rezervasyon yapt\u0131r\u0131n! Bu kurslar grup derslerini ve bireysel dersleri i\u00e7erir, geli\u015fiminiz i\u00e7in m\u00fckemmeldir!\" \/>\n<meta property=\"og:url\" content=\"https:\/\/www.inmsol.com\/tr\/producto\/kombine-ispanyolca-20-5\/\" \/>\n<meta property=\"og:site_name\" content=\"iNMSOL\" \/>\n<meta property=\"article:publisher\" content=\"https:\/\/www.facebook.com\/spanishcourses\" \/>\n<meta property=\"article:modified_time\" content=\"2026-03-31T15:06:57+00:00\" \/>\n<meta property=\"og:image\" content=\"https:\/\/www.inmsol.com\/wp-content\/uploads\/2023\/01\/Curso-combinado.jpg\" \/>\n\t<meta property=\"og:image:width\" content=\"1000\" \/>\n\t<meta property=\"og:image:height\" content=\"1000\" \/>\n\t<meta property=\"og:image:type\" content=\"image\/jpeg\" \/>\n<meta name=\"twitter:label1\" content=\"Tahmini okuma s\u00fcresi\" \/>\n\t<meta name=\"twitter:data1\" content=\"1 dakika\" \/>\n<script type=\"application\/ld+json\" class=\"yoast-schema-graph\">{\"@context\":\"https:\\\/\\\/schema.org\",\"@graph\":[{\"@type\":\"WebPage\",\"@id\":\"https:\\\/\\\/www.inmsol.com\\\/tr\\\/producto\\\/kombine-ispanyolca-20-5\\\/\",\"url\":\"https:\\\/\\\/www.inmsol.com\\\/tr\\\/producto\\\/kombine-ispanyolca-20-5\\\/\",\"name\":\"Kombine \u0130spanyolca 20+5 | iNMSOL\",\"isPartOf\":{\"@id\":\"https:\\\/\\\/www.inmsol.com\\\/tr\\\/#website\"},\"primaryImageOfPage\":{\"@id\":\"https:\\\/\\\/www.inmsol.com\\\/tr\\\/producto\\\/kombine-ispanyolca-20-5\\\/#primaryimage\"},\"image\":{\"@id\":\"https:\\\/\\\/www.inmsol.com\\\/tr\\\/producto\\\/kombine-ispanyolca-20-5\\\/#primaryimage\"},\"thumbnailUrl\":\"https:\\\/\\\/www.inmsol.com\\\/wp-content\\\/uploads\\\/2023\\\/01\\\/Curso-combinado.jpg\",\"datePublished\":\"2023-01-03T10:56:08+00:00\",\"dateModified\":\"2026-03-31T15:06:57+00:00\",\"description\":\"Granada'daki karma kurslar\u0131m\u0131zdan birine rezervasyon yapt\u0131r\u0131n! Bu kurslar grup derslerini ve bireysel dersleri i\u00e7erir, geli\u015fiminiz i\u00e7in m\u00fckemmeldir!\",\"breadcrumb\":{\"@id\":\"https:\\\/\\\/www.inmsol.com\\\/tr\\\/producto\\\/kombine-ispanyolca-20-5\\\/#breadcrumb\"},\"inLanguage\":\"tr\",\"potentialAction\":[{\"@type\":\"ReadAction\",\"target\":[\"https:\\\/\\\/www.inmsol.com\\\/tr\\\/producto\\\/kombine-ispanyolca-20-5\\\/\"]}]},{\"@type\":\"ImageObject\",\"inLanguage\":\"tr\",\"@id\":\"https:\\\/\\\/www.inmsol.com\\\/tr\\\/producto\\\/kombine-ispanyolca-20-5\\\/#primaryimage\",\"url\":\"https:\\\/\\\/www.inmsol.com\\\/wp-content\\\/uploads\\\/2023\\\/01\\\/Curso-combinado.jpg\",\"contentUrl\":\"https:\\\/\\\/www.inmsol.com\\\/wp-content\\\/uploads\\\/2023\\\/01\\\/Curso-combinado.jpg\",\"width\":1000,\"height\":1000},{\"@type\":\"BreadcrumbList\",\"@id\":\"https:\\\/\\\/www.inmsol.com\\\/tr\\\/producto\\\/kombine-ispanyolca-20-5\\\/#breadcrumb\",\"itemListElement\":[{\"@type\":\"ListItem\",\"position\":1,\"name\":\"Accredited Center by Instituto Cervantes\",\"item\":\"https:\\\/\\\/www.inmsol.com\\\/tr\\\/pagina-ejemplo\\\/\"},{\"@type\":\"ListItem\",\"position\":2,\"name\":\"Kurslar\",\"item\":\"https:\\\/\\\/www.inmsol.com\\\/tr\\\/kurslar\\\/\"},{\"@type\":\"ListItem\",\"position\":3,\"name\":\"Kombine \u0130spanyolca 20+5\"}]},{\"@type\":\"WebSite\",\"@id\":\"https:\\\/\\\/www.inmsol.com\\\/tr\\\/#website\",\"url\":\"https:\\\/\\\/www.inmsol.com\\\/tr\\\/\",\"name\":\"iNMSOL\",\"description\":\"Learn Spanish with Us | Cervantes acredited Learning Centre\",\"publisher\":{\"@id\":\"https:\\\/\\\/www.inmsol.com\\\/tr\\\/#organization\"},\"potentialAction\":[{\"@type\":\"SearchAction\",\"target\":{\"@type\":\"EntryPoint\",\"urlTemplate\":\"https:\\\/\\\/www.inmsol.com\\\/tr\\\/?s={search_term_string}\"},\"query-input\":{\"@type\":\"PropertyValueSpecification\",\"valueRequired\":true,\"valueName\":\"search_term_string\"}}],\"inLanguage\":\"tr\"},{\"@type\":\"Organization\",\"@id\":\"https:\\\/\\\/www.inmsol.com\\\/tr\\\/#organization\",\"name\":\"Instituto Mediterr\u00e1neo Sol\",\"url\":\"https:\\\/\\\/www.inmsol.com\\\/tr\\\/\",\"logo\":{\"@type\":\"ImageObject\",\"inLanguage\":\"tr\",\"@id\":\"https:\\\/\\\/www.inmsol.com\\\/tr\\\/#\\\/schema\\\/logo\\\/image\\\/\",\"url\":\"https:\\\/\\\/www.inmsol.com\\\/wp-content\\\/uploads\\\/2023\\\/06\\\/logo-inmsol-1.png\",\"contentUrl\":\"https:\\\/\\\/www.inmsol.com\\\/wp-content\\\/uploads\\\/2023\\\/06\\\/logo-inmsol-1.png\",\"width\":136,\"height\":73,\"caption\":\"Instituto Mediterr\u00e1neo Sol\"},\"image\":{\"@id\":\"https:\\\/\\\/www.inmsol.com\\\/tr\\\/#\\\/schema\\\/logo\\\/image\\\/\"},\"sameAs\":[\"https:\\\/\\\/www.facebook.com\\\/spanishcourses\",\"https:\\\/\\\/x.com\\\/StudyInGranada\",\"http:\\\/\\\/instagram.com\\\/imsolgranada\",\"https:\\\/\\\/es.linkedin.com\\\/company\\\/imsol-granada\",\"https:\\\/\\\/www.pinterest.es\\\/inmsol\\\/\",\"https:\\\/\\\/www.youtube.com\\\/channel\\\/UChz-Qn_7coFMosY85iYMO4g\"]}]}<\/script>\n<!-- \/ Yoast SEO plugin. -->","yoast_head_json":{"title":"Kombine \u0130spanyolca 20+5 | iNMSOL","description":"Granada'daki karma kurslar\u0131m\u0131zdan birine rezervasyon yapt\u0131r\u0131n! Bu kurslar grup derslerini ve bireysel dersleri i\u00e7erir, geli\u015fiminiz i\u00e7in m\u00fckemmeldir!","robots":{"index":"index","follow":"follow","max-snippet":"max-snippet:-1","max-image-preview":"max-image-preview:large","max-video-preview":"max-video-preview:-1"},"canonical":"https:\/\/www.inmsol.com\/tr\/producto\/kombine-ispanyolca-20-5\/","og_locale":"tr_TR","og_type":"article","og_title":"Combined Spanish of 25 lessons","og_description":"Granada'daki karma kurslar\u0131m\u0131zdan birine rezervasyon yapt\u0131r\u0131n! Bu kurslar grup derslerini ve bireysel dersleri i\u00e7erir, geli\u015fiminiz i\u00e7in m\u00fckemmeldir!","og_url":"https:\/\/www.inmsol.com\/tr\/producto\/kombine-ispanyolca-20-5\/","og_site_name":"iNMSOL","article_publisher":"https:\/\/www.facebook.com\/spanishcourses","article_modified_time":"2026-03-31T15:06:57+00:00","og_image":[{"width":1000,"height":1000,"url":"https:\/\/www.inmsol.com\/wp-content\/uploads\/2023\/01\/Curso-combinado.jpg","type":"image\/jpeg"}],"twitter_misc":{"Tahmini okuma s\u00fcresi":"1 dakika"},"schema":{"@context":"https:\/\/schema.org","@graph":[{"@type":"WebPage","@id":"https:\/\/www.inmsol.com\/tr\/producto\/kombine-ispanyolca-20-5\/","url":"https:\/\/www.inmsol.com\/tr\/producto\/kombine-ispanyolca-20-5\/","name":"Kombine \u0130spanyolca 20+5 | iNMSOL","isPartOf":{"@id":"https:\/\/www.inmsol.com\/tr\/#website"},"primaryImageOfPage":{"@id":"https:\/\/www.inmsol.com\/tr\/producto\/kombine-ispanyolca-20-5\/#primaryimage"},"image":{"@id":"https:\/\/www.inmsol.com\/tr\/producto\/kombine-ispanyolca-20-5\/#primaryimage"},"thumbnailUrl":"https:\/\/www.inmsol.com\/wp-content\/uploads\/2023\/01\/Curso-combinado.jpg","datePublished":"2023-01-03T10:56:08+00:00","dateModified":"2026-03-31T15:06:57+00:00","description":"Granada'daki karma kurslar\u0131m\u0131zdan birine rezervasyon yapt\u0131r\u0131n! Bu kurslar grup derslerini ve bireysel dersleri i\u00e7erir, geli\u015fiminiz i\u00e7in m\u00fckemmeldir!","breadcrumb":{"@id":"https:\/\/www.inmsol.com\/tr\/producto\/kombine-ispanyolca-20-5\/#breadcrumb"},"inLanguage":"tr","potentialAction":[{"@type":"ReadAction","target":["https:\/\/www.inmsol.com\/tr\/producto\/kombine-ispanyolca-20-5\/"]}]},{"@type":"ImageObject","inLanguage":"tr","@id":"https:\/\/www.inmsol.com\/tr\/producto\/kombine-ispanyolca-20-5\/#primaryimage","url":"https:\/\/www.inmsol.com\/wp-content\/uploads\/2023\/01\/Curso-combinado.jpg","contentUrl":"https:\/\/www.inmsol.com\/wp-content\/uploads\/2023\/01\/Curso-combinado.jpg","width":1000,"height":1000},{"@type":"BreadcrumbList","@id":"https:\/\/www.inmsol.com\/tr\/producto\/kombine-ispanyolca-20-5\/#breadcrumb","itemListElement":[{"@type":"ListItem","position":1,"name":"Accredited Center by Instituto Cervantes","item":"https:\/\/www.inmsol.com\/tr\/pagina-ejemplo\/"},{"@type":"ListItem","position":2,"name":"Kurslar","item":"https:\/\/www.inmsol.com\/tr\/kurslar\/"},{"@type":"ListItem","position":3,"name":"Kombine \u0130spanyolca 20+5"}]},{"@type":"WebSite","@id":"https:\/\/www.inmsol.com\/tr\/#website","url":"https:\/\/www.inmsol.com\/tr\/","name":"iNMSOL","description":"Learn Spanish with Us | Cervantes acredited Learning Centre","publisher":{"@id":"https:\/\/www.inmsol.com\/tr\/#organization"},"potentialAction":[{"@type":"SearchAction","target":{"@type":"EntryPoint","urlTemplate":"https:\/\/www.inmsol.com\/tr\/?s={search_term_string}"},"query-input":{"@type":"PropertyValueSpecification","valueRequired":true,"valueName":"search_term_string"}}],"inLanguage":"tr"},{"@type":"Organization","@id":"https:\/\/www.inmsol.com\/tr\/#organization","name":"Instituto Mediterr\u00e1neo Sol","url":"https:\/\/www.inmsol.com\/tr\/","logo":{"@type":"ImageObject","inLanguage":"tr","@id":"https:\/\/www.inmsol.com\/tr\/#\/schema\/logo\/image\/","url":"https:\/\/www.inmsol.com\/wp-content\/uploads\/2023\/06\/logo-inmsol-1.png","contentUrl":"https:\/\/www.inmsol.com\/wp-content\/uploads\/2023\/06\/logo-inmsol-1.png","width":136,"height":73,"caption":"Instituto Mediterr\u00e1neo Sol"},"image":{"@id":"https:\/\/www.inmsol.com\/tr\/#\/schema\/logo\/image\/"},"sameAs":["https:\/\/www.facebook.com\/spanishcourses","https:\/\/x.com\/StudyInGranada","http:\/\/instagram.com\/imsolgranada","https:\/\/es.linkedin.com\/company\/imsol-granada","https:\/\/www.pinterest.es\/inmsol\/","https:\/\/www.youtube.com\/channel\/UChz-Qn_7coFMosY85iYMO4g"]}]}},"_links":{"self":[{"href":"https:\/\/www.inmsol.com\/tr\/wp-json\/wp\/v2\/product\/64705","targetHints":{"allow":["GET"]}}],"collection":[{"href":"https:\/\/www.inmsol.com\/tr\/wp-json\/wp\/v2\/product"}],"about":[{"href":"https:\/\/www.inmsol.com\/tr\/wp-json\/wp\/v2\/types\/product"}],"wp:featuredmedia":[{"embeddable":true,"href":"https:\/\/www.inmsol.com\/tr\/wp-json\/wp\/v2\/media\/63914"}],"wp:attachment":[{"href":"https:\/\/www.inmsol.com\/tr\/wp-json\/wp\/v2\/media?parent=64705"}],"wp:term":[{"taxonomy":"product_brand","embeddable":true,"href":"https:\/\/www.inmsol.com\/tr\/wp-json\/wp\/v2\/product_brand?post=64705"},{"taxonomy":"product_cat","embeddable":true,"href":"https:\/\/www.inmsol.com\/tr\/wp-json\/wp\/v2\/product_cat?post=64705"},{"taxonomy":"product_tag","embeddable":true,"href":"https:\/\/www.inmsol.com\/tr\/wp-json\/wp\/v2\/product_tag?post=64705"}],"curies":[{"name":"wp","href":"https:\/\/api.w.org\/{rel}","templated":true}]}}