{"id":66693,"date":"2023-01-12T16:32:59","date_gmt":"2023-01-12T15:32:59","guid":{"rendered":"https:\/\/www.inmsol.com\/?post_type=product&#038;p=66693"},"modified":"2026-03-31T18:11:50","modified_gmt":"2026-03-31T16:11:50","slug":"hispanik-calismalari","status":"publish","type":"product","link":"https:\/\/www.inmsol.com\/tr\/producto\/hispanik-calismalari\/","title":{"rendered":"Hispanik \u00c7al\u0131\u015fmalar\u0131"},"content":{"rendered":"<p>Bu dersler, \u00f6\u011frencilere edebi, tarihi, k\u00fclt\u00fcrel ve ticari ba\u011flamlarda \u0130spanyol dili hakk\u0131nda geni\u015f bir bilgi sa\u011flayacak, b\u00f6ylece farkl\u0131 alanlardaki \u0130spanyol ger\u00e7ekli\u011fini \u00f6\u011freneceklerdir. Ayr\u0131ca, bir dil ve dilsel bir kaynak olarak \u0130spanyolcan\u0131n genel y\u00f6nlerinin yan\u0131 s\u0131ra \u0130spanya&#8217;n\u0131n tarihi, k\u00fclt\u00fcr\u00fc, edebiyat\u0131 ve ticareti de ele al\u0131nacakt\u0131r. Bu kurs i\u00e7in \u00f6\u011frencinin en az B1 seviyesinde olmas\u0131 gerekmektedir. G\u00fcnde 4 dersten olu\u015fur ve a\u015fa\u011f\u0131daki \u015fekilde d\u00fczenlenir:<\/p>\n<ul>\n<li>G\u00fcnde 2 ders dilbilgisi veya konu\u015fma<\/li>\n<li>Hispanik \u00c7al\u0131\u015fmalar\u0131nda belirli konularda g\u00fcnde 2 ders.<\/li>\n<\/ul>\n<p>Belirli konular \u00f6\u011frenci taraf\u0131ndan se\u00e7ilecek 2 konu olacakt\u0131r:<\/p>\n<ol>\n<li>\u0130spanyol ve Latin Amerika Edebiyat\u0131<\/li>\n<li>\u0130spanyol ve Latin Amerika Tarihi<\/li>\n<li>\u0130spanyol ve Latin Amerika k\u00fclt\u00fcr\u00fc<\/li>\n<\/ol>\n<p><a href=\"https:\/\/www.inmsol.com\/wp-content\/uploads\/2023\/01\/Curso-general-de-estudios-hispanicos.jpg\" target=\"_blank\" rel=\"noopener\"><img fetchpriority=\"high\" decoding=\"async\" class=\"aligncenter wp-image-67006 size-full\" title=\"Estudios hisp\u00e1nicos en Granada\" src=\"https:\/\/www.inmsol.com\/wp-content\/uploads\/2023\/01\/Curso-general-de-estudios-hispanicos.jpg\" alt=\"Estudios hisp\u00e1nicos\" width=\"1010\" height=\"500\" srcset=\"https:\/\/www.inmsol.com\/wp-content\/uploads\/2023\/01\/Curso-general-de-estudios-hispanicos.jpg 1010w, https:\/\/www.inmsol.com\/wp-content\/uploads\/2023\/01\/Curso-general-de-estudios-hispanicos-800x396.jpg 800w, https:\/\/www.inmsol.com\/wp-content\/uploads\/2023\/01\/Curso-general-de-estudios-hispanicos-64x32.jpg 64w, https:\/\/www.inmsol.com\/wp-content\/uploads\/2023\/01\/Curso-general-de-estudios-hispanicos-460x228.jpg 460w, https:\/\/www.inmsol.com\/wp-content\/uploads\/2023\/01\/Curso-general-de-estudios-hispanicos-768x380.jpg 768w, https:\/\/www.inmsol.com\/wp-content\/uploads\/2023\/01\/Curso-general-de-estudios-hispanicos-250x124.jpg 250w, https:\/\/www.inmsol.com\/wp-content\/uploads\/2023\/01\/Curso-general-de-estudios-hispanicos-600x297.jpg 600w\" sizes=\"(max-width: 1010px) 100vw, 1010px\" \/><\/a><\/p>\n<p>Dersler ilk g\u00fcnden itibaren tamamen \u0130spanyolca olarak yap\u0131lmaktad\u0131r. Kay\u0131t \u00fccretine online seviye testi, Pazartesi&#8217;den Cuma&#8217;ya dersler, haftal\u0131k aktiviteler ve kurs sonunda kat\u0131l\u0131m sertifikas\u0131 dahildir. Her ders 45 dakika s\u00fcrmektedir.<\/p>\n<p><a class=\"btn-descarga\" href=\"https:\/\/www.inmsol.com\/wp-content\/uploads\/2026\/03\/Objetivos_contenidos_cursos-especificos_2026_iNMSOL.pdf\" target=\"_blank\" rel=\"noopener\"><br \/>\n\ud83d\udcc4 Kurs \u0130\u00e7eri\u011fi<br \/>\n<\/a><\/p>\n<p>&nbsp;<\/p>\n<h4 class=\"ds-markdown-paragraph\">Kurslardaki kat\u0131l\u0131mc\u0131 say\u0131s\u0131na g\u00f6re ko\u015fullar:<\/h4>\n<blockquote>\n<p class=\"ds-markdown-paragraph\"><strong>1 veya 2 \u00f6\u011frenci:<\/strong>\u00a0Kat\u0131l\u0131mc\u0131, s\u00f6zle\u015fmede belirtilen derslerin %50&#8217;sini, seviyesine ve ihtiya\u00e7lar\u0131na g\u00f6re bireysel ders (1 \u00f6\u011fretmen\/1 \u00f6\u011frenci) veya yar\u0131 \u00f6zel ders (1 \u00f6\u011fretmen\/2 \u00f6\u011frenci) olarak al\u0131r. Kat\u0131l\u0131mc\u0131, fiyat fark\u0131n\u0131 asla \u00f6demez.<\/p>\n<p class=\"ds-markdown-paragraph\"><strong>3 veya daha fazla \u00f6\u011frenci:<\/strong>\u00a0Kat\u0131l\u0131mc\u0131lar, s\u00f6zle\u015fmede belirtilen derslerin %100&#8217;\u00fcn\u00fc grup olarak al\u0131rlar.<\/p>\n<\/blockquote>\n<p>&nbsp;<\/p>\n<p><a href=\"https:\/\/www.inmsol.com\/tr\/bilgeler-ve-kosullar\/\">H\u00fck\u00fcm ve ko\u015fullar\u0131m\u0131za<\/a> bak\u0131n!<\/p>\n","protected":false},"excerpt":{"rendered":"<p>20 ders\/hafta Hispanik \u00c7al\u0131\u015fmalar\u0131 kursu.<\/p>\n","protected":false},"featured_media":67019,"template":"","meta":{"_acf_changed":false},"product_brand":[],"product_cat":[1079,1074,1081,1080,1184],"product_tag":[],"class_list":{"0":"post-66693","1":"product","2":"type-product","3":"status-publish","4":"has-post-thumbnail","6":"product_cat-b1-tr","7":"product_cat-b2-tr","8":"product_cat-c1-tr","9":"product_cat-c2-tr","10":"product_cat-hispanic-studies-tr","12":"first","13":"instock","14":"sold-individually","15":"purchasable","16":"product-type-variable"},"acf":[],"yoast_head":"<!-- This site is optimized with the Yoast SEO plugin v27.4 - https:\/\/yoast.com\/product\/yoast-seo-wordpress\/ -->\n<title>Hispanik \u00c7al\u0131\u015fmalar\u0131 | iNMSOL<\/title>\n<meta name=\"description\" content=\"Hem \u0130spanya hem de Latin Amerika&#039;n\u0131n edebi, tarihi, k\u00fclt\u00fcrel ve ticari ba\u011flamlar\u0131 i\u00e7inde geni\u015f bir \u0130spanyolca bilgisi edinmek.\" \/>\n<meta name=\"robots\" content=\"index, follow, max-snippet:-1, max-image-preview:large, max-video-preview:-1\" \/>\n<link rel=\"canonical\" href=\"https:\/\/www.inmsol.com\/tr\/producto\/hispanik-calismalari\/\" \/>\n<meta property=\"og:locale\" content=\"tr_TR\" \/>\n<meta property=\"og:type\" content=\"article\" \/>\n<meta property=\"og:title\" content=\"Estudios hisp\u00e1nicos en Granada\" \/>\n<meta property=\"og:description\" content=\"Obt\u00e9n un conocimiento amplio del espa\u00f1ol dentro de contextos literarios, hist\u00f3ricos, culturales y comerciales, tanto de Espa\u00f1a como de Latinoam\u00e9rica.\" \/>\n<meta property=\"og:url\" content=\"https:\/\/www.inmsol.com\/tr\/producto\/hispanik-calismalari\/\" \/>\n<meta property=\"og:site_name\" content=\"iNMSOL\" \/>\n<meta property=\"article:publisher\" content=\"https:\/\/www.facebook.com\/spanishcourses\" \/>\n<meta property=\"article:modified_time\" content=\"2026-03-31T16:11:50+00:00\" \/>\n<meta property=\"og:image\" content=\"https:\/\/www.inmsol.com\/wp-content\/uploads\/2023\/01\/Curso-de-estudios-hispanicos.jpg\" \/>\n\t<meta property=\"og:image:width\" content=\"1000\" \/>\n\t<meta property=\"og:image:height\" content=\"1000\" \/>\n\t<meta property=\"og:image:type\" content=\"image\/jpeg\" \/>\n<meta name=\"twitter:label1\" content=\"Tahmini okuma s\u00fcresi\" \/>\n\t<meta name=\"twitter:data1\" content=\"2 dakika\" \/>\n<script type=\"application\/ld+json\" class=\"yoast-schema-graph\">{\"@context\":\"https:\\\/\\\/schema.org\",\"@graph\":[{\"@type\":\"WebPage\",\"@id\":\"https:\\\/\\\/www.inmsol.com\\\/tr\\\/producto\\\/hispanik-calismalari\\\/\",\"url\":\"https:\\\/\\\/www.inmsol.com\\\/tr\\\/producto\\\/hispanik-calismalari\\\/\",\"name\":\"Hispanik \u00c7al\u0131\u015fmalar\u0131 | iNMSOL\",\"isPartOf\":{\"@id\":\"https:\\\/\\\/www.inmsol.com\\\/tr\\\/#website\"},\"primaryImageOfPage\":{\"@id\":\"https:\\\/\\\/www.inmsol.com\\\/tr\\\/producto\\\/hispanik-calismalari\\\/#primaryimage\"},\"image\":{\"@id\":\"https:\\\/\\\/www.inmsol.com\\\/tr\\\/producto\\\/hispanik-calismalari\\\/#primaryimage\"},\"thumbnailUrl\":\"https:\\\/\\\/www.inmsol.com\\\/wp-content\\\/uploads\\\/2023\\\/01\\\/Curso-de-estudios-hispanicos.jpg\",\"datePublished\":\"2023-01-12T15:32:59+00:00\",\"dateModified\":\"2026-03-31T16:11:50+00:00\",\"description\":\"Hem \u0130spanya hem de Latin Amerika'n\u0131n edebi, tarihi, k\u00fclt\u00fcrel ve ticari ba\u011flamlar\u0131 i\u00e7inde geni\u015f bir \u0130spanyolca bilgisi edinmek.\",\"breadcrumb\":{\"@id\":\"https:\\\/\\\/www.inmsol.com\\\/tr\\\/producto\\\/hispanik-calismalari\\\/#breadcrumb\"},\"inLanguage\":\"tr\",\"potentialAction\":[{\"@type\":\"ReadAction\",\"target\":[\"https:\\\/\\\/www.inmsol.com\\\/tr\\\/producto\\\/hispanik-calismalari\\\/\"]}]},{\"@type\":\"ImageObject\",\"inLanguage\":\"tr\",\"@id\":\"https:\\\/\\\/www.inmsol.com\\\/tr\\\/producto\\\/hispanik-calismalari\\\/#primaryimage\",\"url\":\"https:\\\/\\\/www.inmsol.com\\\/wp-content\\\/uploads\\\/2023\\\/01\\\/Curso-de-estudios-hispanicos.jpg\",\"contentUrl\":\"https:\\\/\\\/www.inmsol.com\\\/wp-content\\\/uploads\\\/2023\\\/01\\\/Curso-de-estudios-hispanicos.jpg\",\"width\":1000,\"height\":1000},{\"@type\":\"BreadcrumbList\",\"@id\":\"https:\\\/\\\/www.inmsol.com\\\/tr\\\/producto\\\/hispanik-calismalari\\\/#breadcrumb\",\"itemListElement\":[{\"@type\":\"ListItem\",\"position\":1,\"name\":\"Accredited Center by Instituto Cervantes\",\"item\":\"https:\\\/\\\/www.inmsol.com\\\/tr\\\/pagina-ejemplo\\\/\"},{\"@type\":\"ListItem\",\"position\":2,\"name\":\"Kurslar\",\"item\":\"https:\\\/\\\/www.inmsol.com\\\/tr\\\/kurslar\\\/\"},{\"@type\":\"ListItem\",\"position\":3,\"name\":\"Hispanik \u00c7al\u0131\u015fmalar\u0131\"}]},{\"@type\":\"WebSite\",\"@id\":\"https:\\\/\\\/www.inmsol.com\\\/tr\\\/#website\",\"url\":\"https:\\\/\\\/www.inmsol.com\\\/tr\\\/\",\"name\":\"iNMSOL\",\"description\":\"Learn Spanish with Us | Cervantes acredited Learning Centre\",\"publisher\":{\"@id\":\"https:\\\/\\\/www.inmsol.com\\\/tr\\\/#organization\"},\"potentialAction\":[{\"@type\":\"SearchAction\",\"target\":{\"@type\":\"EntryPoint\",\"urlTemplate\":\"https:\\\/\\\/www.inmsol.com\\\/tr\\\/?s={search_term_string}\"},\"query-input\":{\"@type\":\"PropertyValueSpecification\",\"valueRequired\":true,\"valueName\":\"search_term_string\"}}],\"inLanguage\":\"tr\"},{\"@type\":\"Organization\",\"@id\":\"https:\\\/\\\/www.inmsol.com\\\/tr\\\/#organization\",\"name\":\"Instituto Mediterr\u00e1neo Sol\",\"url\":\"https:\\\/\\\/www.inmsol.com\\\/tr\\\/\",\"logo\":{\"@type\":\"ImageObject\",\"inLanguage\":\"tr\",\"@id\":\"https:\\\/\\\/www.inmsol.com\\\/tr\\\/#\\\/schema\\\/logo\\\/image\\\/\",\"url\":\"https:\\\/\\\/www.inmsol.com\\\/wp-content\\\/uploads\\\/2023\\\/06\\\/logo-inmsol-1.png\",\"contentUrl\":\"https:\\\/\\\/www.inmsol.com\\\/wp-content\\\/uploads\\\/2023\\\/06\\\/logo-inmsol-1.png\",\"width\":136,\"height\":73,\"caption\":\"Instituto Mediterr\u00e1neo Sol\"},\"image\":{\"@id\":\"https:\\\/\\\/www.inmsol.com\\\/tr\\\/#\\\/schema\\\/logo\\\/image\\\/\"},\"sameAs\":[\"https:\\\/\\\/www.facebook.com\\\/spanishcourses\",\"https:\\\/\\\/x.com\\\/StudyInGranada\",\"http:\\\/\\\/instagram.com\\\/imsolgranada\",\"https:\\\/\\\/es.linkedin.com\\\/company\\\/imsol-granada\",\"https:\\\/\\\/www.pinterest.es\\\/inmsol\\\/\",\"https:\\\/\\\/www.youtube.com\\\/channel\\\/UChz-Qn_7coFMosY85iYMO4g\"]}]}<\/script>\n<!-- \/ Yoast SEO plugin. -->","yoast_head_json":{"title":"Hispanik \u00c7al\u0131\u015fmalar\u0131 | iNMSOL","description":"Hem \u0130spanya hem de Latin Amerika'n\u0131n edebi, tarihi, k\u00fclt\u00fcrel ve ticari ba\u011flamlar\u0131 i\u00e7inde geni\u015f bir \u0130spanyolca bilgisi edinmek.","robots":{"index":"index","follow":"follow","max-snippet":"max-snippet:-1","max-image-preview":"max-image-preview:large","max-video-preview":"max-video-preview:-1"},"canonical":"https:\/\/www.inmsol.com\/tr\/producto\/hispanik-calismalari\/","og_locale":"tr_TR","og_type":"article","og_title":"Estudios hisp\u00e1nicos en Granada","og_description":"Obt\u00e9n un conocimiento amplio del espa\u00f1ol dentro de contextos literarios, hist\u00f3ricos, culturales y comerciales, tanto de Espa\u00f1a como de Latinoam\u00e9rica.","og_url":"https:\/\/www.inmsol.com\/tr\/producto\/hispanik-calismalari\/","og_site_name":"iNMSOL","article_publisher":"https:\/\/www.facebook.com\/spanishcourses","article_modified_time":"2026-03-31T16:11:50+00:00","og_image":[{"width":1000,"height":1000,"url":"https:\/\/www.inmsol.com\/wp-content\/uploads\/2023\/01\/Curso-de-estudios-hispanicos.jpg","type":"image\/jpeg"}],"twitter_misc":{"Tahmini okuma s\u00fcresi":"2 dakika"},"schema":{"@context":"https:\/\/schema.org","@graph":[{"@type":"WebPage","@id":"https:\/\/www.inmsol.com\/tr\/producto\/hispanik-calismalari\/","url":"https:\/\/www.inmsol.com\/tr\/producto\/hispanik-calismalari\/","name":"Hispanik \u00c7al\u0131\u015fmalar\u0131 | iNMSOL","isPartOf":{"@id":"https:\/\/www.inmsol.com\/tr\/#website"},"primaryImageOfPage":{"@id":"https:\/\/www.inmsol.com\/tr\/producto\/hispanik-calismalari\/#primaryimage"},"image":{"@id":"https:\/\/www.inmsol.com\/tr\/producto\/hispanik-calismalari\/#primaryimage"},"thumbnailUrl":"https:\/\/www.inmsol.com\/wp-content\/uploads\/2023\/01\/Curso-de-estudios-hispanicos.jpg","datePublished":"2023-01-12T15:32:59+00:00","dateModified":"2026-03-31T16:11:50+00:00","description":"Hem \u0130spanya hem de Latin Amerika'n\u0131n edebi, tarihi, k\u00fclt\u00fcrel ve ticari ba\u011flamlar\u0131 i\u00e7inde geni\u015f bir \u0130spanyolca bilgisi edinmek.","breadcrumb":{"@id":"https:\/\/www.inmsol.com\/tr\/producto\/hispanik-calismalari\/#breadcrumb"},"inLanguage":"tr","potentialAction":[{"@type":"ReadAction","target":["https:\/\/www.inmsol.com\/tr\/producto\/hispanik-calismalari\/"]}]},{"@type":"ImageObject","inLanguage":"tr","@id":"https:\/\/www.inmsol.com\/tr\/producto\/hispanik-calismalari\/#primaryimage","url":"https:\/\/www.inmsol.com\/wp-content\/uploads\/2023\/01\/Curso-de-estudios-hispanicos.jpg","contentUrl":"https:\/\/www.inmsol.com\/wp-content\/uploads\/2023\/01\/Curso-de-estudios-hispanicos.jpg","width":1000,"height":1000},{"@type":"BreadcrumbList","@id":"https:\/\/www.inmsol.com\/tr\/producto\/hispanik-calismalari\/#breadcrumb","itemListElement":[{"@type":"ListItem","position":1,"name":"Accredited Center by Instituto Cervantes","item":"https:\/\/www.inmsol.com\/tr\/pagina-ejemplo\/"},{"@type":"ListItem","position":2,"name":"Kurslar","item":"https:\/\/www.inmsol.com\/tr\/kurslar\/"},{"@type":"ListItem","position":3,"name":"Hispanik \u00c7al\u0131\u015fmalar\u0131"}]},{"@type":"WebSite","@id":"https:\/\/www.inmsol.com\/tr\/#website","url":"https:\/\/www.inmsol.com\/tr\/","name":"iNMSOL","description":"Learn Spanish with Us | Cervantes acredited Learning Centre","publisher":{"@id":"https:\/\/www.inmsol.com\/tr\/#organization"},"potentialAction":[{"@type":"SearchAction","target":{"@type":"EntryPoint","urlTemplate":"https:\/\/www.inmsol.com\/tr\/?s={search_term_string}"},"query-input":{"@type":"PropertyValueSpecification","valueRequired":true,"valueName":"search_term_string"}}],"inLanguage":"tr"},{"@type":"Organization","@id":"https:\/\/www.inmsol.com\/tr\/#organization","name":"Instituto Mediterr\u00e1neo Sol","url":"https:\/\/www.inmsol.com\/tr\/","logo":{"@type":"ImageObject","inLanguage":"tr","@id":"https:\/\/www.inmsol.com\/tr\/#\/schema\/logo\/image\/","url":"https:\/\/www.inmsol.com\/wp-content\/uploads\/2023\/06\/logo-inmsol-1.png","contentUrl":"https:\/\/www.inmsol.com\/wp-content\/uploads\/2023\/06\/logo-inmsol-1.png","width":136,"height":73,"caption":"Instituto Mediterr\u00e1neo Sol"},"image":{"@id":"https:\/\/www.inmsol.com\/tr\/#\/schema\/logo\/image\/"},"sameAs":["https:\/\/www.facebook.com\/spanishcourses","https:\/\/x.com\/StudyInGranada","http:\/\/instagram.com\/imsolgranada","https:\/\/es.linkedin.com\/company\/imsol-granada","https:\/\/www.pinterest.es\/inmsol\/","https:\/\/www.youtube.com\/channel\/UChz-Qn_7coFMosY85iYMO4g"]}]}},"_links":{"self":[{"href":"https:\/\/www.inmsol.com\/tr\/wp-json\/wp\/v2\/product\/66693","targetHints":{"allow":["GET"]}}],"collection":[{"href":"https:\/\/www.inmsol.com\/tr\/wp-json\/wp\/v2\/product"}],"about":[{"href":"https:\/\/www.inmsol.com\/tr\/wp-json\/wp\/v2\/types\/product"}],"wp:featuredmedia":[{"embeddable":true,"href":"https:\/\/www.inmsol.com\/tr\/wp-json\/wp\/v2\/media\/67019"}],"wp:attachment":[{"href":"https:\/\/www.inmsol.com\/tr\/wp-json\/wp\/v2\/media?parent=66693"}],"wp:term":[{"taxonomy":"product_brand","embeddable":true,"href":"https:\/\/www.inmsol.com\/tr\/wp-json\/wp\/v2\/product_brand?post=66693"},{"taxonomy":"product_cat","embeddable":true,"href":"https:\/\/www.inmsol.com\/tr\/wp-json\/wp\/v2\/product_cat?post=66693"},{"taxonomy":"product_tag","embeddable":true,"href":"https:\/\/www.inmsol.com\/tr\/wp-json\/wp\/v2\/product_tag?post=66693"}],"curies":[{"name":"wp","href":"https:\/\/api.w.org\/{rel}","templated":true}]}}