{"id":67567,"date":"2023-01-12T17:55:04","date_gmt":"2023-01-12T16:55:04","guid":{"rendered":"https:\/\/www.inmsol.com\/?post_type=product&#038;p=67567"},"modified":"2026-03-31T18:09:37","modified_gmt":"2026-03-31T16:09:37","slug":"ispanyol-latin-amerika-tarihi","status":"publish","type":"product","link":"https:\/\/www.inmsol.com\/tr\/producto\/ispanyol-latin-amerika-tarihi\/","title":{"rendered":"\u0130spanyol ve Latin Amerika Tarihi"},"content":{"rendered":"<p>\u00d6\u011frenciler, \u0130spanya ve Latin Amerika tarihinin k\u00f6kenleri, nedenleri, \u00f6zellikleri ve g\u00fcn\u00fcm\u00fcze kadar olan d\u00f6n\u00fc\u015f\u00fcmleri hakk\u0131nda bilgi edinerek g\u00fcn\u00fcm\u00fcz \u0130spanyol ger\u00e7ekli\u011fine kar\u015f\u0131 ele\u015ftirel bir tutum kazan\u0131rlar. Bu ders, a\u015fa\u011f\u0131daki \u015fekilde d\u00fczenlenmi\u015f g\u00fcnde 2 dersten olu\u015fmaktad\u0131r:<\/p>\n<ul>\n<li>G\u00fcnde 2 ders \u0130spanyol ve Latin Amerika tarihi.<\/li>\n<\/ul>\n<p><a href=\"https:\/\/www.inmsol.com\/wp-content\/uploads\/2023\/01\/Cursos-de-historia.jpg\" target=\"_blank\" rel=\"noopener\"><img fetchpriority=\"high\" decoding=\"async\" class=\"aligncenter wp-image-67573 size-full\" title=\"Historia espa\u00f1ola y latinoamericana en Granada\" src=\"https:\/\/www.inmsol.com\/wp-content\/uploads\/2023\/01\/Cursos-de-historia.jpg\" alt=\"Historia espa\u00f1ola y latinoamericana\" width=\"1010\" height=\"500\" srcset=\"https:\/\/www.inmsol.com\/wp-content\/uploads\/2023\/01\/Cursos-de-historia.jpg 1010w, https:\/\/www.inmsol.com\/wp-content\/uploads\/2023\/01\/Cursos-de-historia-800x396.jpg 800w, https:\/\/www.inmsol.com\/wp-content\/uploads\/2023\/01\/Cursos-de-historia-64x32.jpg 64w, https:\/\/www.inmsol.com\/wp-content\/uploads\/2023\/01\/Cursos-de-historia-460x228.jpg 460w, https:\/\/www.inmsol.com\/wp-content\/uploads\/2023\/01\/Cursos-de-historia-768x380.jpg 768w, https:\/\/www.inmsol.com\/wp-content\/uploads\/2023\/01\/Cursos-de-historia-250x124.jpg 250w, https:\/\/www.inmsol.com\/wp-content\/uploads\/2023\/01\/Cursos-de-historia-600x297.jpg 600w\" sizes=\"(max-width: 1010px) 100vw, 1010px\" \/><\/a><\/p>\n<p>Dersler ilk g\u00fcnden itibaren tamamen \u0130spanyolca olarak yap\u0131lmaktad\u0131r. Kay\u0131t \u00fccretine online seviye testi, Pazartesi&#8217;den Cuma&#8217;ya dersler, haftal\u0131k aktiviteler ve kurs sonunda kat\u0131l\u0131m sertifikas\u0131 dahildir. Her ders 45 dakika s\u00fcrmektedir.<\/p>\n<p><a class=\"btn-descarga\" href=\"https:\/\/www.inmsol.com\/wp-content\/uploads\/2026\/03\/Objetivos_contenidos_cursos-especificos_2026_iNMSOL.pdf\" target=\"_blank\" rel=\"noopener\"><br \/>\n\ud83d\udcc4 Kurs \u0130\u00e7eri\u011fi<br \/>\n<\/a><\/p>\n<p>&nbsp;<\/p>\n<h4 class=\"ds-markdown-paragraph\">Kurslardaki kat\u0131l\u0131mc\u0131 say\u0131s\u0131na g\u00f6re genel ko\u015fullar:<\/h4>\n<p class=\"ds-markdown-paragraph\">Ayn\u0131 seviyedeki ve ayn\u0131 kurs \u00f6zelliklerindeki bir s\u0131n\u0131ftaki maksimum \u00f6\u011frenci say\u0131s\u0131 10, minimum \u00f6\u011frenci say\u0131s\u0131 ise 3&#8217;t\u00fcr. Bu minimum say\u0131ya ula\u015f\u0131lamamas\u0131 durumunda a\u015fa\u011f\u0131daki ko\u015fullar uygulan\u0131r:<\/p>\n<blockquote>\n<p class=\"ds-markdown-paragraph\"><strong>Kurslar g\u00fcnde 2 dersten olu\u015fuyorsa:<\/strong>\u00a0\u00d6\u011frenci, tek kat\u0131l\u0131mc\u0131 olsa bile, seviyesine bak\u0131lmaks\u0131z\u0131n s\u00f6zle\u015fmede belirtilen t\u00fcm dersleri al\u0131r.<\/p>\n<\/blockquote>\n<p>&nbsp;<\/p>\n<p><a href=\"https:\/\/www.inmsol.com\/tr\/bilgeler-ve-kosullar\/\">H\u00fck\u00fcm ve ko\u015fullar\u0131m\u0131za<\/a> bak\u0131n!<\/p>\n","protected":false},"excerpt":{"rendered":"<p>Haftada 10 derslik \u0130spanyolca ve Latin Amerika tarihi kursu.<\/p>\n","protected":false},"featured_media":67611,"template":"","meta":{"_acf_changed":false},"product_brand":[],"product_cat":[1079,1074,1081,1080,1184],"product_tag":[],"class_list":{"0":"post-67567","1":"product","2":"type-product","3":"status-publish","4":"has-post-thumbnail","6":"product_cat-b1-tr","7":"product_cat-b2-tr","8":"product_cat-c1-tr","9":"product_cat-c2-tr","10":"product_cat-hispanic-studies-tr","12":"first","13":"instock","14":"sold-individually","15":"purchasable","16":"product-type-variable"},"acf":[],"yoast_head":"<!-- This site is optimized with the Yoast SEO plugin v27.4 - https:\/\/yoast.com\/product\/yoast-seo-wordpress\/ -->\n<title>\u0130spanyol ve Latin Amerika Tarihi | iNMSOL<\/title>\n<meta name=\"description\" content=\"Ba\u015flang\u0131c\u0131ndan g\u00fcn\u00fcm\u00fcze kadar edebiyat\u0131n teorik-pratik incelemesi.\" \/>\n<meta name=\"robots\" content=\"index, follow, max-snippet:-1, max-image-preview:large, max-video-preview:-1\" \/>\n<link rel=\"canonical\" href=\"https:\/\/www.inmsol.com\/tr\/producto\/ispanyol-latin-amerika-tarihi\/\" \/>\n<meta property=\"og:locale\" content=\"tr_TR\" \/>\n<meta property=\"og:type\" content=\"article\" \/>\n<meta property=\"og:title\" content=\"Curso de literatura espa\u00f1ola y latinoamericana\" \/>\n<meta property=\"og:description\" content=\"Repaso te\u00f3rico-pr\u00e1ctico a la literatura desde los comienzos del siglo X hasta los autores contempor\u00e1neos, tratando todos los g\u00e9neros.\" \/>\n<meta property=\"og:url\" content=\"https:\/\/www.inmsol.com\/tr\/producto\/ispanyol-latin-amerika-tarihi\/\" \/>\n<meta property=\"og:site_name\" content=\"iNMSOL\" \/>\n<meta property=\"article:publisher\" content=\"https:\/\/www.facebook.com\/spanishcourses\" \/>\n<meta property=\"article:modified_time\" content=\"2026-03-31T16:09:37+00:00\" \/>\n<meta property=\"og:image\" content=\"https:\/\/www.inmsol.com\/wp-content\/uploads\/2023\/01\/Cursos-de-literatura.jpg\" \/>\n<meta name=\"twitter:label1\" content=\"Tahmini okuma s\u00fcresi\" \/>\n\t<meta name=\"twitter:data1\" content=\"1 dakika\" \/>\n<script type=\"application\/ld+json\" class=\"yoast-schema-graph\">{\"@context\":\"https:\\\/\\\/schema.org\",\"@graph\":[{\"@type\":\"WebPage\",\"@id\":\"https:\\\/\\\/www.inmsol.com\\\/tr\\\/producto\\\/ispanyol-latin-amerika-tarihi\\\/\",\"url\":\"https:\\\/\\\/www.inmsol.com\\\/tr\\\/producto\\\/ispanyol-latin-amerika-tarihi\\\/\",\"name\":\"\u0130spanyol ve Latin Amerika Tarihi | iNMSOL\",\"isPartOf\":{\"@id\":\"https:\\\/\\\/www.inmsol.com\\\/tr\\\/#website\"},\"primaryImageOfPage\":{\"@id\":\"https:\\\/\\\/www.inmsol.com\\\/tr\\\/producto\\\/ispanyol-latin-amerika-tarihi\\\/#primaryimage\"},\"image\":{\"@id\":\"https:\\\/\\\/www.inmsol.com\\\/tr\\\/producto\\\/ispanyol-latin-amerika-tarihi\\\/#primaryimage\"},\"thumbnailUrl\":\"https:\\\/\\\/www.inmsol.com\\\/wp-content\\\/uploads\\\/2023\\\/01\\\/Curso-historia.jpg\",\"datePublished\":\"2023-01-12T16:55:04+00:00\",\"dateModified\":\"2026-03-31T16:09:37+00:00\",\"description\":\"Ba\u015flang\u0131c\u0131ndan g\u00fcn\u00fcm\u00fcze kadar edebiyat\u0131n teorik-pratik incelemesi.\",\"breadcrumb\":{\"@id\":\"https:\\\/\\\/www.inmsol.com\\\/tr\\\/producto\\\/ispanyol-latin-amerika-tarihi\\\/#breadcrumb\"},\"inLanguage\":\"tr\",\"potentialAction\":[{\"@type\":\"ReadAction\",\"target\":[\"https:\\\/\\\/www.inmsol.com\\\/tr\\\/producto\\\/ispanyol-latin-amerika-tarihi\\\/\"]}]},{\"@type\":\"ImageObject\",\"inLanguage\":\"tr\",\"@id\":\"https:\\\/\\\/www.inmsol.com\\\/tr\\\/producto\\\/ispanyol-latin-amerika-tarihi\\\/#primaryimage\",\"url\":\"https:\\\/\\\/www.inmsol.com\\\/wp-content\\\/uploads\\\/2023\\\/01\\\/Curso-historia.jpg\",\"contentUrl\":\"https:\\\/\\\/www.inmsol.com\\\/wp-content\\\/uploads\\\/2023\\\/01\\\/Curso-historia.jpg\",\"width\":1000,\"height\":1000},{\"@type\":\"BreadcrumbList\",\"@id\":\"https:\\\/\\\/www.inmsol.com\\\/tr\\\/producto\\\/ispanyol-latin-amerika-tarihi\\\/#breadcrumb\",\"itemListElement\":[{\"@type\":\"ListItem\",\"position\":1,\"name\":\"Accredited Center by Instituto Cervantes\",\"item\":\"https:\\\/\\\/www.inmsol.com\\\/tr\\\/pagina-ejemplo\\\/\"},{\"@type\":\"ListItem\",\"position\":2,\"name\":\"Kurslar\",\"item\":\"https:\\\/\\\/www.inmsol.com\\\/tr\\\/kurslar\\\/\"},{\"@type\":\"ListItem\",\"position\":3,\"name\":\"\u0130spanyol ve Latin Amerika Tarihi\"}]},{\"@type\":\"WebSite\",\"@id\":\"https:\\\/\\\/www.inmsol.com\\\/tr\\\/#website\",\"url\":\"https:\\\/\\\/www.inmsol.com\\\/tr\\\/\",\"name\":\"iNMSOL\",\"description\":\"Learn Spanish with Us | Cervantes acredited Learning Centre\",\"publisher\":{\"@id\":\"https:\\\/\\\/www.inmsol.com\\\/tr\\\/#organization\"},\"potentialAction\":[{\"@type\":\"SearchAction\",\"target\":{\"@type\":\"EntryPoint\",\"urlTemplate\":\"https:\\\/\\\/www.inmsol.com\\\/tr\\\/?s={search_term_string}\"},\"query-input\":{\"@type\":\"PropertyValueSpecification\",\"valueRequired\":true,\"valueName\":\"search_term_string\"}}],\"inLanguage\":\"tr\"},{\"@type\":\"Organization\",\"@id\":\"https:\\\/\\\/www.inmsol.com\\\/tr\\\/#organization\",\"name\":\"Instituto Mediterr\u00e1neo Sol\",\"url\":\"https:\\\/\\\/www.inmsol.com\\\/tr\\\/\",\"logo\":{\"@type\":\"ImageObject\",\"inLanguage\":\"tr\",\"@id\":\"https:\\\/\\\/www.inmsol.com\\\/tr\\\/#\\\/schema\\\/logo\\\/image\\\/\",\"url\":\"https:\\\/\\\/www.inmsol.com\\\/wp-content\\\/uploads\\\/2023\\\/06\\\/logo-inmsol-1.png\",\"contentUrl\":\"https:\\\/\\\/www.inmsol.com\\\/wp-content\\\/uploads\\\/2023\\\/06\\\/logo-inmsol-1.png\",\"width\":136,\"height\":73,\"caption\":\"Instituto Mediterr\u00e1neo Sol\"},\"image\":{\"@id\":\"https:\\\/\\\/www.inmsol.com\\\/tr\\\/#\\\/schema\\\/logo\\\/image\\\/\"},\"sameAs\":[\"https:\\\/\\\/www.facebook.com\\\/spanishcourses\",\"https:\\\/\\\/x.com\\\/StudyInGranada\",\"http:\\\/\\\/instagram.com\\\/imsolgranada\",\"https:\\\/\\\/es.linkedin.com\\\/company\\\/imsol-granada\",\"https:\\\/\\\/www.pinterest.es\\\/inmsol\\\/\",\"https:\\\/\\\/www.youtube.com\\\/channel\\\/UChz-Qn_7coFMosY85iYMO4g\"]}]}<\/script>\n<!-- \/ Yoast SEO plugin. -->","yoast_head_json":{"title":"\u0130spanyol ve Latin Amerika Tarihi | iNMSOL","description":"Ba\u015flang\u0131c\u0131ndan g\u00fcn\u00fcm\u00fcze kadar edebiyat\u0131n teorik-pratik incelemesi.","robots":{"index":"index","follow":"follow","max-snippet":"max-snippet:-1","max-image-preview":"max-image-preview:large","max-video-preview":"max-video-preview:-1"},"canonical":"https:\/\/www.inmsol.com\/tr\/producto\/ispanyol-latin-amerika-tarihi\/","og_locale":"tr_TR","og_type":"article","og_title":"Curso de literatura espa\u00f1ola y latinoamericana","og_description":"Repaso te\u00f3rico-pr\u00e1ctico a la literatura desde los comienzos del siglo X hasta los autores contempor\u00e1neos, tratando todos los g\u00e9neros.","og_url":"https:\/\/www.inmsol.com\/tr\/producto\/ispanyol-latin-amerika-tarihi\/","og_site_name":"iNMSOL","article_publisher":"https:\/\/www.facebook.com\/spanishcourses","article_modified_time":"2026-03-31T16:09:37+00:00","og_image":[{"url":"https:\/\/www.inmsol.com\/wp-content\/uploads\/2023\/01\/Cursos-de-literatura.jpg","type":"","width":"","height":""}],"twitter_misc":{"Tahmini okuma s\u00fcresi":"1 dakika"},"schema":{"@context":"https:\/\/schema.org","@graph":[{"@type":"WebPage","@id":"https:\/\/www.inmsol.com\/tr\/producto\/ispanyol-latin-amerika-tarihi\/","url":"https:\/\/www.inmsol.com\/tr\/producto\/ispanyol-latin-amerika-tarihi\/","name":"\u0130spanyol ve Latin Amerika Tarihi | iNMSOL","isPartOf":{"@id":"https:\/\/www.inmsol.com\/tr\/#website"},"primaryImageOfPage":{"@id":"https:\/\/www.inmsol.com\/tr\/producto\/ispanyol-latin-amerika-tarihi\/#primaryimage"},"image":{"@id":"https:\/\/www.inmsol.com\/tr\/producto\/ispanyol-latin-amerika-tarihi\/#primaryimage"},"thumbnailUrl":"https:\/\/www.inmsol.com\/wp-content\/uploads\/2023\/01\/Curso-historia.jpg","datePublished":"2023-01-12T16:55:04+00:00","dateModified":"2026-03-31T16:09:37+00:00","description":"Ba\u015flang\u0131c\u0131ndan g\u00fcn\u00fcm\u00fcze kadar edebiyat\u0131n teorik-pratik incelemesi.","breadcrumb":{"@id":"https:\/\/www.inmsol.com\/tr\/producto\/ispanyol-latin-amerika-tarihi\/#breadcrumb"},"inLanguage":"tr","potentialAction":[{"@type":"ReadAction","target":["https:\/\/www.inmsol.com\/tr\/producto\/ispanyol-latin-amerika-tarihi\/"]}]},{"@type":"ImageObject","inLanguage":"tr","@id":"https:\/\/www.inmsol.com\/tr\/producto\/ispanyol-latin-amerika-tarihi\/#primaryimage","url":"https:\/\/www.inmsol.com\/wp-content\/uploads\/2023\/01\/Curso-historia.jpg","contentUrl":"https:\/\/www.inmsol.com\/wp-content\/uploads\/2023\/01\/Curso-historia.jpg","width":1000,"height":1000},{"@type":"BreadcrumbList","@id":"https:\/\/www.inmsol.com\/tr\/producto\/ispanyol-latin-amerika-tarihi\/#breadcrumb","itemListElement":[{"@type":"ListItem","position":1,"name":"Accredited Center by Instituto Cervantes","item":"https:\/\/www.inmsol.com\/tr\/pagina-ejemplo\/"},{"@type":"ListItem","position":2,"name":"Kurslar","item":"https:\/\/www.inmsol.com\/tr\/kurslar\/"},{"@type":"ListItem","position":3,"name":"\u0130spanyol ve Latin Amerika Tarihi"}]},{"@type":"WebSite","@id":"https:\/\/www.inmsol.com\/tr\/#website","url":"https:\/\/www.inmsol.com\/tr\/","name":"iNMSOL","description":"Learn Spanish with Us | Cervantes acredited Learning Centre","publisher":{"@id":"https:\/\/www.inmsol.com\/tr\/#organization"},"potentialAction":[{"@type":"SearchAction","target":{"@type":"EntryPoint","urlTemplate":"https:\/\/www.inmsol.com\/tr\/?s={search_term_string}"},"query-input":{"@type":"PropertyValueSpecification","valueRequired":true,"valueName":"search_term_string"}}],"inLanguage":"tr"},{"@type":"Organization","@id":"https:\/\/www.inmsol.com\/tr\/#organization","name":"Instituto Mediterr\u00e1neo Sol","url":"https:\/\/www.inmsol.com\/tr\/","logo":{"@type":"ImageObject","inLanguage":"tr","@id":"https:\/\/www.inmsol.com\/tr\/#\/schema\/logo\/image\/","url":"https:\/\/www.inmsol.com\/wp-content\/uploads\/2023\/06\/logo-inmsol-1.png","contentUrl":"https:\/\/www.inmsol.com\/wp-content\/uploads\/2023\/06\/logo-inmsol-1.png","width":136,"height":73,"caption":"Instituto Mediterr\u00e1neo Sol"},"image":{"@id":"https:\/\/www.inmsol.com\/tr\/#\/schema\/logo\/image\/"},"sameAs":["https:\/\/www.facebook.com\/spanishcourses","https:\/\/x.com\/StudyInGranada","http:\/\/instagram.com\/imsolgranada","https:\/\/es.linkedin.com\/company\/imsol-granada","https:\/\/www.pinterest.es\/inmsol\/","https:\/\/www.youtube.com\/channel\/UChz-Qn_7coFMosY85iYMO4g"]}]}},"_links":{"self":[{"href":"https:\/\/www.inmsol.com\/tr\/wp-json\/wp\/v2\/product\/67567","targetHints":{"allow":["GET"]}}],"collection":[{"href":"https:\/\/www.inmsol.com\/tr\/wp-json\/wp\/v2\/product"}],"about":[{"href":"https:\/\/www.inmsol.com\/tr\/wp-json\/wp\/v2\/types\/product"}],"wp:featuredmedia":[{"embeddable":true,"href":"https:\/\/www.inmsol.com\/tr\/wp-json\/wp\/v2\/media\/67611"}],"wp:attachment":[{"href":"https:\/\/www.inmsol.com\/tr\/wp-json\/wp\/v2\/media?parent=67567"}],"wp:term":[{"taxonomy":"product_brand","embeddable":true,"href":"https:\/\/www.inmsol.com\/tr\/wp-json\/wp\/v2\/product_brand?post=67567"},{"taxonomy":"product_cat","embeddable":true,"href":"https:\/\/www.inmsol.com\/tr\/wp-json\/wp\/v2\/product_cat?post=67567"},{"taxonomy":"product_tag","embeddable":true,"href":"https:\/\/www.inmsol.com\/tr\/wp-json\/wp\/v2\/product_tag?post=67567"}],"curies":[{"name":"wp","href":"https:\/\/api.w.org\/{rel}","templated":true}]}}