{"id":68004,"date":"2023-01-17T10:24:23","date_gmt":"2023-01-17T09:24:23","guid":{"rendered":"https:\/\/www.inmsol.com\/?post_type=product&#038;p=68004"},"modified":"2026-03-31T17:59:35","modified_gmt":"2026-03-31T15:59:35","slug":"gencler","status":"publish","type":"product","link":"https:\/\/www.inmsol.com\/tr\/producto\/gencler\/","title":{"rendered":"Gen\u00e7ler i\u00e7in Yaz Kurslar\u0131"},"content":{"rendered":"<p>Yaz aylar\u0131nda 13-17 ya\u015f aras\u0131 \u00f6\u011frenciler i\u00e7in dald\u0131rma program\u0131. Granada&#8217;da ayn\u0131 ya\u015ftaki di\u011fer \u00f6\u011frencilerle birlikte \u0130spanyolca \u00f6\u011frenmek i\u00e7in iki ve\/veya d\u00f6rt hafta ge\u00e7irmek isteyen gen\u00e7ler i\u00e7in kapsaml\u0131 bir deneyim. Bu kurs, a\u015fa\u011f\u0131daki \u015fekilde d\u00fczenlenen g\u00fcnde 4 dersten olu\u015fmaktad\u0131r:<\/p>\n<ul>\n<li>G\u00fcnde 4 ders Yo\u011fun \u0130spanyolca kursu<\/li>\n<li>Tamamlay\u0131c\u0131 faaliyetlerden olu\u015fan g\u00fcnl\u00fck program<\/li>\n<\/ul>\n<p>&nbsp;<\/p>\n<p><a href=\"https:\/\/www.inmsol.com\/wp-content\/uploads\/2023\/01\/Adolescentes.jpg\" target=\"_blank\" rel=\"noopener\"><img fetchpriority=\"high\" decoding=\"async\" class=\"aligncenter wp-image-68054 size-full\" title=\"Espa\u00f1ol para adolescentes\" src=\"https:\/\/www.inmsol.com\/wp-content\/uploads\/2023\/01\/Adolescentes.jpg\" alt=\"Espa\u00f1ol para adolescentes\" width=\"1010\" height=\"500\" srcset=\"https:\/\/www.inmsol.com\/wp-content\/uploads\/2023\/01\/Adolescentes.jpg 1010w, https:\/\/www.inmsol.com\/wp-content\/uploads\/2023\/01\/Adolescentes-800x396.jpg 800w, https:\/\/www.inmsol.com\/wp-content\/uploads\/2023\/01\/Adolescentes-64x32.jpg 64w, https:\/\/www.inmsol.com\/wp-content\/uploads\/2023\/01\/Adolescentes-460x228.jpg 460w, https:\/\/www.inmsol.com\/wp-content\/uploads\/2023\/01\/Adolescentes-768x380.jpg 768w, https:\/\/www.inmsol.com\/wp-content\/uploads\/2023\/01\/Adolescentes-250x124.jpg 250w, https:\/\/www.inmsol.com\/wp-content\/uploads\/2023\/01\/Adolescentes-600x297.jpg 600w\" sizes=\"(max-width: 1010px) 100vw, 1010px\" \/><\/a><\/p>\n<p>Bu kurslara \u015funlar dahildir:<\/p>\n<ul>\n<li>Havaalan\u0131na gidi\u015f-d\u00f6n\u00fc\u015f transfer hizmeti<\/li>\n<li>Ev sahibi ailede konaklama (\u00e7ift ki\u015filik oda, tam pansiyon)<\/li>\n<li>T\u00fcm kurs boyunca e\u011fitmen<\/li>\n<li>Haftal\u0131k k\u00fclt\u00fcrel etkinlik program\u0131<\/li>\n<li>Hafta sonu gezisi\/aktivitesi<\/li>\n<\/ul>\n<p>Dersler ilk g\u00fcnden itibaren tamamen \u0130spanyolca olarak yap\u0131lmaktad\u0131r. Kay\u0131t \u00fccretine online seviye testi, Pazartesi&#8217;den Cuma&#8217;ya dersler, haftal\u0131k aktiviteler ve kurs sonunda kat\u0131l\u0131m sertifikas\u0131 dahildir. Her ders 45 dakika s\u00fcrmektedir.<\/p>\n<style>\n.btn-descarga {\n    display: inline-block !important;\n    background-color: #ad0228 !important;\n    color: white !important;\n    padding: 8px 16px !important;\n    font-size: 14px !important;\n    font-weight: bold !important;\n    text-decoration: none !important;\n    border-radius: 5px !important;\n    transition: background-color 0.3s ease !important;\n    cursor: pointer !important;\n    border: none !important;\n}<\/p>\n<p>.btn-descarga:hover {\n    background-color: #8b0120 !important;\n    color: white !important;\n    text-decoration: none !important;\n}\n<\/style>\n<p><a href=\"https:\/\/www.inmsol.com\/wp-content\/uploads\/2026\/03\/Objetivos_contenidos_cursos-especificos_2026_iNMSOL.pdf\" target=\"_blank\" class=\"btn-descarga\"><br \/>\n    \ud83d\udcc4 Kurs \u0130\u00e7eri\u011fi<br \/>\n<\/a>&nbsp;<\/p>\n<p>&nbsp;<\/p>\n<h4 class=\"ds-markdown-paragraph\">Kurslardaki kat\u0131l\u0131mc\u0131 say\u0131s\u0131na g\u00f6re genel ko\u015fullar:<\/h4>\n<p class=\"ds-markdown-paragraph\"><strong>Ayn\u0131 seviyedeki ve ayn\u0131 kurs \u00f6zelliklerindeki bir s\u0131n\u0131ftaki maksimum \u00f6\u011frenci say\u0131s\u0131 10, minimum \u00f6\u011frenci say\u0131s\u0131 ise 3&#8217;t\u00fcr. Bu minimum say\u0131ya ula\u015f\u0131lamamas\u0131 durumunda a\u015fa\u011f\u0131daki ko\u015fullar uygulan\u0131r:<\/strong><\/p>\n<blockquote>\n<p class=\"ds-markdown-paragraph\"><strong>1 veya 2 \u00f6\u011frenci:<\/strong>\u00a0Kat\u0131l\u0131mc\u0131, s\u00f6zle\u015fmede belirtilen derslerin %50&#8217;sini, seviyesine ve ihtiya\u00e7lar\u0131na g\u00f6re bireysel ders (1 \u00f6\u011fretmen\/1 \u00f6\u011frenci) veya yar\u0131 \u00f6zel ders (1 \u00f6\u011fretmen\/2 \u00f6\u011frenci) olarak al\u0131r. Kat\u0131l\u0131mc\u0131, fiyat fark\u0131n\u0131 asla \u00f6demez.<\/p>\n<p class=\"ds-markdown-paragraph\"><strong>3 veya daha fazla \u00f6\u011frenci:<\/strong>\u00a0Kat\u0131l\u0131mc\u0131lar, s\u00f6zle\u015fmede belirtilen derslerin %100&#8217;\u00fcn\u00fc grup olarak al\u0131rlar.<\/p>\n<\/blockquote>\n<p class=\"ds-markdown-paragraph\"><em><strong>\u00d6zel etkinlikler ve g\u00fcn\u00fcbirlik geziler i\u00e7in ko\u015fullar:<\/strong>\u00a0Minimum 5 \u00f6\u011frenci.<\/em><\/p>\n<p><a href=\"https:\/\/www.inmsol.com\/tr\/bilgeler-ve-kosullar\/\">H\u00fck\u00fcm ve ko\u015fullar\u0131m\u0131za<\/a> bak\u0131n!<\/p>\n<p>&nbsp;<\/p>\n","protected":false},"excerpt":{"rendered":"<p>Gen\u00e7ler i\u00e7in \u0130spanyolca kursu, her \u015fey dahil.<\/p>\n","protected":false},"featured_media":68067,"template":"","meta":{"_acf_changed":false},"product_brand":[],"product_cat":[1076,1075,1079,1074,1081,1080,1193],"product_tag":[],"class_list":{"0":"post-68004","1":"product","2":"type-product","3":"status-publish","4":"has-post-thumbnail","6":"product_cat-a1-tr","7":"product_cat-a2-tr","8":"product_cat-b1-tr","9":"product_cat-b2-tr","10":"product_cat-c1-tr","11":"product_cat-c2-tr","12":"product_cat-teenagers-tr","14":"first","15":"instock","16":"sold-individually","17":"purchasable","18":"product-type-variable"},"acf":[],"yoast_head":"<!-- This site is optimized with the Yoast SEO plugin v27.4 - https:\/\/yoast.com\/product\/yoast-seo-wordpress\/ -->\n<title>Gen\u00e7ler i\u00e7in Yaz Kurslar\u0131 | iNMSOL<\/title>\n<meta name=\"description\" content=\"13-17 ya\u015f aras\u0131 gen\u00e7ler i\u00e7in yaz aylar\u0131 boyunca \u0130spanyolca e\u011fitim program\u0131! \u0130spanyolca kursu ve tamamlay\u0131c\u0131 hizmetler dahildir.\" \/>\n<meta name=\"robots\" content=\"index, follow, max-snippet:-1, max-image-preview:large, max-video-preview:-1\" \/>\n<link rel=\"canonical\" href=\"https:\/\/www.inmsol.com\/tr\/producto\/gencler\/\" \/>\n<meta property=\"og:locale\" content=\"tr_TR\" \/>\n<meta property=\"og:type\" content=\"article\" \/>\n<meta property=\"og:title\" content=\"Espa\u00f1ol para adolescentes\" \/>\n<meta property=\"og:description\" content=\"Adquiere las herramientas espec\u00edficas para utilizar el espa\u00f1ol en un \u00e1mbito profesional sanitario. Consigue ser competente en experiencias profesionales sanitarias presentes o futuras.\u00a1Programa de inmersi\u00f3n en espa\u00f1ol para adolescentes de entre 13 y 17 a\u00f1os, en los meses de verano! Incluye curso de espa\u00f1ol y servicios complementarios.\" \/>\n<meta property=\"og:url\" content=\"https:\/\/www.inmsol.com\/tr\/producto\/gencler\/\" \/>\n<meta property=\"og:site_name\" content=\"iNMSOL\" \/>\n<meta property=\"article:publisher\" content=\"https:\/\/www.facebook.com\/spanishcourses\" \/>\n<meta property=\"article:modified_time\" content=\"2026-03-31T15:59:35+00:00\" \/>\n<meta property=\"og:image\" content=\"https:\/\/www.inmsol.com\/wp-content\/uploads\/2023\/01\/Adolescentes.jpg\" \/>\n<meta name=\"twitter:label1\" content=\"Tahmini okuma s\u00fcresi\" \/>\n\t<meta name=\"twitter:data1\" content=\"2 dakika\" \/>\n<script type=\"application\/ld+json\" class=\"yoast-schema-graph\">{\"@context\":\"https:\\\/\\\/schema.org\",\"@graph\":[{\"@type\":\"WebPage\",\"@id\":\"https:\\\/\\\/www.inmsol.com\\\/tr\\\/producto\\\/gencler\\\/\",\"url\":\"https:\\\/\\\/www.inmsol.com\\\/tr\\\/producto\\\/gencler\\\/\",\"name\":\"Gen\u00e7ler i\u00e7in Yaz Kurslar\u0131 | iNMSOL\",\"isPartOf\":{\"@id\":\"https:\\\/\\\/www.inmsol.com\\\/tr\\\/#website\"},\"primaryImageOfPage\":{\"@id\":\"https:\\\/\\\/www.inmsol.com\\\/tr\\\/producto\\\/gencler\\\/#primaryimage\"},\"image\":{\"@id\":\"https:\\\/\\\/www.inmsol.com\\\/tr\\\/producto\\\/gencler\\\/#primaryimage\"},\"thumbnailUrl\":\"https:\\\/\\\/www.inmsol.com\\\/wp-content\\\/uploads\\\/2023\\\/01\\\/Adolescentes-1.jpg\",\"datePublished\":\"2023-01-17T09:24:23+00:00\",\"dateModified\":\"2026-03-31T15:59:35+00:00\",\"description\":\"13-17 ya\u015f aras\u0131 gen\u00e7ler i\u00e7in yaz aylar\u0131 boyunca \u0130spanyolca e\u011fitim program\u0131! \u0130spanyolca kursu ve tamamlay\u0131c\u0131 hizmetler dahildir.\",\"breadcrumb\":{\"@id\":\"https:\\\/\\\/www.inmsol.com\\\/tr\\\/producto\\\/gencler\\\/#breadcrumb\"},\"inLanguage\":\"tr\",\"potentialAction\":[{\"@type\":\"ReadAction\",\"target\":[\"https:\\\/\\\/www.inmsol.com\\\/tr\\\/producto\\\/gencler\\\/\"]}]},{\"@type\":\"ImageObject\",\"inLanguage\":\"tr\",\"@id\":\"https:\\\/\\\/www.inmsol.com\\\/tr\\\/producto\\\/gencler\\\/#primaryimage\",\"url\":\"https:\\\/\\\/www.inmsol.com\\\/wp-content\\\/uploads\\\/2023\\\/01\\\/Adolescentes-1.jpg\",\"contentUrl\":\"https:\\\/\\\/www.inmsol.com\\\/wp-content\\\/uploads\\\/2023\\\/01\\\/Adolescentes-1.jpg\",\"width\":1000,\"height\":1000},{\"@type\":\"BreadcrumbList\",\"@id\":\"https:\\\/\\\/www.inmsol.com\\\/tr\\\/producto\\\/gencler\\\/#breadcrumb\",\"itemListElement\":[{\"@type\":\"ListItem\",\"position\":1,\"name\":\"Accredited Center by Instituto Cervantes\",\"item\":\"https:\\\/\\\/www.inmsol.com\\\/tr\\\/pagina-ejemplo\\\/\"},{\"@type\":\"ListItem\",\"position\":2,\"name\":\"Kurslar\",\"item\":\"https:\\\/\\\/www.inmsol.com\\\/tr\\\/kurslar\\\/\"},{\"@type\":\"ListItem\",\"position\":3,\"name\":\"Gen\u00e7ler i\u00e7in Yaz Kurslar\u0131\"}]},{\"@type\":\"WebSite\",\"@id\":\"https:\\\/\\\/www.inmsol.com\\\/tr\\\/#website\",\"url\":\"https:\\\/\\\/www.inmsol.com\\\/tr\\\/\",\"name\":\"iNMSOL\",\"description\":\"Learn Spanish with Us | Cervantes acredited Learning Centre\",\"publisher\":{\"@id\":\"https:\\\/\\\/www.inmsol.com\\\/tr\\\/#organization\"},\"potentialAction\":[{\"@type\":\"SearchAction\",\"target\":{\"@type\":\"EntryPoint\",\"urlTemplate\":\"https:\\\/\\\/www.inmsol.com\\\/tr\\\/?s={search_term_string}\"},\"query-input\":{\"@type\":\"PropertyValueSpecification\",\"valueRequired\":true,\"valueName\":\"search_term_string\"}}],\"inLanguage\":\"tr\"},{\"@type\":\"Organization\",\"@id\":\"https:\\\/\\\/www.inmsol.com\\\/tr\\\/#organization\",\"name\":\"Instituto Mediterr\u00e1neo Sol\",\"url\":\"https:\\\/\\\/www.inmsol.com\\\/tr\\\/\",\"logo\":{\"@type\":\"ImageObject\",\"inLanguage\":\"tr\",\"@id\":\"https:\\\/\\\/www.inmsol.com\\\/tr\\\/#\\\/schema\\\/logo\\\/image\\\/\",\"url\":\"https:\\\/\\\/www.inmsol.com\\\/wp-content\\\/uploads\\\/2023\\\/06\\\/logo-inmsol-1.png\",\"contentUrl\":\"https:\\\/\\\/www.inmsol.com\\\/wp-content\\\/uploads\\\/2023\\\/06\\\/logo-inmsol-1.png\",\"width\":136,\"height\":73,\"caption\":\"Instituto Mediterr\u00e1neo Sol\"},\"image\":{\"@id\":\"https:\\\/\\\/www.inmsol.com\\\/tr\\\/#\\\/schema\\\/logo\\\/image\\\/\"},\"sameAs\":[\"https:\\\/\\\/www.facebook.com\\\/spanishcourses\",\"https:\\\/\\\/x.com\\\/StudyInGranada\",\"http:\\\/\\\/instagram.com\\\/imsolgranada\",\"https:\\\/\\\/es.linkedin.com\\\/company\\\/imsol-granada\",\"https:\\\/\\\/www.pinterest.es\\\/inmsol\\\/\",\"https:\\\/\\\/www.youtube.com\\\/channel\\\/UChz-Qn_7coFMosY85iYMO4g\"]}]}<\/script>\n<!-- \/ Yoast SEO plugin. -->","yoast_head_json":{"title":"Gen\u00e7ler i\u00e7in Yaz Kurslar\u0131 | iNMSOL","description":"13-17 ya\u015f aras\u0131 gen\u00e7ler i\u00e7in yaz aylar\u0131 boyunca \u0130spanyolca e\u011fitim program\u0131! \u0130spanyolca kursu ve tamamlay\u0131c\u0131 hizmetler dahildir.","robots":{"index":"index","follow":"follow","max-snippet":"max-snippet:-1","max-image-preview":"max-image-preview:large","max-video-preview":"max-video-preview:-1"},"canonical":"https:\/\/www.inmsol.com\/tr\/producto\/gencler\/","og_locale":"tr_TR","og_type":"article","og_title":"Espa\u00f1ol para adolescentes","og_description":"Adquiere las herramientas espec\u00edficas para utilizar el espa\u00f1ol en un \u00e1mbito profesional sanitario. Consigue ser competente en experiencias profesionales sanitarias presentes o futuras.\u00a1Programa de inmersi\u00f3n en espa\u00f1ol para adolescentes de entre 13 y 17 a\u00f1os, en los meses de verano! Incluye curso de espa\u00f1ol y servicios complementarios.","og_url":"https:\/\/www.inmsol.com\/tr\/producto\/gencler\/","og_site_name":"iNMSOL","article_publisher":"https:\/\/www.facebook.com\/spanishcourses","article_modified_time":"2026-03-31T15:59:35+00:00","og_image":[{"url":"https:\/\/www.inmsol.com\/wp-content\/uploads\/2023\/01\/Adolescentes.jpg","type":"","width":"","height":""}],"twitter_misc":{"Tahmini okuma s\u00fcresi":"2 dakika"},"schema":{"@context":"https:\/\/schema.org","@graph":[{"@type":"WebPage","@id":"https:\/\/www.inmsol.com\/tr\/producto\/gencler\/","url":"https:\/\/www.inmsol.com\/tr\/producto\/gencler\/","name":"Gen\u00e7ler i\u00e7in Yaz Kurslar\u0131 | iNMSOL","isPartOf":{"@id":"https:\/\/www.inmsol.com\/tr\/#website"},"primaryImageOfPage":{"@id":"https:\/\/www.inmsol.com\/tr\/producto\/gencler\/#primaryimage"},"image":{"@id":"https:\/\/www.inmsol.com\/tr\/producto\/gencler\/#primaryimage"},"thumbnailUrl":"https:\/\/www.inmsol.com\/wp-content\/uploads\/2023\/01\/Adolescentes-1.jpg","datePublished":"2023-01-17T09:24:23+00:00","dateModified":"2026-03-31T15:59:35+00:00","description":"13-17 ya\u015f aras\u0131 gen\u00e7ler i\u00e7in yaz aylar\u0131 boyunca \u0130spanyolca e\u011fitim program\u0131! \u0130spanyolca kursu ve tamamlay\u0131c\u0131 hizmetler dahildir.","breadcrumb":{"@id":"https:\/\/www.inmsol.com\/tr\/producto\/gencler\/#breadcrumb"},"inLanguage":"tr","potentialAction":[{"@type":"ReadAction","target":["https:\/\/www.inmsol.com\/tr\/producto\/gencler\/"]}]},{"@type":"ImageObject","inLanguage":"tr","@id":"https:\/\/www.inmsol.com\/tr\/producto\/gencler\/#primaryimage","url":"https:\/\/www.inmsol.com\/wp-content\/uploads\/2023\/01\/Adolescentes-1.jpg","contentUrl":"https:\/\/www.inmsol.com\/wp-content\/uploads\/2023\/01\/Adolescentes-1.jpg","width":1000,"height":1000},{"@type":"BreadcrumbList","@id":"https:\/\/www.inmsol.com\/tr\/producto\/gencler\/#breadcrumb","itemListElement":[{"@type":"ListItem","position":1,"name":"Accredited Center by Instituto Cervantes","item":"https:\/\/www.inmsol.com\/tr\/pagina-ejemplo\/"},{"@type":"ListItem","position":2,"name":"Kurslar","item":"https:\/\/www.inmsol.com\/tr\/kurslar\/"},{"@type":"ListItem","position":3,"name":"Gen\u00e7ler i\u00e7in Yaz Kurslar\u0131"}]},{"@type":"WebSite","@id":"https:\/\/www.inmsol.com\/tr\/#website","url":"https:\/\/www.inmsol.com\/tr\/","name":"iNMSOL","description":"Learn Spanish with Us | Cervantes acredited Learning Centre","publisher":{"@id":"https:\/\/www.inmsol.com\/tr\/#organization"},"potentialAction":[{"@type":"SearchAction","target":{"@type":"EntryPoint","urlTemplate":"https:\/\/www.inmsol.com\/tr\/?s={search_term_string}"},"query-input":{"@type":"PropertyValueSpecification","valueRequired":true,"valueName":"search_term_string"}}],"inLanguage":"tr"},{"@type":"Organization","@id":"https:\/\/www.inmsol.com\/tr\/#organization","name":"Instituto Mediterr\u00e1neo Sol","url":"https:\/\/www.inmsol.com\/tr\/","logo":{"@type":"ImageObject","inLanguage":"tr","@id":"https:\/\/www.inmsol.com\/tr\/#\/schema\/logo\/image\/","url":"https:\/\/www.inmsol.com\/wp-content\/uploads\/2023\/06\/logo-inmsol-1.png","contentUrl":"https:\/\/www.inmsol.com\/wp-content\/uploads\/2023\/06\/logo-inmsol-1.png","width":136,"height":73,"caption":"Instituto Mediterr\u00e1neo Sol"},"image":{"@id":"https:\/\/www.inmsol.com\/tr\/#\/schema\/logo\/image\/"},"sameAs":["https:\/\/www.facebook.com\/spanishcourses","https:\/\/x.com\/StudyInGranada","http:\/\/instagram.com\/imsolgranada","https:\/\/es.linkedin.com\/company\/imsol-granada","https:\/\/www.pinterest.es\/inmsol\/","https:\/\/www.youtube.com\/channel\/UChz-Qn_7coFMosY85iYMO4g"]}]}},"_links":{"self":[{"href":"https:\/\/www.inmsol.com\/tr\/wp-json\/wp\/v2\/product\/68004","targetHints":{"allow":["GET"]}}],"collection":[{"href":"https:\/\/www.inmsol.com\/tr\/wp-json\/wp\/v2\/product"}],"about":[{"href":"https:\/\/www.inmsol.com\/tr\/wp-json\/wp\/v2\/types\/product"}],"wp:featuredmedia":[{"embeddable":true,"href":"https:\/\/www.inmsol.com\/tr\/wp-json\/wp\/v2\/media\/68067"}],"wp:attachment":[{"href":"https:\/\/www.inmsol.com\/tr\/wp-json\/wp\/v2\/media?parent=68004"}],"wp:term":[{"taxonomy":"product_brand","embeddable":true,"href":"https:\/\/www.inmsol.com\/tr\/wp-json\/wp\/v2\/product_brand?post=68004"},{"taxonomy":"product_cat","embeddable":true,"href":"https:\/\/www.inmsol.com\/tr\/wp-json\/wp\/v2\/product_cat?post=68004"},{"taxonomy":"product_tag","embeddable":true,"href":"https:\/\/www.inmsol.com\/tr\/wp-json\/wp\/v2\/product_tag?post=68004"}],"curies":[{"name":"wp","href":"https:\/\/api.w.org\/{rel}","templated":true}]}}