{"id":69713,"date":"2023-01-10T18:18:33","date_gmt":"2023-01-10T17:18:33","guid":{"rendered":"https:\/\/www.inmsol.com\/?post_type=product&#038;p=69713"},"modified":"2026-03-31T18:17:50","modified_gmt":"2026-03-31T16:17:50","slug":"siele-10-sinavi-hazirlik","status":"publish","type":"product","link":"https:\/\/www.inmsol.com\/tr\/producto\/siele-10-sinavi-hazirlik\/","title":{"rendered":"SIELE 10 s\u0131nav\u0131 Haz\u0131rl\u0131k"},"content":{"rendered":"<p>Resmi s\u0131nav g\u00f6revlileri taraf\u0131ndan verilen ve i\u00e7eri\u011fi t\u00fcm seviyelerde resmi SIELE (Servicio Internacional de Evaluaci\u00f3n de la Lengua Espa\u00f1ola) s\u0131navlar\u0131 \u00fczerinde \u00e7al\u0131\u015fmaya odaklanan g\u00fcnde 2 dersten olu\u015fan kurs:<\/p>\n<ul>\n<li>Okudu\u011funu anlama<\/li>\n<li>Yaz\u0131l\u0131 ifade<\/li>\n<li>Dinledi\u011fini anlama<\/li>\n<li>S\u00f6zl\u00fc anlat\u0131m<\/li>\n<\/ul>\n<p><a href=\"https:\/\/www.inmsol.com\/wp-content\/uploads\/2023\/01\/4.-Curso-extensivo.jpg\" target=\"_blank\" rel=\"noopener\"><img fetchpriority=\"high\" decoding=\"async\" class=\"aligncenter wp-image-65285 size-full\" title=\"SIELE preparation in Granada\" src=\"https:\/\/www.inmsol.com\/wp-content\/uploads\/2023\/01\/4.-Curso-extensivo.jpg\" alt=\"SIELE preparations in Granada\" width=\"1010\" height=\"500\" srcset=\"https:\/\/www.inmsol.com\/wp-content\/uploads\/2023\/01\/4.-Curso-extensivo.jpg 1010w, https:\/\/www.inmsol.com\/wp-content\/uploads\/2023\/01\/4.-Curso-extensivo-800x396.jpg 800w, https:\/\/www.inmsol.com\/wp-content\/uploads\/2023\/01\/4.-Curso-extensivo-64x32.jpg 64w, https:\/\/www.inmsol.com\/wp-content\/uploads\/2023\/01\/4.-Curso-extensivo-460x228.jpg 460w, https:\/\/www.inmsol.com\/wp-content\/uploads\/2023\/01\/4.-Curso-extensivo-768x380.jpg 768w, https:\/\/www.inmsol.com\/wp-content\/uploads\/2023\/01\/4.-Curso-extensivo-250x124.jpg 250w, https:\/\/www.inmsol.com\/wp-content\/uploads\/2023\/01\/4.-Curso-extensivo-600x297.jpg 600w\" sizes=\"(max-width: 1010px) 100vw, 1010px\" \/><\/a><\/p>\n<p><strong>Bu kursa SIELE s\u0131nav\u0131 i\u00e7in kay\u0131t dahil de\u011fildir<\/strong>, ancak merkezimizde s\u0131nava kaydolman\u0131za yard\u0131mc\u0131 olabiliriz.<\/p>\n<p>Dersler ilk g\u00fcnden itibaren tamamen \u0130spanyolca olarak yap\u0131lmaktad\u0131r. Kay\u0131t \u00fccretine online seviye testi, Pazartesi&#8217;den Cuma&#8217;ya dersler, haftal\u0131k aktiviteler ve kurs sonunda kat\u0131l\u0131m sertifikas\u0131 dahildir. Her ders 45 dakika s\u00fcrmektedir.<\/p>\n<p><a class=\"btn-descarga\" href=\"https:\/\/www.inmsol.com\/wp-content\/uploads\/2026\/03\/Objetivos_contenidos_cursos-especificos_2026_iNMSOL.pdf\" target=\"_blank\" rel=\"noopener\"><br \/>\n\ud83d\udcc4 Kurs \u0130\u00e7eri\u011fi<br \/>\n<\/a><\/p>\n<p>&nbsp;<\/p>\n<p><a href=\"https:\/\/www.inmsol.com\/tr\/bilgeler-ve-kosullar\/\">H\u00fck\u00fcm ve ko\u015fullar\u0131m\u0131za<\/a> bak\u0131n!<\/p>\n","protected":false},"excerpt":{"rendered":"<p>Haftada 10 derslik SIELE haz\u0131rl\u0131k kursu.<\/p>\n","protected":false},"featured_media":65386,"template":"","meta":{"_acf_changed":false},"product_brand":[],"product_cat":[1076,1075,1079,1074,1081,1080,1242],"product_tag":[],"class_list":{"0":"post-69713","1":"product","2":"type-product","3":"status-publish","4":"has-post-thumbnail","6":"product_cat-a1-tr","7":"product_cat-a2-tr","8":"product_cat-b1-tr","9":"product_cat-b2-tr","10":"product_cat-c1-tr","11":"product_cat-c2-tr","12":"product_cat-preparacion-dele-tr","14":"first","15":"instock","16":"sold-individually","17":"shipping-taxable","18":"purchasable","19":"product-type-variable"},"acf":[],"yoast_head":"<!-- This site is optimized with the Yoast SEO plugin v27.4 - https:\/\/yoast.com\/product\/yoast-seo-wordpress\/ -->\n<title>SIELE 10 s\u0131nav\u0131 Haz\u0131rl\u0131k &#8226; iNMSOL<\/title>\n<meta name=\"description\" content=\"SIELE s\u0131nav\u0131n\u0131za her seviyede, ana dili \u0130ngilizce olan \u00f6\u011fretmenlerimizle haz\u0131rlan\u0131n. \u00d6\u011fretmenlerimiz resmi s\u0131nav g\u00f6revlileridir ve bu s\u0131navlarda deneyimlidirler.\" \/>\n<meta name=\"robots\" content=\"index, follow, max-snippet:-1, max-image-preview:large, max-video-preview:-1\" \/>\n<link rel=\"canonical\" href=\"https:\/\/www.inmsol.com\/tr\/producto\/siele-10-sinavi-hazirlik\/\" \/>\n<meta property=\"og:locale\" content=\"tr_TR\" \/>\n<meta property=\"og:type\" content=\"article\" \/>\n<meta property=\"og:title\" content=\"SIELE 10 s\u0131nav\u0131 Haz\u0131rl\u0131k &#8226; iNMSOL\" \/>\n<meta property=\"og:description\" content=\"SIELE s\u0131nav\u0131n\u0131za her seviyede, ana dili \u0130ngilizce olan \u00f6\u011fretmenlerimizle haz\u0131rlan\u0131n. \u00d6\u011fretmenlerimiz resmi s\u0131nav g\u00f6revlileridir ve bu s\u0131navlarda deneyimlidirler.\" \/>\n<meta property=\"og:url\" content=\"https:\/\/www.inmsol.com\/tr\/producto\/siele-10-sinavi-hazirlik\/\" \/>\n<meta property=\"og:site_name\" content=\"iNMSOL\" \/>\n<meta property=\"article:publisher\" content=\"https:\/\/www.facebook.com\/spanishcourses\" \/>\n<meta property=\"article:modified_time\" content=\"2026-03-31T16:17:50+00:00\" \/>\n<meta property=\"og:image\" content=\"https:\/\/www.inmsol.com\/wp-content\/uploads\/2023\/01\/Curso-preparacion-SIELE.jpg\" \/>\n\t<meta property=\"og:image:width\" content=\"1000\" \/>\n\t<meta property=\"og:image:height\" content=\"1000\" \/>\n\t<meta property=\"og:image:type\" content=\"image\/jpeg\" \/>\n<meta name=\"twitter:label1\" content=\"Tahmini okuma s\u00fcresi\" \/>\n\t<meta name=\"twitter:data1\" content=\"1 dakika\" \/>\n<script type=\"application\/ld+json\" class=\"yoast-schema-graph\">{\"@context\":\"https:\\\/\\\/schema.org\",\"@graph\":[{\"@type\":\"WebPage\",\"@id\":\"https:\\\/\\\/www.inmsol.com\\\/tr\\\/producto\\\/siele-10-sinavi-hazirlik\\\/\",\"url\":\"https:\\\/\\\/www.inmsol.com\\\/tr\\\/producto\\\/siele-10-sinavi-hazirlik\\\/\",\"name\":\"SIELE 10 s\u0131nav\u0131 Haz\u0131rl\u0131k &#8226; iNMSOL\",\"isPartOf\":{\"@id\":\"https:\\\/\\\/www.inmsol.com\\\/tr\\\/#website\"},\"primaryImageOfPage\":{\"@id\":\"https:\\\/\\\/www.inmsol.com\\\/tr\\\/producto\\\/siele-10-sinavi-hazirlik\\\/#primaryimage\"},\"image\":{\"@id\":\"https:\\\/\\\/www.inmsol.com\\\/tr\\\/producto\\\/siele-10-sinavi-hazirlik\\\/#primaryimage\"},\"thumbnailUrl\":\"https:\\\/\\\/www.inmsol.com\\\/wp-content\\\/uploads\\\/2023\\\/01\\\/Curso-preparacion-SIELE.jpg\",\"datePublished\":\"2023-01-10T17:18:33+00:00\",\"dateModified\":\"2026-03-31T16:17:50+00:00\",\"description\":\"SIELE s\u0131nav\u0131n\u0131za her seviyede, ana dili \u0130ngilizce olan \u00f6\u011fretmenlerimizle haz\u0131rlan\u0131n. \u00d6\u011fretmenlerimiz resmi s\u0131nav g\u00f6revlileridir ve bu s\u0131navlarda deneyimlidirler.\",\"breadcrumb\":{\"@id\":\"https:\\\/\\\/www.inmsol.com\\\/tr\\\/producto\\\/siele-10-sinavi-hazirlik\\\/#breadcrumb\"},\"inLanguage\":\"tr\",\"potentialAction\":[{\"@type\":\"ReadAction\",\"target\":[\"https:\\\/\\\/www.inmsol.com\\\/tr\\\/producto\\\/siele-10-sinavi-hazirlik\\\/\"]}]},{\"@type\":\"ImageObject\",\"inLanguage\":\"tr\",\"@id\":\"https:\\\/\\\/www.inmsol.com\\\/tr\\\/producto\\\/siele-10-sinavi-hazirlik\\\/#primaryimage\",\"url\":\"https:\\\/\\\/www.inmsol.com\\\/wp-content\\\/uploads\\\/2023\\\/01\\\/Curso-preparacion-SIELE.jpg\",\"contentUrl\":\"https:\\\/\\\/www.inmsol.com\\\/wp-content\\\/uploads\\\/2023\\\/01\\\/Curso-preparacion-SIELE.jpg\",\"width\":1000,\"height\":1000},{\"@type\":\"BreadcrumbList\",\"@id\":\"https:\\\/\\\/www.inmsol.com\\\/tr\\\/producto\\\/siele-10-sinavi-hazirlik\\\/#breadcrumb\",\"itemListElement\":[{\"@type\":\"ListItem\",\"position\":1,\"name\":\"Accredited Center by Instituto Cervantes\",\"item\":\"https:\\\/\\\/www.inmsol.com\\\/tr\\\/pagina-ejemplo\\\/\"},{\"@type\":\"ListItem\",\"position\":2,\"name\":\"Kurslar\",\"item\":\"https:\\\/\\\/www.inmsol.com\\\/tr\\\/kurslar\\\/\"},{\"@type\":\"ListItem\",\"position\":3,\"name\":\"SIELE 10 s\u0131nav\u0131 Haz\u0131rl\u0131k\"}]},{\"@type\":\"WebSite\",\"@id\":\"https:\\\/\\\/www.inmsol.com\\\/tr\\\/#website\",\"url\":\"https:\\\/\\\/www.inmsol.com\\\/tr\\\/\",\"name\":\"iNMSOL\",\"description\":\"Learn Spanish with Us | Cervantes acredited Learning Centre\",\"publisher\":{\"@id\":\"https:\\\/\\\/www.inmsol.com\\\/tr\\\/#organization\"},\"potentialAction\":[{\"@type\":\"SearchAction\",\"target\":{\"@type\":\"EntryPoint\",\"urlTemplate\":\"https:\\\/\\\/www.inmsol.com\\\/tr\\\/?s={search_term_string}\"},\"query-input\":{\"@type\":\"PropertyValueSpecification\",\"valueRequired\":true,\"valueName\":\"search_term_string\"}}],\"inLanguage\":\"tr\"},{\"@type\":\"Organization\",\"@id\":\"https:\\\/\\\/www.inmsol.com\\\/tr\\\/#organization\",\"name\":\"Instituto Mediterr\u00e1neo Sol\",\"url\":\"https:\\\/\\\/www.inmsol.com\\\/tr\\\/\",\"logo\":{\"@type\":\"ImageObject\",\"inLanguage\":\"tr\",\"@id\":\"https:\\\/\\\/www.inmsol.com\\\/tr\\\/#\\\/schema\\\/logo\\\/image\\\/\",\"url\":\"https:\\\/\\\/www.inmsol.com\\\/wp-content\\\/uploads\\\/2023\\\/06\\\/logo-inmsol-1.png\",\"contentUrl\":\"https:\\\/\\\/www.inmsol.com\\\/wp-content\\\/uploads\\\/2023\\\/06\\\/logo-inmsol-1.png\",\"width\":136,\"height\":73,\"caption\":\"Instituto Mediterr\u00e1neo Sol\"},\"image\":{\"@id\":\"https:\\\/\\\/www.inmsol.com\\\/tr\\\/#\\\/schema\\\/logo\\\/image\\\/\"},\"sameAs\":[\"https:\\\/\\\/www.facebook.com\\\/spanishcourses\",\"https:\\\/\\\/x.com\\\/StudyInGranada\",\"http:\\\/\\\/instagram.com\\\/imsolgranada\",\"https:\\\/\\\/es.linkedin.com\\\/company\\\/imsol-granada\",\"https:\\\/\\\/www.pinterest.es\\\/inmsol\\\/\",\"https:\\\/\\\/www.youtube.com\\\/channel\\\/UChz-Qn_7coFMosY85iYMO4g\"]}]}<\/script>\n<!-- \/ Yoast SEO plugin. -->","yoast_head_json":{"title":"SIELE 10 s\u0131nav\u0131 Haz\u0131rl\u0131k &#8226; iNMSOL","description":"SIELE s\u0131nav\u0131n\u0131za her seviyede, ana dili \u0130ngilizce olan \u00f6\u011fretmenlerimizle haz\u0131rlan\u0131n. \u00d6\u011fretmenlerimiz resmi s\u0131nav g\u00f6revlileridir ve bu s\u0131navlarda deneyimlidirler.","robots":{"index":"index","follow":"follow","max-snippet":"max-snippet:-1","max-image-preview":"max-image-preview:large","max-video-preview":"max-video-preview:-1"},"canonical":"https:\/\/www.inmsol.com\/tr\/producto\/siele-10-sinavi-hazirlik\/","og_locale":"tr_TR","og_type":"article","og_title":"SIELE 10 s\u0131nav\u0131 Haz\u0131rl\u0131k &#8226; iNMSOL","og_description":"SIELE s\u0131nav\u0131n\u0131za her seviyede, ana dili \u0130ngilizce olan \u00f6\u011fretmenlerimizle haz\u0131rlan\u0131n. \u00d6\u011fretmenlerimiz resmi s\u0131nav g\u00f6revlileridir ve bu s\u0131navlarda deneyimlidirler.","og_url":"https:\/\/www.inmsol.com\/tr\/producto\/siele-10-sinavi-hazirlik\/","og_site_name":"iNMSOL","article_publisher":"https:\/\/www.facebook.com\/spanishcourses","article_modified_time":"2026-03-31T16:17:50+00:00","og_image":[{"width":1000,"height":1000,"url":"https:\/\/www.inmsol.com\/wp-content\/uploads\/2023\/01\/Curso-preparacion-SIELE.jpg","type":"image\/jpeg"}],"twitter_misc":{"Tahmini okuma s\u00fcresi":"1 dakika"},"schema":{"@context":"https:\/\/schema.org","@graph":[{"@type":"WebPage","@id":"https:\/\/www.inmsol.com\/tr\/producto\/siele-10-sinavi-hazirlik\/","url":"https:\/\/www.inmsol.com\/tr\/producto\/siele-10-sinavi-hazirlik\/","name":"SIELE 10 s\u0131nav\u0131 Haz\u0131rl\u0131k &#8226; iNMSOL","isPartOf":{"@id":"https:\/\/www.inmsol.com\/tr\/#website"},"primaryImageOfPage":{"@id":"https:\/\/www.inmsol.com\/tr\/producto\/siele-10-sinavi-hazirlik\/#primaryimage"},"image":{"@id":"https:\/\/www.inmsol.com\/tr\/producto\/siele-10-sinavi-hazirlik\/#primaryimage"},"thumbnailUrl":"https:\/\/www.inmsol.com\/wp-content\/uploads\/2023\/01\/Curso-preparacion-SIELE.jpg","datePublished":"2023-01-10T17:18:33+00:00","dateModified":"2026-03-31T16:17:50+00:00","description":"SIELE s\u0131nav\u0131n\u0131za her seviyede, ana dili \u0130ngilizce olan \u00f6\u011fretmenlerimizle haz\u0131rlan\u0131n. \u00d6\u011fretmenlerimiz resmi s\u0131nav g\u00f6revlileridir ve bu s\u0131navlarda deneyimlidirler.","breadcrumb":{"@id":"https:\/\/www.inmsol.com\/tr\/producto\/siele-10-sinavi-hazirlik\/#breadcrumb"},"inLanguage":"tr","potentialAction":[{"@type":"ReadAction","target":["https:\/\/www.inmsol.com\/tr\/producto\/siele-10-sinavi-hazirlik\/"]}]},{"@type":"ImageObject","inLanguage":"tr","@id":"https:\/\/www.inmsol.com\/tr\/producto\/siele-10-sinavi-hazirlik\/#primaryimage","url":"https:\/\/www.inmsol.com\/wp-content\/uploads\/2023\/01\/Curso-preparacion-SIELE.jpg","contentUrl":"https:\/\/www.inmsol.com\/wp-content\/uploads\/2023\/01\/Curso-preparacion-SIELE.jpg","width":1000,"height":1000},{"@type":"BreadcrumbList","@id":"https:\/\/www.inmsol.com\/tr\/producto\/siele-10-sinavi-hazirlik\/#breadcrumb","itemListElement":[{"@type":"ListItem","position":1,"name":"Accredited Center by Instituto Cervantes","item":"https:\/\/www.inmsol.com\/tr\/pagina-ejemplo\/"},{"@type":"ListItem","position":2,"name":"Kurslar","item":"https:\/\/www.inmsol.com\/tr\/kurslar\/"},{"@type":"ListItem","position":3,"name":"SIELE 10 s\u0131nav\u0131 Haz\u0131rl\u0131k"}]},{"@type":"WebSite","@id":"https:\/\/www.inmsol.com\/tr\/#website","url":"https:\/\/www.inmsol.com\/tr\/","name":"iNMSOL","description":"Learn Spanish with Us | Cervantes acredited Learning Centre","publisher":{"@id":"https:\/\/www.inmsol.com\/tr\/#organization"},"potentialAction":[{"@type":"SearchAction","target":{"@type":"EntryPoint","urlTemplate":"https:\/\/www.inmsol.com\/tr\/?s={search_term_string}"},"query-input":{"@type":"PropertyValueSpecification","valueRequired":true,"valueName":"search_term_string"}}],"inLanguage":"tr"},{"@type":"Organization","@id":"https:\/\/www.inmsol.com\/tr\/#organization","name":"Instituto Mediterr\u00e1neo Sol","url":"https:\/\/www.inmsol.com\/tr\/","logo":{"@type":"ImageObject","inLanguage":"tr","@id":"https:\/\/www.inmsol.com\/tr\/#\/schema\/logo\/image\/","url":"https:\/\/www.inmsol.com\/wp-content\/uploads\/2023\/06\/logo-inmsol-1.png","contentUrl":"https:\/\/www.inmsol.com\/wp-content\/uploads\/2023\/06\/logo-inmsol-1.png","width":136,"height":73,"caption":"Instituto Mediterr\u00e1neo Sol"},"image":{"@id":"https:\/\/www.inmsol.com\/tr\/#\/schema\/logo\/image\/"},"sameAs":["https:\/\/www.facebook.com\/spanishcourses","https:\/\/x.com\/StudyInGranada","http:\/\/instagram.com\/imsolgranada","https:\/\/es.linkedin.com\/company\/imsol-granada","https:\/\/www.pinterest.es\/inmsol\/","https:\/\/www.youtube.com\/channel\/UChz-Qn_7coFMosY85iYMO4g"]}]}},"_links":{"self":[{"href":"https:\/\/www.inmsol.com\/tr\/wp-json\/wp\/v2\/product\/69713","targetHints":{"allow":["GET"]}}],"collection":[{"href":"https:\/\/www.inmsol.com\/tr\/wp-json\/wp\/v2\/product"}],"about":[{"href":"https:\/\/www.inmsol.com\/tr\/wp-json\/wp\/v2\/types\/product"}],"wp:featuredmedia":[{"embeddable":true,"href":"https:\/\/www.inmsol.com\/tr\/wp-json\/wp\/v2\/media\/65386"}],"wp:attachment":[{"href":"https:\/\/www.inmsol.com\/tr\/wp-json\/wp\/v2\/media?parent=69713"}],"wp:term":[{"taxonomy":"product_brand","embeddable":true,"href":"https:\/\/www.inmsol.com\/tr\/wp-json\/wp\/v2\/product_brand?post=69713"},{"taxonomy":"product_cat","embeddable":true,"href":"https:\/\/www.inmsol.com\/tr\/wp-json\/wp\/v2\/product_cat?post=69713"},{"taxonomy":"product_tag","embeddable":true,"href":"https:\/\/www.inmsol.com\/tr\/wp-json\/wp\/v2\/product_tag?post=69713"}],"curies":[{"name":"wp","href":"https:\/\/api.w.org\/{rel}","templated":true}]}}