{"id":70183,"date":"2023-01-17T17:25:42","date_gmt":"2023-01-17T16:25:42","guid":{"rendered":"https:\/\/www.inmsol.com\/producto\/dele-a2-nationality\/"},"modified":"2026-04-06T15:48:46","modified_gmt":"2026-04-06T13:48:46","slug":"dele-a2-nationality","status":"publish","type":"product","link":"https:\/\/www.inmsol.com\/tr\/producto\/dele-a2-nationality\/","title":{"rendered":"Vatanda\u015fl\u0131k i\u00e7in DELE A2"},"content":{"rendered":"<p class=\"ds-markdown-paragraph\">G\u00fcnde 2 dersten olu\u015fan, resm\u00ee s\u0131nav g\u00f6revlileri taraf\u0131ndan verilen kurs; i\u00e7eri\u011fi, \u0130spanyol vatanda\u015fl\u0131\u011f\u0131n\u0131 elde etmek i\u00e7in gereken seviye olan A2 d\u00fczeyindeki resm\u00ee DELE (Diploma de Espa\u00f1ol como Lengua Extranjera) s\u0131navlar\u0131 \u00fczerine \u00e7al\u0131\u015fmaya odaklanm\u0131\u015ft\u0131r:<\/p>\n<ul>\n<li class=\"ds-markdown-paragraph\">Okudu\u011funu anlama<\/li>\n<li class=\"ds-markdown-paragraph\">Yaz\u0131l\u0131 anlat\u0131m ve etkile\u015fim<\/li>\n<li class=\"ds-markdown-paragraph\">Dinledi\u011fini anlama<\/li>\n<li class=\"ds-markdown-paragraph\">S\u00f6zl\u00fc anlat\u0131m ve etkile\u015fim<\/li>\n<\/ul>\n<p><a href=\"https:\/\/www.inmsol.com\/wp-content\/uploads\/2023\/01\/4.-Curso-extensivo.jpg\" target=\"_blank\" rel=\"noopener\"><img fetchpriority=\"high\" decoding=\"async\" class=\"aligncenter\" title=\"DELE A2 preparation course Granada\" src=\"https:\/\/www.inmsol.com\/wp-content\/uploads\/2023\/01\/4.-Curso-extensivo.jpg\" alt=\"DELE A2 preparation course\" width=\"1010\" height=\"500\" \/><\/a><\/p>\n<p>Dersler ilk g\u00fcnden itibaren tamamen \u0130spanyolca yap\u0131lmaktad\u0131r. Kay\u0131t \u00fccretine \u00e7evrimi\u00e7i seviye tespit s\u0131nav\u0131, Pazartesi\u2019den Cuma\u2019ya kadar dersler, haftal\u0131k etkinlikler ve kurs sonunda kat\u0131l\u0131m belgesi d\u00e2hildir. Her ders 45 dakika s\u00fcrmektedir.<\/p>\n<style>\n.btn-descarga {<br \/>    display: inline-block !important;<br \/>    background-color: #ad0228 !important;<br \/>    color: white !important;<br \/>    padding: 8px 16px !important;<br \/>    font-size: 14px !important;<br \/>    font-weight: bold !important;<br \/>    text-decoration: none !important;<br \/>    border-radius: 5px !important;<br \/>    transition: background-color 0.3s ease !important;<br \/>    cursor: pointer !important;<br \/>    border: none !important;<br \/>}<\/p>\n<p>.btn-descarga:hover {<br \/>    background-color: #8b0120 !important;<br \/>    color: white !important;<br \/>    text-decoration: none !important;<br \/>}<br \/><\/style>\n<p><a class=\"btn-descarga\" href=\"https:\/\/www.inmsol.com\/wp-content\/uploads\/2026\/03\/Objetivos_contenidos_cursos-especificos_2026_iNMSOL.pdf\" target=\"_blank\" rel=\"noopener\"><br \/>\n\ud83d\udcc4 Kurs \u0130\u00e7eri\u011fi<br \/>\n<\/a><\/p>\n<p>&nbsp;<\/p>\n<p class=\"ds-markdown-paragraph\"><strong>Bu kurs, DELE s\u0131nav kayd\u0131n\u0131 i\u00e7ermemektedir<\/strong>. Ancak, s\u0131nav\u0131 merkezimizde yapman\u0131z i\u00e7in kay\u0131t olman\u0131za yard\u0131mc\u0131 olabiliriz.<\/p>\n<p class=\"ds-markdown-paragraph\"><a href=\"https:\/\/www.inmsol.com\/tr\/bilgeler-ve-kosullar\/\" target=\"_blank\" rel=\"noopener\">Ko\u015fullar\u0131m\u0131z\u0131 ve \u015fartlar\u0131m\u0131z\u0131 kontrol edin<\/a>!<\/p>\n","protected":false},"excerpt":{"rendered":"<p>DELE preparation course of 10 lessons\/week.<\/p>\n","protected":false},"featured_media":68890,"template":"","meta":{"_acf_changed":false},"product_brand":[],"product_cat":[1075,1242],"product_tag":[],"class_list":{"0":"post-70183","1":"product","2":"type-product","3":"status-publish","4":"has-post-thumbnail","6":"product_cat-a2-tr","7":"product_cat-preparacion-dele-tr","9":"first","10":"instock","11":"sold-individually","12":"shipping-taxable","13":"purchasable","14":"product-type-variable"},"acf":[],"yoast_head":"<!-- This site is optimized with the Yoast SEO plugin v27.4 - https:\/\/yoast.com\/product\/yoast-seo-wordpress\/ -->\n<title>Vatanda\u015fl\u0131k i\u00e7in DELE A2 | iNMSOL<\/title>\n<meta name=\"description\" content=\"Prepare your DELE A2 exam for nationality with our native teachers! Take advantage of this special offer during the DELE exam week.\" \/>\n<meta name=\"robots\" content=\"index, follow, max-snippet:-1, max-image-preview:large, max-video-preview:-1\" \/>\n<link rel=\"canonical\" href=\"https:\/\/www.inmsol.com\/tr\/producto\/dele-a2-nationality\/\" \/>\n<meta property=\"og:locale\" content=\"tr_TR\" \/>\n<meta property=\"og:type\" content=\"article\" \/>\n<meta property=\"og:title\" content=\"Vatanda\u015fl\u0131k i\u00e7in DELE A2 | iNMSOL\" \/>\n<meta property=\"og:description\" content=\"Prepare your DELE A2 exam for nationality with our native teachers! Take advantage of this special offer during the DELE exam week.\" \/>\n<meta property=\"og:url\" content=\"https:\/\/www.inmsol.com\/tr\/producto\/dele-a2-nationality\/\" \/>\n<meta property=\"og:site_name\" content=\"iNMSOL\" \/>\n<meta property=\"article:publisher\" content=\"https:\/\/www.facebook.com\/spanishcourses\" \/>\n<meta property=\"article:modified_time\" content=\"2026-04-06T13:48:46+00:00\" \/>\n<meta property=\"og:image\" content=\"https:\/\/www.inmsol.com\/wp-content\/uploads\/2023\/01\/DELE-A2-nacionalidad.jpg\" \/>\n\t<meta property=\"og:image:width\" content=\"1000\" \/>\n\t<meta property=\"og:image:height\" content=\"1000\" \/>\n\t<meta property=\"og:image:type\" content=\"image\/jpeg\" \/>\n<meta name=\"twitter:label1\" content=\"Tahmini okuma s\u00fcresi\" \/>\n\t<meta name=\"twitter:data1\" content=\"1 dakika\" \/>\n<script type=\"application\/ld+json\" class=\"yoast-schema-graph\">{\"@context\":\"https:\\\/\\\/schema.org\",\"@graph\":[{\"@type\":\"WebPage\",\"@id\":\"https:\\\/\\\/www.inmsol.com\\\/tr\\\/producto\\\/dele-a2-nationality\\\/\",\"url\":\"https:\\\/\\\/www.inmsol.com\\\/tr\\\/producto\\\/dele-a2-nationality\\\/\",\"name\":\"Vatanda\u015fl\u0131k i\u00e7in DELE A2 | iNMSOL\",\"isPartOf\":{\"@id\":\"https:\\\/\\\/www.inmsol.com\\\/tr\\\/#website\"},\"primaryImageOfPage\":{\"@id\":\"https:\\\/\\\/www.inmsol.com\\\/tr\\\/producto\\\/dele-a2-nationality\\\/#primaryimage\"},\"image\":{\"@id\":\"https:\\\/\\\/www.inmsol.com\\\/tr\\\/producto\\\/dele-a2-nationality\\\/#primaryimage\"},\"thumbnailUrl\":\"https:\\\/\\\/www.inmsol.com\\\/wp-content\\\/uploads\\\/2023\\\/01\\\/DELE-A2-nacionalidad.jpg\",\"datePublished\":\"2023-01-17T16:25:42+00:00\",\"dateModified\":\"2026-04-06T13:48:46+00:00\",\"description\":\"Prepare your DELE A2 exam for nationality with our native teachers! Take advantage of this special offer during the DELE exam week.\",\"breadcrumb\":{\"@id\":\"https:\\\/\\\/www.inmsol.com\\\/tr\\\/producto\\\/dele-a2-nationality\\\/#breadcrumb\"},\"inLanguage\":\"tr\",\"potentialAction\":[{\"@type\":\"ReadAction\",\"target\":[\"https:\\\/\\\/www.inmsol.com\\\/tr\\\/producto\\\/dele-a2-nationality\\\/\"]}]},{\"@type\":\"ImageObject\",\"inLanguage\":\"tr\",\"@id\":\"https:\\\/\\\/www.inmsol.com\\\/tr\\\/producto\\\/dele-a2-nationality\\\/#primaryimage\",\"url\":\"https:\\\/\\\/www.inmsol.com\\\/wp-content\\\/uploads\\\/2023\\\/01\\\/DELE-A2-nacionalidad.jpg\",\"contentUrl\":\"https:\\\/\\\/www.inmsol.com\\\/wp-content\\\/uploads\\\/2023\\\/01\\\/DELE-A2-nacionalidad.jpg\",\"width\":1000,\"height\":1000},{\"@type\":\"BreadcrumbList\",\"@id\":\"https:\\\/\\\/www.inmsol.com\\\/tr\\\/producto\\\/dele-a2-nationality\\\/#breadcrumb\",\"itemListElement\":[{\"@type\":\"ListItem\",\"position\":1,\"name\":\"Accredited Center by Instituto Cervantes\",\"item\":\"https:\\\/\\\/www.inmsol.com\\\/tr\\\/pagina-ejemplo\\\/\"},{\"@type\":\"ListItem\",\"position\":2,\"name\":\"Kurslar\",\"item\":\"https:\\\/\\\/www.inmsol.com\\\/tr\\\/kurslar\\\/\"},{\"@type\":\"ListItem\",\"position\":3,\"name\":\"Vatanda\u015fl\u0131k i\u00e7in DELE A2\"}]},{\"@type\":\"WebSite\",\"@id\":\"https:\\\/\\\/www.inmsol.com\\\/tr\\\/#website\",\"url\":\"https:\\\/\\\/www.inmsol.com\\\/tr\\\/\",\"name\":\"iNMSOL\",\"description\":\"Learn Spanish with Us | Cervantes acredited Learning Centre\",\"publisher\":{\"@id\":\"https:\\\/\\\/www.inmsol.com\\\/tr\\\/#organization\"},\"potentialAction\":[{\"@type\":\"SearchAction\",\"target\":{\"@type\":\"EntryPoint\",\"urlTemplate\":\"https:\\\/\\\/www.inmsol.com\\\/tr\\\/?s={search_term_string}\"},\"query-input\":{\"@type\":\"PropertyValueSpecification\",\"valueRequired\":true,\"valueName\":\"search_term_string\"}}],\"inLanguage\":\"tr\"},{\"@type\":\"Organization\",\"@id\":\"https:\\\/\\\/www.inmsol.com\\\/tr\\\/#organization\",\"name\":\"Instituto Mediterr\u00e1neo Sol\",\"url\":\"https:\\\/\\\/www.inmsol.com\\\/tr\\\/\",\"logo\":{\"@type\":\"ImageObject\",\"inLanguage\":\"tr\",\"@id\":\"https:\\\/\\\/www.inmsol.com\\\/tr\\\/#\\\/schema\\\/logo\\\/image\\\/\",\"url\":\"https:\\\/\\\/www.inmsol.com\\\/wp-content\\\/uploads\\\/2023\\\/06\\\/logo-inmsol-1.png\",\"contentUrl\":\"https:\\\/\\\/www.inmsol.com\\\/wp-content\\\/uploads\\\/2023\\\/06\\\/logo-inmsol-1.png\",\"width\":136,\"height\":73,\"caption\":\"Instituto Mediterr\u00e1neo Sol\"},\"image\":{\"@id\":\"https:\\\/\\\/www.inmsol.com\\\/tr\\\/#\\\/schema\\\/logo\\\/image\\\/\"},\"sameAs\":[\"https:\\\/\\\/www.facebook.com\\\/spanishcourses\",\"https:\\\/\\\/x.com\\\/StudyInGranada\",\"http:\\\/\\\/instagram.com\\\/imsolgranada\",\"https:\\\/\\\/es.linkedin.com\\\/company\\\/imsol-granada\",\"https:\\\/\\\/www.pinterest.es\\\/inmsol\\\/\",\"https:\\\/\\\/www.youtube.com\\\/channel\\\/UChz-Qn_7coFMosY85iYMO4g\"]}]}<\/script>\n<!-- \/ Yoast SEO plugin. -->","yoast_head_json":{"title":"Vatanda\u015fl\u0131k i\u00e7in DELE A2 | iNMSOL","description":"Prepare your DELE A2 exam for nationality with our native teachers! Take advantage of this special offer during the DELE exam week.","robots":{"index":"index","follow":"follow","max-snippet":"max-snippet:-1","max-image-preview":"max-image-preview:large","max-video-preview":"max-video-preview:-1"},"canonical":"https:\/\/www.inmsol.com\/tr\/producto\/dele-a2-nationality\/","og_locale":"tr_TR","og_type":"article","og_title":"Vatanda\u015fl\u0131k i\u00e7in DELE A2 | iNMSOL","og_description":"Prepare your DELE A2 exam for nationality with our native teachers! Take advantage of this special offer during the DELE exam week.","og_url":"https:\/\/www.inmsol.com\/tr\/producto\/dele-a2-nationality\/","og_site_name":"iNMSOL","article_publisher":"https:\/\/www.facebook.com\/spanishcourses","article_modified_time":"2026-04-06T13:48:46+00:00","og_image":[{"width":1000,"height":1000,"url":"https:\/\/www.inmsol.com\/wp-content\/uploads\/2023\/01\/DELE-A2-nacionalidad.jpg","type":"image\/jpeg"}],"twitter_misc":{"Tahmini okuma s\u00fcresi":"1 dakika"},"schema":{"@context":"https:\/\/schema.org","@graph":[{"@type":"WebPage","@id":"https:\/\/www.inmsol.com\/tr\/producto\/dele-a2-nationality\/","url":"https:\/\/www.inmsol.com\/tr\/producto\/dele-a2-nationality\/","name":"Vatanda\u015fl\u0131k i\u00e7in DELE A2 | iNMSOL","isPartOf":{"@id":"https:\/\/www.inmsol.com\/tr\/#website"},"primaryImageOfPage":{"@id":"https:\/\/www.inmsol.com\/tr\/producto\/dele-a2-nationality\/#primaryimage"},"image":{"@id":"https:\/\/www.inmsol.com\/tr\/producto\/dele-a2-nationality\/#primaryimage"},"thumbnailUrl":"https:\/\/www.inmsol.com\/wp-content\/uploads\/2023\/01\/DELE-A2-nacionalidad.jpg","datePublished":"2023-01-17T16:25:42+00:00","dateModified":"2026-04-06T13:48:46+00:00","description":"Prepare your DELE A2 exam for nationality with our native teachers! Take advantage of this special offer during the DELE exam week.","breadcrumb":{"@id":"https:\/\/www.inmsol.com\/tr\/producto\/dele-a2-nationality\/#breadcrumb"},"inLanguage":"tr","potentialAction":[{"@type":"ReadAction","target":["https:\/\/www.inmsol.com\/tr\/producto\/dele-a2-nationality\/"]}]},{"@type":"ImageObject","inLanguage":"tr","@id":"https:\/\/www.inmsol.com\/tr\/producto\/dele-a2-nationality\/#primaryimage","url":"https:\/\/www.inmsol.com\/wp-content\/uploads\/2023\/01\/DELE-A2-nacionalidad.jpg","contentUrl":"https:\/\/www.inmsol.com\/wp-content\/uploads\/2023\/01\/DELE-A2-nacionalidad.jpg","width":1000,"height":1000},{"@type":"BreadcrumbList","@id":"https:\/\/www.inmsol.com\/tr\/producto\/dele-a2-nationality\/#breadcrumb","itemListElement":[{"@type":"ListItem","position":1,"name":"Accredited Center by Instituto Cervantes","item":"https:\/\/www.inmsol.com\/tr\/pagina-ejemplo\/"},{"@type":"ListItem","position":2,"name":"Kurslar","item":"https:\/\/www.inmsol.com\/tr\/kurslar\/"},{"@type":"ListItem","position":3,"name":"Vatanda\u015fl\u0131k i\u00e7in DELE A2"}]},{"@type":"WebSite","@id":"https:\/\/www.inmsol.com\/tr\/#website","url":"https:\/\/www.inmsol.com\/tr\/","name":"iNMSOL","description":"Learn Spanish with Us | Cervantes acredited Learning Centre","publisher":{"@id":"https:\/\/www.inmsol.com\/tr\/#organization"},"potentialAction":[{"@type":"SearchAction","target":{"@type":"EntryPoint","urlTemplate":"https:\/\/www.inmsol.com\/tr\/?s={search_term_string}"},"query-input":{"@type":"PropertyValueSpecification","valueRequired":true,"valueName":"search_term_string"}}],"inLanguage":"tr"},{"@type":"Organization","@id":"https:\/\/www.inmsol.com\/tr\/#organization","name":"Instituto Mediterr\u00e1neo Sol","url":"https:\/\/www.inmsol.com\/tr\/","logo":{"@type":"ImageObject","inLanguage":"tr","@id":"https:\/\/www.inmsol.com\/tr\/#\/schema\/logo\/image\/","url":"https:\/\/www.inmsol.com\/wp-content\/uploads\/2023\/06\/logo-inmsol-1.png","contentUrl":"https:\/\/www.inmsol.com\/wp-content\/uploads\/2023\/06\/logo-inmsol-1.png","width":136,"height":73,"caption":"Instituto Mediterr\u00e1neo Sol"},"image":{"@id":"https:\/\/www.inmsol.com\/tr\/#\/schema\/logo\/image\/"},"sameAs":["https:\/\/www.facebook.com\/spanishcourses","https:\/\/x.com\/StudyInGranada","http:\/\/instagram.com\/imsolgranada","https:\/\/es.linkedin.com\/company\/imsol-granada","https:\/\/www.pinterest.es\/inmsol\/","https:\/\/www.youtube.com\/channel\/UChz-Qn_7coFMosY85iYMO4g"]}]}},"_links":{"self":[{"href":"https:\/\/www.inmsol.com\/tr\/wp-json\/wp\/v2\/product\/70183","targetHints":{"allow":["GET"]}}],"collection":[{"href":"https:\/\/www.inmsol.com\/tr\/wp-json\/wp\/v2\/product"}],"about":[{"href":"https:\/\/www.inmsol.com\/tr\/wp-json\/wp\/v2\/types\/product"}],"wp:featuredmedia":[{"embeddable":true,"href":"https:\/\/www.inmsol.com\/tr\/wp-json\/wp\/v2\/media\/68890"}],"wp:attachment":[{"href":"https:\/\/www.inmsol.com\/tr\/wp-json\/wp\/v2\/media?parent=70183"}],"wp:term":[{"taxonomy":"product_brand","embeddable":true,"href":"https:\/\/www.inmsol.com\/tr\/wp-json\/wp\/v2\/product_brand?post=70183"},{"taxonomy":"product_cat","embeddable":true,"href":"https:\/\/www.inmsol.com\/tr\/wp-json\/wp\/v2\/product_cat?post=70183"},{"taxonomy":"product_tag","embeddable":true,"href":"https:\/\/www.inmsol.com\/tr\/wp-json\/wp\/v2\/product_tag?post=70183"}],"curies":[{"name":"wp","href":"https:\/\/api.w.org\/{rel}","templated":true}]}}